{"id":24223,"date":"2018-01-09T00:00:00","date_gmt":"2019-03-31T22:00:00","guid":{"rendered":"https:\/\/promz.be\/?post_type=product&#038;p=24223"},"modified":"2019-07-18T16:09:19","modified_gmt":"2019-07-18T14:09:19","slug":"sweater-capuche-full-zip-arora","status":"publish","type":"product","link":"https:\/\/promz.be\/fr\/product\/sweater-capuche-full-zip-arora\/","title":{"rendered":"Sweater capuche full zip Arora"},"content":{"rendered":"<h2>Sweater capuche full zip Arora<\/h2>\n<p>Panneaux lat\u00e9raux, c\u00f4tes en tricot plat.Poignets c\u00f4tes en tricot plat.Ourlet du bas en c\u00f4te tricot plat.Cordon de serrage \u00e0 la capuche.Poche kangourou.Demi-lune.Doublure en jersey \u00e0 l&#8217;int\u00e9rieur de la capuche.Oeillets argent vieilli avec logo grav\u00e9.Bande de propret\u00e9 en satin.Bande en chevron de couleur contrast\u00e9e. Tricot 80% coton et 20% polyester, int\u00e9rieur bross\u00e9. 300 g\/m\u00b2.<\/p>\n","protected":false},"excerpt":{"rendered":"<h2>Sweater capuche full zip Arora<\/h2>\n<p>Panneaux lat\u00e9raux, c\u00f4tes en tricot plat.Poignets c\u00f4tes en tricot plat.Ourlet du bas en c\u00f4te tricot plat.Cordon de serrage \u00e0 la capuche.Poche kangourou.Demi-lune.Doublure en jersey \u00e0 l&#8217;int\u00e9rieur de la capuche.Oeillets argent vieilli avec logo grav\u00e9.Bande de propret\u00e9 en satin.Bande en chevron de couleur contrast\u00e9e. Tricot 80% coton et 20% polyester, int\u00e9rieur bross\u00e9. 300 g\/m\u00b2. [&#8230;]<\/p>\n<p><a class=\"btn btn-secondary understrap-read-more-link\" href=\"https:\/\/promz.be\/fr\/product\/sweater-capuche-full-zip-arora\/\">Lire la suite&#8230;<\/a><\/p>\n","protected":false},"featured_media":23477,"comment_status":"closed","ping_status":"closed","template":"","meta":[],"product_cat":[955,967],"product_tag":[],"_links":{"self":[{"href":"https:\/\/promz.be\/fr\/wp-json\/wp\/v2\/product\/24223"}],"collection":[{"href":"https:\/\/promz.be\/fr\/wp-json\/wp\/v2\/product"}],"about":[{"href":"https:\/\/promz.be\/fr\/wp-json\/wp\/v2\/types\/product"}],"replies":[{"embeddable":true,"href":"https:\/\/promz.be\/fr\/wp-json\/wp\/v2\/comments?post=24223"}],"wp:featuredmedia":[{"embeddable":true,"href":"https:\/\/promz.be\/fr\/wp-json\/wp\/v2\/media\/23477"}],"wp:attachment":[{"href":"https:\/\/promz.be\/fr\/wp-json\/wp\/v2\/media?parent=24223"}],"wp:term":[{"taxonomy":"product_cat","embeddable":true,"href":"https:\/\/promz.be\/fr\/wp-json\/wp\/v2\/product_cat?post=24223"},{"taxonomy":"product_tag","embeddable":true,"href":"https:\/\/promz.be\/fr\/wp-json\/wp\/v2\/product_tag?post=24223"}],"curies":[{"name":"wp","href":"https:\/\/api.w.org\/{rel}","templated":true}]}}