{"id":24225,"date":"2018-01-16T00:00:00","date_gmt":"2019-03-31T22:00:00","guid":{"rendered":"https:\/\/promz.be\/?post_type=product&#038;p=24225"},"modified":"2019-07-18T16:06:07","modified_gmt":"2019-07-18T14:06:07","slug":"accroche-sac-atlantis","status":"publish","type":"product","link":"https:\/\/promz.be\/fr\/product\/accroche-sac-atlantis\/","title":{"rendered":"Accroche-sac Atlantis"},"content":{"rendered":"<h2>Accroche-sac Atlantis<\/h2>\n<p>Cet accroche-sac pliable gardera votre sac propre et \u00e0 port\u00e9e de mains. Il peut \u00eatre fix\u00e9 au bord d&#8217;une surface plane et porter jusqu&#8217;\u00e0 4,5 kg. Alliage zinc.<\/p>\n","protected":false},"excerpt":{"rendered":"<h2>Accroche-sac Atlantis<\/h2>\n<p>Cet accroche-sac pliable gardera votre sac propre et \u00e0 port\u00e9e de mains. Il peut \u00eatre fix\u00e9 au bord d&#8217;une surface plane et porter jusqu&#8217;\u00e0 4,5 kg. Alliage zinc. [&#8230;]<\/p>\n<p><a class=\"btn btn-secondary understrap-read-more-link\" href=\"https:\/\/promz.be\/fr\/product\/accroche-sac-atlantis\/\">Lire la suite&#8230;<\/a><\/p>\n","protected":false},"featured_media":23499,"comment_status":"closed","ping_status":"closed","template":"","meta":[],"product_cat":[1014,954],"product_tag":[],"_links":{"self":[{"href":"https:\/\/promz.be\/fr\/wp-json\/wp\/v2\/product\/24225"}],"collection":[{"href":"https:\/\/promz.be\/fr\/wp-json\/wp\/v2\/product"}],"about":[{"href":"https:\/\/promz.be\/fr\/wp-json\/wp\/v2\/types\/product"}],"replies":[{"embeddable":true,"href":"https:\/\/promz.be\/fr\/wp-json\/wp\/v2\/comments?post=24225"}],"wp:featuredmedia":[{"embeddable":true,"href":"https:\/\/promz.be\/fr\/wp-json\/wp\/v2\/media\/23499"}],"wp:attachment":[{"href":"https:\/\/promz.be\/fr\/wp-json\/wp\/v2\/media?parent=24225"}],"wp:term":[{"taxonomy":"product_cat","embeddable":true,"href":"https:\/\/promz.be\/fr\/wp-json\/wp\/v2\/product_cat?post=24225"},{"taxonomy":"product_tag","embeddable":true,"href":"https:\/\/promz.be\/fr\/wp-json\/wp\/v2\/product_tag?post=24225"}],"curies":[{"name":"wp","href":"https:\/\/api.w.org\/{rel}","templated":true}]}}