{"id":24226,"date":"2018-01-17T00:00:00","date_gmt":"2019-03-31T22:00:00","guid":{"rendered":"https:\/\/promz.be\/?post_type=product&#038;p=24226"},"modified":"2019-07-18T16:04:41","modified_gmt":"2019-07-18T14:04:41","slug":"batterie-de-secours-4000-mah-austin","status":"publish","type":"product","link":"https:\/\/promz.be\/fr\/product\/batterie-de-secours-4000-mah-austin\/","title":{"rendered":"Batterie de secours 4000 mAh Austin"},"content":{"rendered":"<h2>Batterie de secours 4000 mAh Austin<\/h2>\n<p>Batterie rechargeable de 4000 mAh lithium polym\u00e8re de Grade A suffisante pour recharger les smartphones, les lecteurs MP3 et plus. Cette batterie de secours r\u00e9utilisable se charge via le c\u00e2ble USB (fourni) qui peut \u00eatre utilis\u00e9 pour recharger la batterie de secours ou pour charger des p\u00e9riph\u00e9riques dot\u00e9s d\u2019une entr\u00e9e Micro USB tels que les smartphones Android de Samsung, Motorola, HT, Nokia et autres. Quatre LED bleues s\u2019allument pour indiquer le niveau de charge. Entr\u00e9e : 5V 1000mA. Sortie : 5V 1000mA. Plastique.<\/p>\n","protected":false},"excerpt":{"rendered":"<h2>Batterie de secours 4000 mAh Austin<\/h2>\n<p>Batterie rechargeable de 4000 mAh lithium polym\u00e8re de Grade A suffisante pour recharger les smartphones, les lecteurs MP3 et plus. Cette batterie de secours r\u00e9utilisable se charge via le c\u00e2ble USB (fourni) qui peut \u00eatre utilis\u00e9 pour recharger la batterie de secours ou pour charger des p\u00e9riph\u00e9riques dot\u00e9s d\u2019une entr\u00e9e Micro USB tels que les smartphones Android de Samsung, Motorola, HT, Nokia et autres. Quatre LED bleues s\u2019allument pour indiquer le niveau de charge. Entr\u00e9e : 5V 1000mA. Sortie : 5V 1000mA. Plastique. [&#8230;]<\/p>\n<p><a class=\"btn btn-secondary understrap-read-more-link\" href=\"https:\/\/promz.be\/fr\/product\/batterie-de-secours-4000-mah-austin\/\">Lire la suite&#8230;<\/a><\/p>\n","protected":false},"featured_media":23510,"comment_status":"closed","ping_status":"closed","template":"","meta":[],"product_cat":[1006,956],"product_tag":[],"_links":{"self":[{"href":"https:\/\/promz.be\/fr\/wp-json\/wp\/v2\/product\/24226"}],"collection":[{"href":"https:\/\/promz.be\/fr\/wp-json\/wp\/v2\/product"}],"about":[{"href":"https:\/\/promz.be\/fr\/wp-json\/wp\/v2\/types\/product"}],"replies":[{"embeddable":true,"href":"https:\/\/promz.be\/fr\/wp-json\/wp\/v2\/comments?post=24226"}],"wp:featuredmedia":[{"embeddable":true,"href":"https:\/\/promz.be\/fr\/wp-json\/wp\/v2\/media\/23510"}],"wp:attachment":[{"href":"https:\/\/promz.be\/fr\/wp-json\/wp\/v2\/media?parent=24226"}],"wp:term":[{"taxonomy":"product_cat","embeddable":true,"href":"https:\/\/promz.be\/fr\/wp-json\/wp\/v2\/product_cat?post=24226"},{"taxonomy":"product_tag","embeddable":true,"href":"https:\/\/promz.be\/fr\/wp-json\/wp\/v2\/product_tag?post=24226"}],"curies":[{"name":"wp","href":"https:\/\/api.w.org\/{rel}","templated":true}]}}