{"id":24227,"date":"2018-01-19T00:00:00","date_gmt":"2019-03-31T22:00:00","guid":{"rendered":"https:\/\/promz.be\/?post_type=product&#038;p=24227"},"modified":"2019-07-18T16:59:57","modified_gmt":"2019-07-18T14:59:57","slug":"doudoune-hybride-banff","status":"publish","type":"product","link":"https:\/\/promz.be\/fr\/product\/doudoune-hybride-banff\/","title":{"rendered":"Doudoune hybride Banff"},"content":{"rendered":"<h2>Doudoune hybride Banff<\/h2>\n<p>Rabat-temp\u00eate int\u00e9rieur avec prot\u00e8ge-menton.Port de sortie m\u00e9dias \u00e0 l&#8217;int\u00e9rieur avec un guide-cordon.Ourlet plongeant \u00e0 l&#8217;arri\u00e8re.Serrage \u00e9lastique de couleur contrast\u00e9e.Passepoils.D\u00e9tails r\u00e9fl\u00e9chissants.Zip m\u00e9tallique expos\u00e9 devant au centre avec ruban de contraste.Zipper prise en main facile.Boucle de suspension dans le col.\u00c9tiquette principale en transfert pour un meilleur confort.<\/p>\n<p><span style=\"font-size: 1rem\">100 % Nylon dull tiss\u00e9 380 T, imperm\u00e9able.Tissu contrast\u00e9: 94% polyester, 6% \u00e9lasthanne avec finition hydrofuge. 38 g\/m\u00b2.<\/span><\/p>\n","protected":false},"excerpt":{"rendered":"<h2>Doudoune hybride Banff<\/h2>\n<p><span style=\"font-size: 1rem\">Rabat-temp\u00eate int\u00e9rieur avec prot\u00e8ge-menton.Port de sortie m\u00e9dias \u00e0 l&#8217;int\u00e9rieur avec un guide-cordon.Ourlet plongeant \u00e0 l&#8217;arri\u00e8re.Serrage \u00e9lastique de couleur contrast\u00e9e.Passepoils.D\u00e9tails r\u00e9fl\u00e9chissants.Zip m\u00e9tallique expos\u00e9 devant au centre avec ruban de contraste.Zipper prise en main facile.Boucle de suspension dans le col.\u00c9tiquette principale en transfert pour un meilleur confort. 100 % Nylon dull tiss\u00e9 380 T, imperm\u00e9able.Tissu contrast\u00e9: 94% polyester, 6% \u00e9lasthanne avec finition hydrofuge. 38 g\/m\u00b2.<\/span> [&#8230;]<\/p>\n<p><a class=\"btn btn-secondary understrap-read-more-link\" href=\"https:\/\/promz.be\/fr\/product\/doudoune-hybride-banff\/\">Lire la suite&#8230;<\/a><\/p>\n","protected":false},"featured_media":23521,"comment_status":"closed","ping_status":"closed","template":"","meta":[],"product_cat":[955,967],"product_tag":[],"_links":{"self":[{"href":"https:\/\/promz.be\/fr\/wp-json\/wp\/v2\/product\/24227"}],"collection":[{"href":"https:\/\/promz.be\/fr\/wp-json\/wp\/v2\/product"}],"about":[{"href":"https:\/\/promz.be\/fr\/wp-json\/wp\/v2\/types\/product"}],"replies":[{"embeddable":true,"href":"https:\/\/promz.be\/fr\/wp-json\/wp\/v2\/comments?post=24227"}],"wp:featuredmedia":[{"embeddable":true,"href":"https:\/\/promz.be\/fr\/wp-json\/wp\/v2\/media\/23521"}],"wp:attachment":[{"href":"https:\/\/promz.be\/fr\/wp-json\/wp\/v2\/media?parent=24227"}],"wp:term":[{"taxonomy":"product_cat","embeddable":true,"href":"https:\/\/promz.be\/fr\/wp-json\/wp\/v2\/product_cat?post=24227"},{"taxonomy":"product_tag","embeddable":true,"href":"https:\/\/promz.be\/fr\/wp-json\/wp\/v2\/product_tag?post=24227"}],"curies":[{"name":"wp","href":"https:\/\/api.w.org\/{rel}","templated":true}]}}