{"id":24228,"date":"2018-01-23T00:00:00","date_gmt":"2019-03-31T22:00:00","guid":{"rendered":"https:\/\/promz.be\/?post_type=product&#038;p=24228"},"modified":"2019-07-18T15:58:05","modified_gmt":"2019-07-18T13:58:05","slug":"bloc-notes-a5-bardi","status":"publish","type":"product","link":"https:\/\/promz.be\/fr\/product\/bloc-notes-a5-bardi\/","title":{"rendered":"Bloc-notes A5 Bardi"},"content":{"rendered":"<h2>Bloc-notes A5 Bardi<\/h2>\n<p>Carnet de notes reli\u00e9 A5 imitation bois. Comprend un stylo \u00e0 bille en plastique et 80 pages beiges lign\u00e9es (70 g\/m\u00b2). Papier.<\/p>\n","protected":false},"excerpt":{"rendered":"<h2>Bloc-notes A5 Bardi<\/h2>\n<p>Carnet de notes reli\u00e9 A5 imitation bois. Comprend un stylo \u00e0 bille en plastique et 80 pages beiges lign\u00e9es (70 g\/m\u00b2). Papier. [&#8230;]<\/p>\n<p><a class=\"btn btn-secondary understrap-read-more-link\" href=\"https:\/\/promz.be\/fr\/product\/bloc-notes-a5-bardi\/\">Lire la suite&#8230;<\/a><\/p>\n","protected":false},"featured_media":23532,"comment_status":"closed","ping_status":"closed","template":"","meta":[],"product_cat":[951,1004],"product_tag":[],"_links":{"self":[{"href":"https:\/\/promz.be\/fr\/wp-json\/wp\/v2\/product\/24228"}],"collection":[{"href":"https:\/\/promz.be\/fr\/wp-json\/wp\/v2\/product"}],"about":[{"href":"https:\/\/promz.be\/fr\/wp-json\/wp\/v2\/types\/product"}],"replies":[{"embeddable":true,"href":"https:\/\/promz.be\/fr\/wp-json\/wp\/v2\/comments?post=24228"}],"wp:featuredmedia":[{"embeddable":true,"href":"https:\/\/promz.be\/fr\/wp-json\/wp\/v2\/media\/23532"}],"wp:attachment":[{"href":"https:\/\/promz.be\/fr\/wp-json\/wp\/v2\/media?parent=24228"}],"wp:term":[{"taxonomy":"product_cat","embeddable":true,"href":"https:\/\/promz.be\/fr\/wp-json\/wp\/v2\/product_cat?post=24228"},{"taxonomy":"product_tag","embeddable":true,"href":"https:\/\/promz.be\/fr\/wp-json\/wp\/v2\/product_tag?post=24228"}],"curies":[{"name":"wp","href":"https:\/\/api.w.org\/{rel}","templated":true}]}}