{"id":24229,"date":"2018-01-29T00:00:00","date_gmt":"2019-03-31T22:00:00","guid":{"rendered":"https:\/\/promz.be\/?post_type=product&#038;p=24229"},"modified":"2019-07-18T15:53:36","modified_gmt":"2019-07-18T13:53:36","slug":"parapluie-automatique-23-barry","status":"publish","type":"product","link":"https:\/\/promz.be\/fr\/product\/parapluie-automatique-23-barry\/","title":{"rendered":"Parapluie automatique 23&#8243; Barry"},"content":{"rendered":"<h2>Parapluie automatique 23&#8243; Barry<\/h2>\n<p>Parapluie 23&#8243; avec m\u00e2t et baleines en m\u00e9tal, poign\u00e9e en plastique. Polyester.<\/p>\n","protected":false},"excerpt":{"rendered":"<h2>Parapluie automatique 23&#8243; Barry<\/h2>\n<p>Parapluie 23&#8243; avec m\u00e2t et baleines en m\u00e9tal, poign\u00e9e en plastique. Polyester. [&#8230;]<\/p>\n<p><a class=\"btn btn-secondary understrap-read-more-link\" href=\"https:\/\/promz.be\/fr\/product\/parapluie-automatique-23-barry\/\">Lire la suite&#8230;<\/a><\/p>\n","protected":false},"featured_media":23543,"comment_status":"closed","ping_status":"closed","template":"","meta":[],"product_cat":[952,1009],"product_tag":[],"_links":{"self":[{"href":"https:\/\/promz.be\/fr\/wp-json\/wp\/v2\/product\/24229"}],"collection":[{"href":"https:\/\/promz.be\/fr\/wp-json\/wp\/v2\/product"}],"about":[{"href":"https:\/\/promz.be\/fr\/wp-json\/wp\/v2\/types\/product"}],"replies":[{"embeddable":true,"href":"https:\/\/promz.be\/fr\/wp-json\/wp\/v2\/comments?post=24229"}],"wp:featuredmedia":[{"embeddable":true,"href":"https:\/\/promz.be\/fr\/wp-json\/wp\/v2\/media\/23543"}],"wp:attachment":[{"href":"https:\/\/promz.be\/fr\/wp-json\/wp\/v2\/media?parent=24229"}],"wp:term":[{"taxonomy":"product_cat","embeddable":true,"href":"https:\/\/promz.be\/fr\/wp-json\/wp\/v2\/product_cat?post=24229"},{"taxonomy":"product_tag","embeddable":true,"href":"https:\/\/promz.be\/fr\/wp-json\/wp\/v2\/product_tag?post=24229"}],"curies":[{"name":"wp","href":"https:\/\/api.w.org\/{rel}","templated":true}]}}