{"id":24230,"date":"2018-01-31T00:00:00","date_gmt":"2019-03-31T22:00:00","guid":{"rendered":"https:\/\/promz.be\/?post_type=product&#038;p=24230"},"modified":"2019-07-18T15:51:17","modified_gmt":"2019-07-18T13:51:17","slug":"mug-isotherme-barstow","status":"publish","type":"product","link":"https:\/\/promz.be\/fr\/product\/mug-isotherme-barstow\/","title":{"rendered":"Mug isotherme Barstow"},"content":{"rendered":"<h2>Mug isotherme Barstow<\/h2>\n<p>Fait d&#8217;acier inoxydable avec couvercle de fermeture, ce mug de 290 ml est id\u00e9al pour garder vos mains fra\u00eeches et votre boisson chaude. Ext\u00e9rieur et int\u00e9rieur en acier inoxydable.<\/p>\n","protected":false},"excerpt":{"rendered":"<h2>Mug isotherme Barstow<\/h2>\n<p>Fait d&#8217;acier inoxydable avec couvercle de fermeture, ce mug de 290 ml est id\u00e9al pour garder vos mains fra\u00eeches et votre boisson chaude. Ext\u00e9rieur et int\u00e9rieur en acier inoxydable. [&#8230;]<\/p>\n<p><a class=\"btn btn-secondary understrap-read-more-link\" href=\"https:\/\/promz.be\/fr\/product\/mug-isotherme-barstow\/\">Lire la suite&#8230;<\/a><\/p>\n","protected":false},"featured_media":23554,"comment_status":"closed","ping_status":"closed","template":"","meta":[],"product_cat":[947,1027,968],"product_tag":[],"_links":{"self":[{"href":"https:\/\/promz.be\/fr\/wp-json\/wp\/v2\/product\/24230"}],"collection":[{"href":"https:\/\/promz.be\/fr\/wp-json\/wp\/v2\/product"}],"about":[{"href":"https:\/\/promz.be\/fr\/wp-json\/wp\/v2\/types\/product"}],"replies":[{"embeddable":true,"href":"https:\/\/promz.be\/fr\/wp-json\/wp\/v2\/comments?post=24230"}],"wp:featuredmedia":[{"embeddable":true,"href":"https:\/\/promz.be\/fr\/wp-json\/wp\/v2\/media\/23554"}],"wp:attachment":[{"href":"https:\/\/promz.be\/fr\/wp-json\/wp\/v2\/media?parent=24230"}],"wp:term":[{"taxonomy":"product_cat","embeddable":true,"href":"https:\/\/promz.be\/fr\/wp-json\/wp\/v2\/product_cat?post=24230"},{"taxonomy":"product_tag","embeddable":true,"href":"https:\/\/promz.be\/fr\/wp-json\/wp\/v2\/product_tag?post=24230"}],"curies":[{"name":"wp","href":"https:\/\/api.w.org\/{rel}","templated":true}]}}