{"id":24232,"date":"2018-05-23T00:00:00","date_gmt":"2019-03-31T22:00:00","guid":{"rendered":"https:\/\/promz.be\/?post_type=product&#038;p=24232"},"modified":"2019-07-18T14:45:35","modified_gmt":"2019-07-18T12:45:35","slug":"sac-a-dos-pour-ordinateur-portable-15-benton","status":"publish","type":"product","link":"https:\/\/promz.be\/fr\/product\/sac-a-dos-pour-ordinateur-portable-15-benton\/","title":{"rendered":"Sac \u00e0 dos pour ordinateur portable 15&#8243; Benton"},"content":{"rendered":"<h2>Sac \u00e0 dos pour ordinateur portable 15&#8243; Benton<\/h2>\n<p>Compartiment principal zipp\u00e9 compatible avec la plupart des ordinateurs portables de 15&#8243; et compartiment matelass\u00e9 pour votre iPad ou votre tablette. Grande poche frontale zipp\u00e9e avec rangement et acc\u00e8s aux \u00e9couteurs. Dispose de deux poches lat\u00e9rales. Poign\u00e9e de transport renforc\u00e9e et bretelles matelass\u00e9es r\u00e9glables. Accessoires non fournis. Polyester 600D.<\/p>\n","protected":false},"excerpt":{"rendered":"<h2>Sac \u00e0 dos pour ordinateur portable 15&#8243; Benton<\/h2>\n<p>Compartiment principal zipp\u00e9 compatible avec la plupart des ordinateurs portables de 15&#8243; et compartiment matelass\u00e9 pour votre iPad ou votre tablette. Grande poche frontale zipp\u00e9e avec rangement et acc\u00e8s aux \u00e9couteurs. Dispose de deux poches lat\u00e9rales. Poign\u00e9e de transport renforc\u00e9e et bretelles matelass\u00e9es r\u00e9glables. Accessoires non fournis. Polyester 600D. [&#8230;]<\/p>\n<p><a class=\"btn btn-secondary understrap-read-more-link\" href=\"https:\/\/promz.be\/fr\/product\/sac-a-dos-pour-ordinateur-portable-15-benton\/\">Lire la suite&#8230;<\/a><\/p>\n","protected":false},"featured_media":23576,"comment_status":"closed","ping_status":"closed","template":"","meta":[],"product_cat":[978,954],"product_tag":[],"_links":{"self":[{"href":"https:\/\/promz.be\/fr\/wp-json\/wp\/v2\/product\/24232"}],"collection":[{"href":"https:\/\/promz.be\/fr\/wp-json\/wp\/v2\/product"}],"about":[{"href":"https:\/\/promz.be\/fr\/wp-json\/wp\/v2\/types\/product"}],"replies":[{"embeddable":true,"href":"https:\/\/promz.be\/fr\/wp-json\/wp\/v2\/comments?post=24232"}],"wp:featuredmedia":[{"embeddable":true,"href":"https:\/\/promz.be\/fr\/wp-json\/wp\/v2\/media\/23576"}],"wp:attachment":[{"href":"https:\/\/promz.be\/fr\/wp-json\/wp\/v2\/media?parent=24232"}],"wp:term":[{"taxonomy":"product_cat","embeddable":true,"href":"https:\/\/promz.be\/fr\/wp-json\/wp\/v2\/product_cat?post=24232"},{"taxonomy":"product_tag","embeddable":true,"href":"https:\/\/promz.be\/fr\/wp-json\/wp\/v2\/product_tag?post=24232"}],"curies":[{"name":"wp","href":"https:\/\/api.w.org\/{rel}","templated":true}]}}