{"id":24234,"date":"2018-06-12T00:00:00","date_gmt":"2019-03-31T22:00:00","guid":{"rendered":"https:\/\/promz.be\/?post_type=product&#038;p=24234"},"modified":"2019-07-18T14:19:00","modified_gmt":"2019-07-18T12:19:00","slug":"sac-de-convention-bloomington","status":"publish","type":"product","link":"https:\/\/promz.be\/fr\/product\/sac-de-convention-bloomington\/","title":{"rendered":"Sac de convention Bloomington"},"content":{"rendered":"<h2>Sac de convention Bloomington<\/h2>\n<p>Sac fourre-tout bon march\u00e9 pour les salons, les congr\u00e8s et les r\u00e9unions d&#8217;affaires pr\u00e9sentant des teintes rafra\u00eechissantes et des couleurs aux tendances populaires. Compartiment principal ouvert et boucle de stylo sur le devant. Hauteur de poign\u00e9e de 30 cm. Accessoires non fournis. Polyester 600D.<\/p>\n","protected":false},"excerpt":{"rendered":"<h2>Sac de convention Bloomington<\/h2>\n<p>Sac fourre-tout bon march\u00e9 pour les salons, les congr\u00e8s et les r\u00e9unions d&#8217;affaires pr\u00e9sentant des teintes rafra\u00eechissantes et des couleurs aux tendances populaires. Compartiment principal ouvert et boucle de stylo sur le devant. Hauteur de poign\u00e9e de 30 cm. Accessoires non fournis. Polyester 600D. [&#8230;]<\/p>\n<p><a class=\"btn btn-secondary understrap-read-more-link\" href=\"https:\/\/promz.be\/fr\/product\/sac-de-convention-bloomington\/\">Lire la suite&#8230;<\/a><\/p>\n","protected":false},"featured_media":23598,"comment_status":"closed","ping_status":"closed","template":"","meta":[],"product_cat":[978,954],"product_tag":[],"_links":{"self":[{"href":"https:\/\/promz.be\/fr\/wp-json\/wp\/v2\/product\/24234"}],"collection":[{"href":"https:\/\/promz.be\/fr\/wp-json\/wp\/v2\/product"}],"about":[{"href":"https:\/\/promz.be\/fr\/wp-json\/wp\/v2\/types\/product"}],"replies":[{"embeddable":true,"href":"https:\/\/promz.be\/fr\/wp-json\/wp\/v2\/comments?post=24234"}],"wp:featuredmedia":[{"embeddable":true,"href":"https:\/\/promz.be\/fr\/wp-json\/wp\/v2\/media\/23598"}],"wp:attachment":[{"href":"https:\/\/promz.be\/fr\/wp-json\/wp\/v2\/media?parent=24234"}],"wp:term":[{"taxonomy":"product_cat","embeddable":true,"href":"https:\/\/promz.be\/fr\/wp-json\/wp\/v2\/product_cat?post=24234"},{"taxonomy":"product_tag","embeddable":true,"href":"https:\/\/promz.be\/fr\/wp-json\/wp\/v2\/product_tag?post=24234"}],"curies":[{"name":"wp","href":"https:\/\/api.w.org\/{rel}","templated":true}]}}