{"id":24237,"date":"2018-03-20T00:00:00","date_gmt":"2019-03-31T22:00:00","guid":{"rendered":"https:\/\/promz.be\/?post_type=product&#038;p=24237"},"modified":"2019-07-18T16:35:34","modified_gmt":"2019-07-18T14:35:34","slug":"sac-a-dos-running","status":"publish","type":"product","link":"https:\/\/promz.be\/fr\/product\/sac-a-dos-running\/","title":{"rendered":"Sac \u00e0 dos Running"},"content":{"rendered":"<h2>Sac \u00e0 dos Running<\/h2>\n<p>Compartiment principal zipp\u00e9. Poche frontale zipp\u00e9e avec rangement. Poche lat\u00e9rale en maille filet. Bandouli\u00e8res matelass\u00e9es ajustables. Polyester 600D et polypropyl\u00e8ne non tiss\u00e9 80 gr.<\/p>\n","protected":false},"excerpt":{"rendered":"<h2>Sac \u00e0 dos Running<\/h2>\n<p>Compartiment principal zipp\u00e9. Poche frontale zipp\u00e9e avec rangement. Poche lat\u00e9rale en maille filet. Bandouli\u00e8res matelass\u00e9es ajustables. Polyester 600D et polypropyl\u00e8ne non tiss\u00e9 80 gr. [&#8230;]<\/p>\n<p><a class=\"btn btn-secondary understrap-read-more-link\" href=\"https:\/\/promz.be\/fr\/product\/sac-a-dos-running\/\">Lire la suite&#8230;<\/a><\/p>\n","protected":false},"featured_media":23631,"comment_status":"closed","ping_status":"closed","template":"","meta":[],"product_cat":[978,954],"product_tag":[],"_links":{"self":[{"href":"https:\/\/promz.be\/fr\/wp-json\/wp\/v2\/product\/24237"}],"collection":[{"href":"https:\/\/promz.be\/fr\/wp-json\/wp\/v2\/product"}],"about":[{"href":"https:\/\/promz.be\/fr\/wp-json\/wp\/v2\/types\/product"}],"replies":[{"embeddable":true,"href":"https:\/\/promz.be\/fr\/wp-json\/wp\/v2\/comments?post=24237"}],"wp:featuredmedia":[{"embeddable":true,"href":"https:\/\/promz.be\/fr\/wp-json\/wp\/v2\/media\/23631"}],"wp:attachment":[{"href":"https:\/\/promz.be\/fr\/wp-json\/wp\/v2\/media?parent=24237"}],"wp:term":[{"taxonomy":"product_cat","embeddable":true,"href":"https:\/\/promz.be\/fr\/wp-json\/wp\/v2\/product_cat?post=24237"},{"taxonomy":"product_tag","embeddable":true,"href":"https:\/\/promz.be\/fr\/wp-json\/wp\/v2\/product_tag?post=24237"}],"curies":[{"name":"wp","href":"https:\/\/api.w.org\/{rel}","templated":true}]}}