{"id":24238,"date":"2018-03-22T00:00:00","date_gmt":"2019-03-31T22:00:00","guid":{"rendered":"https:\/\/promz.be\/?post_type=product&#038;p=24238"},"modified":"2019-07-18T15:43:16","modified_gmt":"2019-07-18T13:43:16","slug":"sac-a-dos-boulder","status":"publish","type":"product","link":"https:\/\/promz.be\/fr\/product\/sac-a-dos-boulder\/","title":{"rendered":"Sac \u00e0 dos Boulder"},"content":{"rendered":"<h2>Sac \u00e0 dos Boulder<\/h2>\n<p>Large compartiment principal zipp\u00e9 avec poche int\u00e9rieure. Poche frontale avec fermeture verticale zipp\u00e9e . Bretelles r\u00e9glables rembourr\u00e9es et poign\u00e9e de transport sup\u00e9rieure arm\u00e9e. Polyester 600D.<\/p>\n","protected":false},"excerpt":{"rendered":"<h2>Sac \u00e0 dos Boulder<\/h2>\n<p>Large compartiment principal zipp\u00e9 avec poche int\u00e9rieure. Poche frontale avec fermeture verticale zipp\u00e9e . Bretelles r\u00e9glables rembourr\u00e9es et poign\u00e9e de transport sup\u00e9rieure arm\u00e9e. Polyester 600D. [&#8230;]<\/p>\n<p><a class=\"btn btn-secondary understrap-read-more-link\" href=\"https:\/\/promz.be\/fr\/product\/sac-a-dos-boulder\/\">Lire la suite&#8230;<\/a><\/p>\n","protected":false},"featured_media":23642,"comment_status":"closed","ping_status":"closed","template":"","meta":[],"product_cat":[978,954],"product_tag":[],"_links":{"self":[{"href":"https:\/\/promz.be\/fr\/wp-json\/wp\/v2\/product\/24238"}],"collection":[{"href":"https:\/\/promz.be\/fr\/wp-json\/wp\/v2\/product"}],"about":[{"href":"https:\/\/promz.be\/fr\/wp-json\/wp\/v2\/types\/product"}],"replies":[{"embeddable":true,"href":"https:\/\/promz.be\/fr\/wp-json\/wp\/v2\/comments?post=24238"}],"wp:featuredmedia":[{"embeddable":true,"href":"https:\/\/promz.be\/fr\/wp-json\/wp\/v2\/media\/23642"}],"wp:attachment":[{"href":"https:\/\/promz.be\/fr\/wp-json\/wp\/v2\/media?parent=24238"}],"wp:term":[{"taxonomy":"product_cat","embeddable":true,"href":"https:\/\/promz.be\/fr\/wp-json\/wp\/v2\/product_cat?post=24238"},{"taxonomy":"product_tag","embeddable":true,"href":"https:\/\/promz.be\/fr\/wp-json\/wp\/v2\/product_tag?post=24238"}],"curies":[{"name":"wp","href":"https:\/\/api.w.org\/{rel}","templated":true}]}}