{"id":24239,"date":"2018-03-23T00:00:00","date_gmt":"2019-03-31T22:00:00","guid":{"rendered":"https:\/\/promz.be\/?post_type=product&#038;p=24239"},"modified":"2019-07-18T16:42:21","modified_gmt":"2019-07-18T14:42:21","slug":"lentilles-grand-angle-macro-avec-clip","status":"publish","type":"product","link":"https:\/\/promz.be\/fr\/product\/lentilles-grand-angle-macro-avec-clip\/","title":{"rendered":"Lentilles grand angle macro avec clip"},"content":{"rendered":"<h2>Lentilles grand angle macro avec clip<\/h2>\n<p>Cette lentille peut \u00eatre facilement fix\u00e9e sur l&#8217;objectif de votre t\u00e9l\u00e9phone. La lentille macro est id\u00e9ale pour prendre des photos d\u00e9taill\u00e9es de petits objets. La lentille grand angle vous permet d&#8217;agrandir la sc\u00e8ne que vous prenez en photos , ce qui est tr\u00e8s utile en architecture, pour un int\u00e9rieur ou un paysage. Fourni sous coffret cadeau. Plastique ABS.<\/p>\n","protected":false},"excerpt":{"rendered":"<h2>Lentilles grand angle macro avec clip<\/h2>\n<p>Cette lentille peut \u00eatre facilement fix\u00e9e sur l&#8217;objectif de votre t\u00e9l\u00e9phone. La lentille macro est id\u00e9ale pour prendre des photos d\u00e9taill\u00e9es de petits objets. La lentille grand angle vous permet d&#8217;agrandir la sc\u00e8ne que vous prenez en photos , ce qui est tr\u00e8s utile en architecture, pour un int\u00e9rieur ou un paysage. Fourni sous coffret cadeau. Plastique ABS. [&#8230;]<\/p>\n<p><a class=\"btn btn-secondary understrap-read-more-link\" href=\"https:\/\/promz.be\/fr\/product\/lentilles-grand-angle-macro-avec-clip\/\">Lire la suite&#8230;<\/a><\/p>\n","protected":false},"featured_media":23653,"comment_status":"closed","ping_status":"closed","template":"","meta":[],"product_cat":[1026,956],"product_tag":[],"_links":{"self":[{"href":"https:\/\/promz.be\/fr\/wp-json\/wp\/v2\/product\/24239"}],"collection":[{"href":"https:\/\/promz.be\/fr\/wp-json\/wp\/v2\/product"}],"about":[{"href":"https:\/\/promz.be\/fr\/wp-json\/wp\/v2\/types\/product"}],"replies":[{"embeddable":true,"href":"https:\/\/promz.be\/fr\/wp-json\/wp\/v2\/comments?post=24239"}],"wp:featuredmedia":[{"embeddable":true,"href":"https:\/\/promz.be\/fr\/wp-json\/wp\/v2\/media\/23653"}],"wp:attachment":[{"href":"https:\/\/promz.be\/fr\/wp-json\/wp\/v2\/media?parent=24239"}],"wp:term":[{"taxonomy":"product_cat","embeddable":true,"href":"https:\/\/promz.be\/fr\/wp-json\/wp\/v2\/product_cat?post=24239"},{"taxonomy":"product_tag","embeddable":true,"href":"https:\/\/promz.be\/fr\/wp-json\/wp\/v2\/product_tag?post=24239"}],"curies":[{"name":"wp","href":"https:\/\/api.w.org\/{rel}","templated":true}]}}