{"id":24242,"date":"2018-04-24T00:00:00","date_gmt":"2019-03-31T22:00:00","guid":{"rendered":"https:\/\/promz.be\/?post_type=product&#038;p=24242"},"modified":"2019-07-18T15:00:33","modified_gmt":"2019-07-18T13:00:33","slug":"veste-micro-polaire-full-zip-brossard","status":"publish","type":"product","link":"https:\/\/promz.be\/fr\/product\/veste-micro-polaire-full-zip-brossard\/","title":{"rendered":"Veste micro-polaire full zip Brossard"},"content":{"rendered":"<h2>Veste micro-polaire full zip Brossard<\/h2>\n<p>Fermeture \u00e0 glissi\u00e8re avant centrale.Poches pour les mains avec zippers.Serrage \u00e9lastique de couleur contrast\u00e9e.Trous pour les pouces.Manches raglan.Bande de propret\u00e9 en satin.Rabat-temp\u00eate int\u00e9rieur avec prot\u00e8ge-menton.Renforts de couleur contrast\u00e9e \u00e0 la poche.\u00c9tiquette principale en transfert pour un meilleur confort. Micro polaire, 100% Polyester, 2 faces bross\u00e9es, 1 face anti-boulochage. 190 g\/m\u00b2.<\/p>\n","protected":false},"excerpt":{"rendered":"<h2>Veste micro-polaire full zip Brossard<\/h2>\n<p>Fermeture \u00e0 glissi\u00e8re avant centrale.Poches pour les mains avec zippers.Serrage \u00e9lastique de couleur contrast\u00e9e.Trous pour les pouces.Manches raglan.Bande de propret\u00e9 en satin.Rabat-temp\u00eate int\u00e9rieur avec prot\u00e8ge-menton.Renforts de couleur contrast\u00e9e \u00e0 la poche.\u00c9tiquette principale en transfert pour un meilleur confort. Micro polaire, 100% Polyester, 2 faces bross\u00e9es, 1 face anti-boulochage. 190 g\/m\u00b2. [&#8230;]<\/p>\n<p><a class=\"btn btn-secondary understrap-read-more-link\" href=\"https:\/\/promz.be\/fr\/product\/veste-micro-polaire-full-zip-brossard\/\">Lire la suite&#8230;<\/a><\/p>\n","protected":false},"featured_media":23686,"comment_status":"closed","ping_status":"closed","template":"","meta":[],"product_cat":[955,967],"product_tag":[],"_links":{"self":[{"href":"https:\/\/promz.be\/fr\/wp-json\/wp\/v2\/product\/24242"}],"collection":[{"href":"https:\/\/promz.be\/fr\/wp-json\/wp\/v2\/product"}],"about":[{"href":"https:\/\/promz.be\/fr\/wp-json\/wp\/v2\/types\/product"}],"replies":[{"embeddable":true,"href":"https:\/\/promz.be\/fr\/wp-json\/wp\/v2\/comments?post=24242"}],"wp:featuredmedia":[{"embeddable":true,"href":"https:\/\/promz.be\/fr\/wp-json\/wp\/v2\/media\/23686"}],"wp:attachment":[{"href":"https:\/\/promz.be\/fr\/wp-json\/wp\/v2\/media?parent=24242"}],"wp:term":[{"taxonomy":"product_cat","embeddable":true,"href":"https:\/\/promz.be\/fr\/wp-json\/wp\/v2\/product_cat?post=24242"},{"taxonomy":"product_tag","embeddable":true,"href":"https:\/\/promz.be\/fr\/wp-json\/wp\/v2\/product_tag?post=24242"}],"curies":[{"name":"wp","href":"https:\/\/api.w.org\/{rel}","templated":true}]}}