{"id":24244,"date":"2018-04-30T00:00:00","date_gmt":"2019-03-31T22:00:00","guid":{"rendered":"https:\/\/promz.be\/?post_type=product&#038;p=24244"},"modified":"2019-07-18T14:55:40","modified_gmt":"2019-07-18T12:55:40","slug":"casque-audio-pliable-bluetooth-cadence","status":"publish","type":"product","link":"https:\/\/promz.be\/fr\/product\/casque-audio-pliable-bluetooth-cadence\/","title":{"rendered":"Casque audio pliable Bluetooth\u00ae Cadence"},"content":{"rendered":"<h2>Casque audio pliable Bluetooth\u00ae Cadence<\/h2>\n<p>Le casque audio Cadence Bluetooth\u00ae vous lib\u00e8re des c\u00e2bles et vous permet de le connecter facilement \u00e0 votre appareil via Bluetooth\u00ae. Il d\u00e9livre un son tr\u00e8s pur et des basses tr\u00e8s puissantes. Contr\u00f4le int\u00e9gr\u00e9 de la musique et possibilit\u00e9 de prendre des appels t\u00e9l\u00e9phoniques. Le casque audio peut \u00eatre pli\u00e9 et rang\u00e9 dans son coffret. Le Bluetooth\u00ae fonctionne \u00e0 une distance de 10 m. Comprend un c\u00e2ble de chargement et un c\u00e2ble auxiliaire 3.5 mm. Fourni dans un coffret cadeau Avenue. Plastique ABS.<\/p>\n","protected":false},"excerpt":{"rendered":"<h2>Casque audio pliable Bluetooth\u00ae Cadence<\/h2>\n<p>Le casque audio Cadence Bluetooth\u00ae vous lib\u00e8re des c\u00e2bles et vous permet de le connecter facilement \u00e0 votre appareil via Bluetooth\u00ae. Il d\u00e9livre un son tr\u00e8s pur et des basses tr\u00e8s puissantes. Contr\u00f4le int\u00e9gr\u00e9 de la musique et possibilit\u00e9 de prendre des appels t\u00e9l\u00e9phoniques. Le casque audio peut \u00eatre pli\u00e9 et rang\u00e9 dans son coffret. Le Bluetooth\u00ae fonctionne \u00e0 une distance de 10 m. Comprend un c\u00e2ble de chargement et un c\u00e2ble auxiliaire 3.5 mm. Fourni dans un coffret cadeau Avenue. Plastique ABS. [&#8230;]<\/p>\n<p><a class=\"btn btn-secondary understrap-read-more-link\" href=\"https:\/\/promz.be\/fr\/product\/casque-audio-pliable-bluetooth-cadence\/\">Lire la suite&#8230;<\/a><\/p>\n","protected":false},"featured_media":23708,"comment_status":"closed","ping_status":"closed","template":"","meta":[],"product_cat":[1021,956],"product_tag":[],"_links":{"self":[{"href":"https:\/\/promz.be\/fr\/wp-json\/wp\/v2\/product\/24244"}],"collection":[{"href":"https:\/\/promz.be\/fr\/wp-json\/wp\/v2\/product"}],"about":[{"href":"https:\/\/promz.be\/fr\/wp-json\/wp\/v2\/types\/product"}],"replies":[{"embeddable":true,"href":"https:\/\/promz.be\/fr\/wp-json\/wp\/v2\/comments?post=24244"}],"wp:featuredmedia":[{"embeddable":true,"href":"https:\/\/promz.be\/fr\/wp-json\/wp\/v2\/media\/23708"}],"wp:attachment":[{"href":"https:\/\/promz.be\/fr\/wp-json\/wp\/v2\/media?parent=24244"}],"wp:term":[{"taxonomy":"product_cat","embeddable":true,"href":"https:\/\/promz.be\/fr\/wp-json\/wp\/v2\/product_cat?post=24244"},{"taxonomy":"product_tag","embeddable":true,"href":"https:\/\/promz.be\/fr\/wp-json\/wp\/v2\/product_tag?post=24244"}],"curies":[{"name":"wp","href":"https:\/\/api.w.org\/{rel}","templated":true}]}}