{"id":24245,"date":"2018-05-08T00:00:00","date_gmt":"2019-03-31T22:00:00","guid":{"rendered":"https:\/\/promz.be\/?post_type=product&#038;p=24245"},"modified":"2019-07-18T14:50:43","modified_gmt":"2019-07-18T12:50:43","slug":"polo-manches-courtes-pour-femmes-calgary","status":"publish","type":"product","link":"https:\/\/promz.be\/fr\/product\/polo-manches-courtes-pour-femmes-calgary\/","title":{"rendered":"Polo manches courtes pour femmes Calgary"},"content":{"rendered":"<h2>Polo manches courtes pour femmes Calgary<\/h2>\n<p>Col c\u00f4te en tricot plat.Poignets c\u00f4tes en tricot plat.Patte de boutonnage 3 boutons.Points verticaux.Bande de propret\u00e9 en satin.Fentes lat\u00e9rales avec un ruban satin\u00e9.Demi-lune.Transmission d&#8217;\u00e9paule avec couture chaine.Boutons grav\u00e9s assortis.\u00c9tiquette principale en transfert pour un meilleur confort. Maille piqu\u00e9e 100% coton. 200 g\/m\u00b2.<\/p>\n","protected":false},"excerpt":{"rendered":"<h2>Polo manches courtes pour femmes Calgary<\/h2>\n<p>Col c\u00f4te en tricot plat.Poignets c\u00f4tes en tricot plat.Patte de boutonnage 3 boutons.Points verticaux.Bande de propret\u00e9 en satin.Fentes lat\u00e9rales avec un ruban satin\u00e9.Demi-lune.Transmission d&#8217;\u00e9paule avec couture chaine.Boutons grav\u00e9s assortis.\u00c9tiquette principale en transfert pour un meilleur confort. Maille piqu\u00e9e 100% coton. 200 g\/m\u00b2. [&#8230;]<\/p>\n<p><a class=\"btn btn-secondary understrap-read-more-link\" href=\"https:\/\/promz.be\/fr\/product\/polo-manches-courtes-pour-femmes-calgary\/\">Lire la suite&#8230;<\/a><\/p>\n","protected":false},"featured_media":23730,"comment_status":"closed","ping_status":"closed","template":"","meta":[],"product_cat":[1012,955],"product_tag":[],"_links":{"self":[{"href":"https:\/\/promz.be\/fr\/wp-json\/wp\/v2\/product\/24245"}],"collection":[{"href":"https:\/\/promz.be\/fr\/wp-json\/wp\/v2\/product"}],"about":[{"href":"https:\/\/promz.be\/fr\/wp-json\/wp\/v2\/types\/product"}],"replies":[{"embeddable":true,"href":"https:\/\/promz.be\/fr\/wp-json\/wp\/v2\/comments?post=24245"}],"wp:featuredmedia":[{"embeddable":true,"href":"https:\/\/promz.be\/fr\/wp-json\/wp\/v2\/media\/23730"}],"wp:attachment":[{"href":"https:\/\/promz.be\/fr\/wp-json\/wp\/v2\/media?parent=24245"}],"wp:term":[{"taxonomy":"product_cat","embeddable":true,"href":"https:\/\/promz.be\/fr\/wp-json\/wp\/v2\/product_cat?post=24245"},{"taxonomy":"product_tag","embeddable":true,"href":"https:\/\/promz.be\/fr\/wp-json\/wp\/v2\/product_tag?post=24245"}],"curies":[{"name":"wp","href":"https:\/\/api.w.org\/{rel}","templated":true}]}}