{"id":24247,"date":"2018-05-09T00:00:00","date_gmt":"2019-03-31T22:00:00","guid":{"rendered":"https:\/\/promz.be\/?post_type=product&#038;p=24247"},"modified":"2019-07-18T14:48:43","modified_gmt":"2019-07-18T12:48:43","slug":"lunettes-de-soleil-california","status":"publish","type":"product","link":"https:\/\/promz.be\/fr\/product\/lunettes-de-soleil-california\/","title":{"rendered":"Lunettes de soleil California"},"content":{"rendered":"<h2>Lunettes de soleil California<\/h2>\n<p>Lunettes de soleil branch\u00e9es au design exclusif avec verres de cat\u00e9gorie 3 et protection UV400. Monture en polycarbonate et verres acryliques. \u00c9tui en microfibres inclus qui peut \u00e9galement \u00eatre utilis\u00e9 comme chiffon de nettoyage. Pr\u00e9sentation dans une pochette cadeau US Basic. Conforme \u00e0 la norme EN ISO 12312-1. Polycarbonate.<\/p>\n","protected":false},"excerpt":{"rendered":"<h2>Lunettes de soleil California<\/h2>\n<p>Lunettes de soleil branch\u00e9es au design exclusif avec verres de cat\u00e9gorie 3 et protection UV400. Monture en polycarbonate et verres acryliques. \u00c9tui en microfibres inclus qui peut \u00e9galement \u00eatre utilis\u00e9 comme chiffon de nettoyage. Pr\u00e9sentation dans une pochette cadeau US Basic. Conforme \u00e0 la norme EN ISO 12312-1. Polycarbonate. [&#8230;]<\/p>\n<p><a class=\"btn btn-secondary understrap-read-more-link\" href=\"https:\/\/promz.be\/fr\/product\/lunettes-de-soleil-california\/\">Lire la suite&#8230;<\/a><\/p>\n","protected":false},"featured_media":23741,"comment_status":"closed","ping_status":"closed","template":"","meta":[],"product_cat":[957,1041],"product_tag":[],"_links":{"self":[{"href":"https:\/\/promz.be\/fr\/wp-json\/wp\/v2\/product\/24247"}],"collection":[{"href":"https:\/\/promz.be\/fr\/wp-json\/wp\/v2\/product"}],"about":[{"href":"https:\/\/promz.be\/fr\/wp-json\/wp\/v2\/types\/product"}],"replies":[{"embeddable":true,"href":"https:\/\/promz.be\/fr\/wp-json\/wp\/v2\/comments?post=24247"}],"wp:featuredmedia":[{"embeddable":true,"href":"https:\/\/promz.be\/fr\/wp-json\/wp\/v2\/media\/23741"}],"wp:attachment":[{"href":"https:\/\/promz.be\/fr\/wp-json\/wp\/v2\/media?parent=24247"}],"wp:term":[{"taxonomy":"product_cat","embeddable":true,"href":"https:\/\/promz.be\/fr\/wp-json\/wp\/v2\/product_cat?post=24247"},{"taxonomy":"product_tag","embeddable":true,"href":"https:\/\/promz.be\/fr\/wp-json\/wp\/v2\/product_tag?post=24247"}],"curies":[{"name":"wp","href":"https:\/\/api.w.org\/{rel}","templated":true}]}}