{"id":24250,"date":"2018-06-22T00:00:00","date_gmt":"2019-03-31T22:00:00","guid":{"rendered":"https:\/\/promz.be\/?post_type=product&#038;p=24250"},"modified":"2019-07-18T14:00:38","modified_gmt":"2019-07-18T12:00:38","slug":"lampe-torche-castor","status":"publish","type":"product","link":"https:\/\/promz.be\/fr\/product\/lampe-torche-castor\/","title":{"rendered":"Lampe torche Castor"},"content":{"rendered":"<h2>Lampe torche Castor<\/h2>\n<p>Porte cl\u00e9 torche \u00e0 LED blanche lumineuse avec bouton-poussoir. Anneau m\u00e9tallique. Piles fournies. Plastique ABS.<\/p>\n","protected":false},"excerpt":{"rendered":"<h2>Lampe torche Castor<\/h2>\n<p>Porte cl\u00e9 torche \u00e0 LED blanche lumineuse avec bouton-poussoir. Anneau m\u00e9tallique. Piles fournies. Plastique ABS. [&#8230;]<\/p>\n<p><a class=\"btn btn-secondary understrap-read-more-link\" href=\"https:\/\/promz.be\/fr\/product\/lampe-torche-castor\/\">Lire la suite&#8230;<\/a><\/p>\n","protected":false},"featured_media":23774,"comment_status":"closed","ping_status":"closed","template":"","meta":[],"product_cat":[948,1018],"product_tag":[],"_links":{"self":[{"href":"https:\/\/promz.be\/fr\/wp-json\/wp\/v2\/product\/24250"}],"collection":[{"href":"https:\/\/promz.be\/fr\/wp-json\/wp\/v2\/product"}],"about":[{"href":"https:\/\/promz.be\/fr\/wp-json\/wp\/v2\/types\/product"}],"replies":[{"embeddable":true,"href":"https:\/\/promz.be\/fr\/wp-json\/wp\/v2\/comments?post=24250"}],"wp:featuredmedia":[{"embeddable":true,"href":"https:\/\/promz.be\/fr\/wp-json\/wp\/v2\/media\/23774"}],"wp:attachment":[{"href":"https:\/\/promz.be\/fr\/wp-json\/wp\/v2\/media?parent=24250"}],"wp:term":[{"taxonomy":"product_cat","embeddable":true,"href":"https:\/\/promz.be\/fr\/wp-json\/wp\/v2\/product_cat?post=24250"},{"taxonomy":"product_tag","embeddable":true,"href":"https:\/\/promz.be\/fr\/wp-json\/wp\/v2\/product_tag?post=24250"}],"curies":[{"name":"wp","href":"https:\/\/api.w.org\/{rel}","templated":true}]}}