{"id":24251,"date":"2018-06-28T00:00:00","date_gmt":"2019-03-31T22:00:00","guid":{"rendered":"https:\/\/promz.be\/?post_type=product&#038;p=24251"},"modified":"2019-07-18T13:51:51","modified_gmt":"2019-07-18T11:51:51","slug":"casquette-publicitaire-challenge-a-6-pans","status":"publish","type":"product","link":"https:\/\/promz.be\/fr\/product\/casquette-publicitaire-challenge-a-6-pans\/","title":{"rendered":"Casquette publicitaire Challenge \u00e0 6 pans"},"content":{"rendered":"<h2>Casquette publicitaire Challenge \u00e0 6 pans<\/h2>\n<p>Visi\u00e8re incurv\u00e9e avec sandwich..\u0152illets brod\u00e9s.Fermeture \u00e0 boucle m\u00e9tallique. Coton serg\u00e9 \u00e9pais. 275-280 g\/m\u00b2.<\/p>\n","protected":false},"excerpt":{"rendered":"<h2>Casquette publicitaire Challenge \u00e0 6 pans<\/h2>\n<p>Visi\u00e8re incurv\u00e9e avec sandwich..\u0152illets brod\u00e9s.Fermeture \u00e0 boucle m\u00e9tallique. Coton serg\u00e9 \u00e9pais. 275-280 g\/m\u00b2. [&#8230;]<\/p>\n<p><a class=\"btn btn-secondary understrap-read-more-link\" href=\"https:\/\/promz.be\/fr\/product\/casquette-publicitaire-challenge-a-6-pans\/\">Lire la suite&#8230;<\/a><\/p>\n","protected":false},"featured_media":23785,"comment_status":"closed","ping_status":"closed","template":"","meta":[],"product_cat":[976,955],"product_tag":[],"_links":{"self":[{"href":"https:\/\/promz.be\/fr\/wp-json\/wp\/v2\/product\/24251"}],"collection":[{"href":"https:\/\/promz.be\/fr\/wp-json\/wp\/v2\/product"}],"about":[{"href":"https:\/\/promz.be\/fr\/wp-json\/wp\/v2\/types\/product"}],"replies":[{"embeddable":true,"href":"https:\/\/promz.be\/fr\/wp-json\/wp\/v2\/comments?post=24251"}],"wp:featuredmedia":[{"embeddable":true,"href":"https:\/\/promz.be\/fr\/wp-json\/wp\/v2\/media\/23785"}],"wp:attachment":[{"href":"https:\/\/promz.be\/fr\/wp-json\/wp\/v2\/media?parent=24251"}],"wp:term":[{"taxonomy":"product_cat","embeddable":true,"href":"https:\/\/promz.be\/fr\/wp-json\/wp\/v2\/product_cat?post=24251"},{"taxonomy":"product_tag","embeddable":true,"href":"https:\/\/promz.be\/fr\/wp-json\/wp\/v2\/product_tag?post=24251"}],"curies":[{"name":"wp","href":"https:\/\/api.w.org\/{rel}","templated":true}]}}