{"id":24253,"date":"2018-07-13T00:00:00","date_gmt":"2019-03-31T22:00:00","guid":{"rendered":"https:\/\/promz.be\/?post_type=product&#038;p=24253"},"modified":"2019-07-18T12:09:45","modified_gmt":"2019-07-18T10:09:45","slug":"sac-a-dos-pour-ordinateur-156-chester","status":"publish","type":"product","link":"https:\/\/promz.be\/fr\/product\/sac-a-dos-pour-ordinateur-156-chester\/","title":{"rendered":"Sac \u00e0 dos pour ordinateur 15,6&#8243; Chester"},"content":{"rendered":"<h2>Sac \u00e0 dos pour ordinateur 15,6&#8243; Chester<\/h2>\n<p>Sac \u00e0 dos au design exclusif. Compartiment principal zipp\u00e9 avec \u00e9tui rembourr\u00e9 pour ordinateur portable adapt\u00e9 \u00e0 la plupart des ordinateurs portables de 15.6&#8243;, un \u00e9tui rembourr\u00e9 pour tablettes jusqu&#8217;\u00e0 10&#8243; et de la place pour les livres et les dossiers. Le panneau avant dispose d&#8217;une poche zipp\u00e9e verticale et d&#8217;une petite fixation pour stocker de petits accessoires comme des porte-cl\u00e9s ou un mousqueton. Grande poche lat\u00e9rale avec fermeture \u00e0 cordon de coton et boucle. Les bretelles de forme confortable sont rembourr\u00e9es et r\u00e9glables. Poign\u00e9e sup\u00e9rieure renforc\u00e9e pour le transport. Polyester 600D.<\/p>\n","protected":false},"excerpt":{"rendered":"<h2>Sac \u00e0 dos pour ordinateur 15,6&#8243; Chester<\/h2>\n<p>Sac \u00e0 dos au design exclusif. Compartiment principal zipp\u00e9 avec \u00e9tui rembourr\u00e9 pour ordinateur portable adapt\u00e9 \u00e0 la plupart des ordinateurs portables de 15.6&#8243;, un \u00e9tui rembourr\u00e9 pour tablettes jusqu&#8217;\u00e0 10&#8243; et de la place pour les livres et les dossiers. Le panneau avant dispose d&#8217;une poche zipp\u00e9e verticale et d&#8217;une petite fixation pour stocker de petits accessoires comme des porte-cl\u00e9s ou un mousqueton. Grande poche lat\u00e9rale avec fermeture \u00e0 cordon de coton et boucle. Les bretelles de forme confortable sont rembourr\u00e9es et r\u00e9glables. Poign\u00e9e sup\u00e9rieure renforc\u00e9e pour le transport. Polyester 600D. [&#8230;]<\/p>\n<p><a class=\"btn btn-secondary understrap-read-more-link\" href=\"https:\/\/promz.be\/fr\/product\/sac-a-dos-pour-ordinateur-156-chester\/\">Lire la suite&#8230;<\/a><\/p>\n","protected":false},"featured_media":23807,"comment_status":"closed","ping_status":"closed","template":"","meta":[],"product_cat":[978,954],"product_tag":[],"_links":{"self":[{"href":"https:\/\/promz.be\/fr\/wp-json\/wp\/v2\/product\/24253"}],"collection":[{"href":"https:\/\/promz.be\/fr\/wp-json\/wp\/v2\/product"}],"about":[{"href":"https:\/\/promz.be\/fr\/wp-json\/wp\/v2\/types\/product"}],"replies":[{"embeddable":true,"href":"https:\/\/promz.be\/fr\/wp-json\/wp\/v2\/comments?post=24253"}],"wp:featuredmedia":[{"embeddable":true,"href":"https:\/\/promz.be\/fr\/wp-json\/wp\/v2\/media\/23807"}],"wp:attachment":[{"href":"https:\/\/promz.be\/fr\/wp-json\/wp\/v2\/media?parent=24253"}],"wp:term":[{"taxonomy":"product_cat","embeddable":true,"href":"https:\/\/promz.be\/fr\/wp-json\/wp\/v2\/product_cat?post=24253"},{"taxonomy":"product_tag","embeddable":true,"href":"https:\/\/promz.be\/fr\/wp-json\/wp\/v2\/product_tag?post=24253"}],"curies":[{"name":"wp","href":"https:\/\/api.w.org\/{rel}","templated":true}]}}