{"id":24254,"date":"2018-06-13T00:00:00","date_gmt":"2019-03-31T22:00:00","guid":{"rendered":"https:\/\/promz.be\/?post_type=product&#038;p=24254"},"modified":"2019-07-18T14:11:48","modified_gmt":"2019-07-18T12:11:48","slug":"bloc-notes-de-poche-classic-format-a6","status":"publish","type":"product","link":"https:\/\/promz.be\/fr\/product\/bloc-notes-de-poche-classic-format-a6\/","title":{"rendered":"Bloc-notes de poche Classic format A6"},"content":{"rendered":"<h2>Bloc-notes de poche Classic format A6<\/h2>\n<p>Ce carnet de notes cartonn\u00e9 au design classique exclusif (taille A6) avec fermeture \u00e9lastique et 80 feuilles \u00e0 lignes (80 g) est id\u00e9al pour \u00e9crire et partager des notes. Dispose d&#8217;une poche extensible \u00e0 l&#8217;arri\u00e8re pour garder de petits notes. Avec pr\u00e9sentation dans \u00e9tui cadeau Journalbooks. Carton recouvert de PU.<\/p>\n","protected":false},"excerpt":{"rendered":"<h2>Bloc-notes de poche Classic format A6<\/h2>\n<p>Ce carnet de notes cartonn\u00e9 au design classique exclusif (taille A6) avec fermeture \u00e9lastique et 80 feuilles \u00e0 lignes (80 g) est id\u00e9al pour \u00e9crire et partager des notes. Dispose d&#8217;une poche extensible \u00e0 l&#8217;arri\u00e8re pour garder de petits notes. Avec pr\u00e9sentation dans \u00e9tui cadeau Journalbooks. Carton recouvert de PU. [&#8230;]<\/p>\n<p><a class=\"btn btn-secondary understrap-read-more-link\" href=\"https:\/\/promz.be\/fr\/product\/bloc-notes-de-poche-classic-format-a6\/\">Lire la suite&#8230;<\/a><\/p>\n","protected":false},"featured_media":23840,"comment_status":"closed","ping_status":"closed","template":"","meta":[],"product_cat":[951,1004],"product_tag":[],"_links":{"self":[{"href":"https:\/\/promz.be\/fr\/wp-json\/wp\/v2\/product\/24254"}],"collection":[{"href":"https:\/\/promz.be\/fr\/wp-json\/wp\/v2\/product"}],"about":[{"href":"https:\/\/promz.be\/fr\/wp-json\/wp\/v2\/types\/product"}],"replies":[{"embeddable":true,"href":"https:\/\/promz.be\/fr\/wp-json\/wp\/v2\/comments?post=24254"}],"wp:featuredmedia":[{"embeddable":true,"href":"https:\/\/promz.be\/fr\/wp-json\/wp\/v2\/media\/23840"}],"wp:attachment":[{"href":"https:\/\/promz.be\/fr\/wp-json\/wp\/v2\/media?parent=24254"}],"wp:term":[{"taxonomy":"product_cat","embeddable":true,"href":"https:\/\/promz.be\/fr\/wp-json\/wp\/v2\/product_cat?post=24254"},{"taxonomy":"product_tag","embeddable":true,"href":"https:\/\/promz.be\/fr\/wp-json\/wp\/v2\/product_tag?post=24254"}],"curies":[{"name":"wp","href":"https:\/\/api.w.org\/{rel}","templated":true}]}}