{"id":24255,"date":"2018-06-28T00:00:00","date_gmt":"2019-03-31T22:00:00","guid":{"rendered":"https:\/\/promz.be\/?post_type=product&#038;p=24255"},"modified":"2019-07-18T13:48:48","modified_gmt":"2019-07-18T11:48:48","slug":"carnet-de-notes-classic-executif-format-a4","status":"publish","type":"product","link":"https:\/\/promz.be\/fr\/product\/carnet-de-notes-classic-executif-format-a4\/","title":{"rendered":"Carnet de notes Classic Executif format A4"},"content":{"rendered":"<h2>Carnet de notes Classic Executif format A4<\/h2>\n<p>Ce carnet de notes cartonn\u00e9 au design classique exclusif avec fermeture \u00e9lastique et 80 feuilles \u00e0 lignes (80gr) est id\u00e9al pour \u00e9crire et partager des notes. Dispose d&#8217;une poche extensible \u00e0 l&#8217;arri\u00e8re pour garder de petites notes. Avec pr\u00e9sentation dans \u00e9tui cadeau Journalbooks. Carton recouvert de PU.<\/p>\n","protected":false},"excerpt":{"rendered":"<h2>Carnet de notes Classic Executif format A4<\/h2>\n<p>Ce carnet de notes cartonn\u00e9 au design classique exclusif avec fermeture \u00e9lastique et 80 feuilles \u00e0 lignes (80gr) est id\u00e9al pour \u00e9crire et partager des notes. Dispose d&#8217;une poche extensible \u00e0 l&#8217;arri\u00e8re pour garder de petites notes. Avec pr\u00e9sentation dans \u00e9tui cadeau Journalbooks. Carton recouvert de PU. [&#8230;]<\/p>\n<p><a class=\"btn btn-secondary understrap-read-more-link\" href=\"https:\/\/promz.be\/fr\/product\/carnet-de-notes-classic-executif-format-a4\/\">Lire la suite&#8230;<\/a><\/p>\n","protected":false},"featured_media":23851,"comment_status":"closed","ping_status":"closed","template":"","meta":[],"product_cat":[951,1004],"product_tag":[],"_links":{"self":[{"href":"https:\/\/promz.be\/fr\/wp-json\/wp\/v2\/product\/24255"}],"collection":[{"href":"https:\/\/promz.be\/fr\/wp-json\/wp\/v2\/product"}],"about":[{"href":"https:\/\/promz.be\/fr\/wp-json\/wp\/v2\/types\/product"}],"replies":[{"embeddable":true,"href":"https:\/\/promz.be\/fr\/wp-json\/wp\/v2\/comments?post=24255"}],"wp:featuredmedia":[{"embeddable":true,"href":"https:\/\/promz.be\/fr\/wp-json\/wp\/v2\/media\/23851"}],"wp:attachment":[{"href":"https:\/\/promz.be\/fr\/wp-json\/wp\/v2\/media?parent=24255"}],"wp:term":[{"taxonomy":"product_cat","embeddable":true,"href":"https:\/\/promz.be\/fr\/wp-json\/wp\/v2\/product_cat?post=24255"},{"taxonomy":"product_tag","embeddable":true,"href":"https:\/\/promz.be\/fr\/wp-json\/wp\/v2\/product_tag?post=24255"}],"curies":[{"name":"wp","href":"https:\/\/api.w.org\/{rel}","templated":true}]}}