{"id":24304,"date":"2019-07-20T16:45:57","date_gmt":"2019-07-20T14:45:57","guid":{"rendered":"https:\/\/promz.be\/product\/cx004-xtorm-lightning-cable-ac-adapter\/"},"modified":"2019-07-20T17:21:10","modified_gmt":"2019-07-20T15:21:10","slug":"cx004-xtorm-lightning-cable-ac-adapter","status":"publish","type":"product","link":"https:\/\/promz.be\/fr\/product\/cx004-xtorm-lightning-cable-ac-adapter\/","title":{"rendered":"CX004 Xtorm Lightning cable + AC Adapter"},"content":{"rendered":"<p>Les c\u00e2bles Xtorm sont des c\u00e2bles haut de gamme bien con\u00e7us. Parfaits pour recharger tous vos appareils mobiles. Nos c\u00e2bles disposent d\u2019une gaine tiss\u00e9e tr\u00e8s robuste, de sorte qu\u2019ils peuvent \u00eatre rang\u00e9s en toute s\u00e9curit\u00e9 dans un sac ou une poche. Compatibles avec les smartphones et tablettes de Apple (Adaptateur secteur inclus)<\/p>\n","protected":false},"excerpt":{"rendered":"<p>Les c\u00e2bles Xtorm sont des c\u00e2bles haut de gamme bien con\u00e7us. Parfaits pour recharger tous vos appareils mobiles. Nos c\u00e2bles disposent d\u2019une gaine tiss\u00e9e tr\u00e8s robuste, de sorte qu\u2019ils peuvent \u00eatre rang\u00e9s en toute s\u00e9curit\u00e9 dans un sac ou une poche. Compatibles avec les smartphones et tablettes de Apple (Adaptateur secteur inclus) [&#8230;]<\/p>\n<p><a class=\"btn btn-secondary understrap-read-more-link\" href=\"https:\/\/promz.be\/fr\/product\/cx004-xtorm-lightning-cable-ac-adapter\/\">Lire la suite&#8230;<\/a><\/p>\n","protected":false},"featured_media":24297,"comment_status":"open","ping_status":"closed","template":"","meta":[],"product_cat":[1026,1030,956],"product_tag":[],"_links":{"self":[{"href":"https:\/\/promz.be\/fr\/wp-json\/wp\/v2\/product\/24304"}],"collection":[{"href":"https:\/\/promz.be\/fr\/wp-json\/wp\/v2\/product"}],"about":[{"href":"https:\/\/promz.be\/fr\/wp-json\/wp\/v2\/types\/product"}],"replies":[{"embeddable":true,"href":"https:\/\/promz.be\/fr\/wp-json\/wp\/v2\/comments?post=24304"}],"wp:featuredmedia":[{"embeddable":true,"href":"https:\/\/promz.be\/fr\/wp-json\/wp\/v2\/media\/24297"}],"wp:attachment":[{"href":"https:\/\/promz.be\/fr\/wp-json\/wp\/v2\/media?parent=24304"}],"wp:term":[{"taxonomy":"product_cat","embeddable":true,"href":"https:\/\/promz.be\/fr\/wp-json\/wp\/v2\/product_cat?post=24304"},{"taxonomy":"product_tag","embeddable":true,"href":"https:\/\/promz.be\/fr\/wp-json\/wp\/v2\/product_tag?post=24304"}],"curies":[{"name":"wp","href":"https:\/\/api.w.org\/{rel}","templated":true}]}}