{"id":24528,"date":"2019-08-08T10:38:41","date_gmt":"2019-08-08T08:38:41","guid":{"rendered":"https:\/\/promz.be\/product\/party-games\/"},"modified":"2019-08-08T10:38:41","modified_gmt":"2019-08-08T08:38:41","slug":"party-games","status":"publish","type":"product","link":"https:\/\/promz.be\/fr\/product\/party-games\/","title":{"rendered":"PARTY GAMES!"},"content":{"rendered":"<p>It\u2019s party time! Avec ces 3 jeux chaque f\u00eate devient un grand succ\u00e8s\u00a0! Cherche un mot ou une phrase sans prononcer le mot interdit, utilise ton talent d\u2019acteur pour d\u00e9peindre un mot que les autres membres de ton team doivent deviner, ou utilise ton imagination pour \u00e9crire autant de mots que possible commen\u00e7ant avec la m\u00eame lettre\u2026 Mais attention, avec le sablier tu n\u2019as que 60 secondes pour ex\u00e9cuter ton devoir\u00a0! Plaisir assur\u00e9\u00a0!<\/p>\n","protected":false},"excerpt":{"rendered":"<p>It\u2019s party time! Avec ces 3 jeux chaque f\u00eate devient un grand succ\u00e8s\u00a0! Cherche un mot ou une phrase sans prononcer le mot interdit, utilise ton talent d\u2019acteur pour d\u00e9peindre un mot que les autres membres de ton team doivent deviner, ou utilise ton imagination pour \u00e9crire autant de mots que possible commen\u00e7ant avec la m\u00eame lettre\u2026 Mais attention, avec le sablier tu n\u2019as que 60 secondes pour ex\u00e9cuter ton devoir\u00a0! Plaisir assur\u00e9\u00a0! [&#8230;]<\/p>\n<p><a class=\"btn btn-secondary understrap-read-more-link\" href=\"https:\/\/promz.be\/fr\/product\/party-games\/\">Lire la suite&#8230;<\/a><\/p>\n","protected":false},"featured_media":24525,"comment_status":"open","ping_status":"closed","template":"","meta":[],"product_cat":[952,982,1023,1022,953],"product_tag":[],"_links":{"self":[{"href":"https:\/\/promz.be\/fr\/wp-json\/wp\/v2\/product\/24528"}],"collection":[{"href":"https:\/\/promz.be\/fr\/wp-json\/wp\/v2\/product"}],"about":[{"href":"https:\/\/promz.be\/fr\/wp-json\/wp\/v2\/types\/product"}],"replies":[{"embeddable":true,"href":"https:\/\/promz.be\/fr\/wp-json\/wp\/v2\/comments?post=24528"}],"wp:featuredmedia":[{"embeddable":true,"href":"https:\/\/promz.be\/fr\/wp-json\/wp\/v2\/media\/24525"}],"wp:attachment":[{"href":"https:\/\/promz.be\/fr\/wp-json\/wp\/v2\/media?parent=24528"}],"wp:term":[{"taxonomy":"product_cat","embeddable":true,"href":"https:\/\/promz.be\/fr\/wp-json\/wp\/v2\/product_cat?post=24528"},{"taxonomy":"product_tag","embeddable":true,"href":"https:\/\/promz.be\/fr\/wp-json\/wp\/v2\/product_tag?post=24528"}],"curies":[{"name":"wp","href":"https:\/\/api.w.org\/{rel}","templated":true}]}}