{"id":24737,"date":"2018-08-07T00:00:00","date_gmt":"2019-08-11T06:44:07","guid":{"rendered":"https:\/\/promz.be\/product\/sac-shopping-coton-carolina-personnalise\/"},"modified":"2020-10-22T12:14:39","modified_gmt":"2020-10-22T10:14:39","slug":"sac-shopping-coton-carolina-personnalise","status":"publish","type":"product","link":"https:\/\/promz.be\/fr\/product\/sac-shopping-coton-carolina-personnalise\/","title":{"rendered":"Sac shopping coton Carolina personnalis\u00e9"},"content":{"rendered":"<p>Le sac en coton Carolina est un de nos sacs pr\u00e9f\u00e9r\u00e9s. Premi\u00e8rement, il est \u00e0 100 % compos\u00e9 de coton, ce qui en fait un sac \u00e9cologique et donc bon pour l\u2019environnement. De plus, il peut s\u2019utiliser partout, pour pleins d\u2019occasions diff\u00e9rentes. Il est disponible en plusieurs coloris ce qui vous laisse du choix et vous offre la possibilit\u00e9 de prendre un sac qui vous ressemble. Il est \u00e9galement personnalisable, ce qui vous permet d\u2019y ins\u00e9rer votre logo ou le nom de votre entreprise pour un rendu final, tr\u00e8s professionnel. Les personnes \u00e0 qui vous l\u2019offrirez pourront ainsi promouvoir votre marque partout o\u00f9 ils utiliseront ce sac. Un moyen de compl\u00e9ter votre strat\u00e9gie marketing avec un produit utile au quotidien, r\u00e9utilisable et surtout \u00e9cologique. D\u2019autant plus que les hanses mesurent 26 centim\u00e8tres, ce qui permet de porter le sac aux \u00e9paules et de pouvoir transporter des objets un peu plus lourds. Voil\u00e0 pourquoi ce sac est notre pr\u00e9f\u00e9r\u00e9, parce qu\u2019il a beaucoup d\u2019atouts positifs.<\/p>\n","protected":false},"excerpt":{"rendered":"<p>Le sac en coton Carolina est un de nos sacs pr\u00e9f\u00e9r\u00e9s. Premi\u00e8rement, il est \u00e0 100 % compos\u00e9 de coton, ce qui en fait un sac \u00e9cologique et donc bon pour l\u2019environnement. De plus, il peut s\u2019utiliser partout, pour pleins d\u2019occasions diff\u00e9rentes. Il est disponible en plusieurs coloris ce qui vous laisse du choix et vous offre la possibilit\u00e9 de prendre un sac qui vous ressemble. Il est \u00e9galement personnalisable, ce qui vous permet d\u2019y ins\u00e9rer votre logo ou le nom de votre entreprise pour un rendu final, tr\u00e8s professionnel. Les personnes \u00e0 qui vous l\u2019offrirez pourront ainsi promouvoir votre marque partout o\u00f9 ils utiliseront ce sac. Un moyen de compl\u00e9ter votre strat\u00e9gie marketing avec un produit utile au quotidien, r\u00e9utilisable et surtout \u00e9cologique. D\u2019autant plus que les hanses mesurent 26 centim\u00e8tres, ce qui permet de porter le sac aux \u00e9paules et de pouvoir transporter des objets un peu plus lourds. Voil\u00e0 pourquoi ce sac est notre pr\u00e9f\u00e9r\u00e9, parce qu\u2019il a beaucoup d\u2019atouts positifs. [&#8230;]<\/p>\n<p><a class=\"btn btn-secondary understrap-read-more-link\" href=\"https:\/\/promz.be\/fr\/product\/sac-shopping-coton-carolina-personnalise\/\">Lire la suite&#8230;<\/a><\/p>\n","protected":false},"featured_media":24584,"comment_status":"closed","ping_status":"open","template":"","meta":[],"product_cat":[980,957,978,954],"product_tag":[],"_links":{"self":[{"href":"https:\/\/promz.be\/fr\/wp-json\/wp\/v2\/product\/24737"}],"collection":[{"href":"https:\/\/promz.be\/fr\/wp-json\/wp\/v2\/product"}],"about":[{"href":"https:\/\/promz.be\/fr\/wp-json\/wp\/v2\/types\/product"}],"replies":[{"embeddable":true,"href":"https:\/\/promz.be\/fr\/wp-json\/wp\/v2\/comments?post=24737"}],"wp:featuredmedia":[{"embeddable":true,"href":"https:\/\/promz.be\/fr\/wp-json\/wp\/v2\/media\/24584"}],"wp:attachment":[{"href":"https:\/\/promz.be\/fr\/wp-json\/wp\/v2\/media?parent=24737"}],"wp:term":[{"taxonomy":"product_cat","embeddable":true,"href":"https:\/\/promz.be\/fr\/wp-json\/wp\/v2\/product_cat?post=24737"},{"taxonomy":"product_tag","embeddable":true,"href":"https:\/\/promz.be\/fr\/wp-json\/wp\/v2\/product_tag?post=24737"}],"curies":[{"name":"wp","href":"https:\/\/api.w.org\/{rel}","templated":true}]}}