{"id":24739,"date":"2018-10-23T00:00:00","date_gmt":"2019-08-11T06:44:07","guid":{"rendered":"https:\/\/promz.be\/product\/carnet-avec-couverture-pu-publicitaire\/"},"modified":"2020-10-22T12:14:34","modified_gmt":"2020-10-22T10:14:34","slug":"carnet-avec-couverture-pu-publicitaire","status":"publish","type":"product","link":"https:\/\/promz.be\/fr\/product\/carnet-avec-couverture-pu-publicitaire\/","title":{"rendered":"Carnet avec couverture PU publicitaire"},"content":{"rendered":"<p>Voil\u00e0 un de nos carnets favoris. Ce carnet format A5 \u00e0 couverture en simili cuir est un incontournable \u00e0 avoir au bureau. Son effet gomme sur la couverture donne un aspect tr\u00e8s agr\u00e9able au toucher. Il est disponible dans de nombreuses couleurs afin que vous puissiez avoir le choix et trouver un carnet qui vous ressemble le plus. Plusieurs options de personnalisation sont disponibles, comme sur la couverture, \u00e0 l\u2019int\u00e9rieur ou au dos. Ce carnet vous offre vraiment la possibilit\u00e9 de faire quelque chose qui vous ressemble et de laisser place \u00e0 votre imagination. Il sera tr\u00e8s utile pour vos clients ou collaborateurs qui ont besoin de prendre quotidiennement des notes de mani\u00e8re personnelle ou professionnelle. Avec ses 96 feuilles lign\u00e9es, il vous accompagnera pendant une bonne partie de l\u2019ann\u00e9e et plus rien ne vous \u00e9chappera. C\u2019est un vrai produit publicitaire, qui repr\u00e9sentera votre marque de mani\u00e8re \u00e9pur\u00e9e et tendance. Alors laissez-vous tenter !<\/p>\n","protected":false},"excerpt":{"rendered":"<p>Voil\u00e0 un de nos carnets favoris. Ce carnet format A5 \u00e0 couverture en simili cuir est un incontournable \u00e0 avoir au bureau. Son effet gomme sur la couverture donne un aspect tr\u00e8s agr\u00e9able au toucher. Il est disponible dans de nombreuses couleurs afin que vous puissiez avoir le choix et trouver un carnet qui vous ressemble le plus. Plusieurs options de personnalisation sont disponibles, comme sur la couverture, \u00e0 l\u2019int\u00e9rieur ou au dos. Ce carnet vous offre vraiment la possibilit\u00e9 de faire quelque chose qui vous ressemble et de laisser place \u00e0 votre imagination. Il sera tr\u00e8s utile pour vos clients ou collaborateurs qui ont besoin de prendre quotidiennement des notes de mani\u00e8re personnelle ou professionnelle. Avec ses 96 feuilles lign\u00e9es, il vous accompagnera pendant une bonne partie de l\u2019ann\u00e9e et plus rien ne vous \u00e9chappera. C\u2019est un vrai produit publicitaire, qui repr\u00e9sentera votre marque de mani\u00e8re \u00e9pur\u00e9e et tendance. Alors laissez-vous tenter ! [&#8230;]<\/p>\n<p><a class=\"btn btn-secondary understrap-read-more-link\" href=\"https:\/\/promz.be\/fr\/product\/carnet-avec-couverture-pu-publicitaire\/\">Lire la suite&#8230;<\/a><\/p>\n","protected":false},"featured_media":24590,"comment_status":"closed","ping_status":"open","template":"","meta":[],"product_cat":[974,951,1004],"product_tag":[],"_links":{"self":[{"href":"https:\/\/promz.be\/fr\/wp-json\/wp\/v2\/product\/24739"}],"collection":[{"href":"https:\/\/promz.be\/fr\/wp-json\/wp\/v2\/product"}],"about":[{"href":"https:\/\/promz.be\/fr\/wp-json\/wp\/v2\/types\/product"}],"replies":[{"embeddable":true,"href":"https:\/\/promz.be\/fr\/wp-json\/wp\/v2\/comments?post=24739"}],"wp:featuredmedia":[{"embeddable":true,"href":"https:\/\/promz.be\/fr\/wp-json\/wp\/v2\/media\/24590"}],"wp:attachment":[{"href":"https:\/\/promz.be\/fr\/wp-json\/wp\/v2\/media?parent=24739"}],"wp:term":[{"taxonomy":"product_cat","embeddable":true,"href":"https:\/\/promz.be\/fr\/wp-json\/wp\/v2\/product_cat?post=24739"},{"taxonomy":"product_tag","embeddable":true,"href":"https:\/\/promz.be\/fr\/wp-json\/wp\/v2\/product_tag?post=24739"}],"curies":[{"name":"wp","href":"https:\/\/api.w.org\/{rel}","templated":true}]}}