{"id":24740,"date":"2018-08-06T00:00:00","date_gmt":"2019-08-11T06:44:07","guid":{"rendered":"https:\/\/promz.be\/product\/gourde-etanche-en-plastique-recycle-personnalisee\/"},"modified":"2020-10-22T12:14:39","modified_gmt":"2020-10-22T10:14:39","slug":"gourde-etanche-en-plastique-recycle-personnalisee","status":"publish","type":"product","link":"https:\/\/promz.be\/fr\/product\/gourde-etanche-en-plastique-recycle-personnalisee\/","title":{"rendered":"Gourde \u00e9tanche en plastique recycl\u00e9 personnalis\u00e9e"},"content":{"rendered":"<p>La gourde \u00e9tanche en plastique recycl\u00e9 est une bonne alternative aux bouteilles d\u2019eau. En effet, les bouteilles d\u2019eau en plastique sont tr\u00e8s n\u00e9gatives pour l\u2019environnement alors que la gourde est r\u00e9utilisable. Elle permet ainsi la diminution de l\u2019utilisation de plastique et c\u2019est un point tr\u00e8s positif. Sa capacit\u00e9 de 650 ml garantit que vous aurez assez d\u2019eau pour une bonne partie de la journ\u00e9e. Elle est disponible en plusieurs couleurs ce qui vous permet de choisir celle qui vous correspond le mieux et qui vous pla\u00eet le plus. Accompagn\u00e9e de votre logo, cette gourde sera un super outil de communication pour votre marque. Vous pourrez l\u2019offrir \u00e0 vos clients ou collaborateurs ou m\u00eame sponsoriser l\u2019\u00e9quipe de football du coin. Car en effet, les gourdes de ce genre sont tr\u00e8s utilis\u00e9es par les joueurs de foot ou de rugby par exemple. En tout cas, beaucoup d\u2019occasions peuvent vous aider \u00e0 promouvoir votre marque \u00e0 l\u2019aide d\u2019un produit utile et bon pour l\u2019environnement.<\/p>\n","protected":false},"excerpt":{"rendered":"<p>La gourde \u00e9tanche en plastique recycl\u00e9 est une bonne alternative aux bouteilles d\u2019eau. En effet, les bouteilles d\u2019eau en plastique sont tr\u00e8s n\u00e9gatives pour l\u2019environnement alors que la gourde est r\u00e9utilisable. Elle permet ainsi la diminution de l\u2019utilisation de plastique et c\u2019est un point tr\u00e8s positif. Sa capacit\u00e9 de 650 ml garantit que vous aurez assez d\u2019eau pour une bonne partie de la journ\u00e9e. Elle est disponible en plusieurs couleurs ce qui vous permet de choisir celle qui vous correspond le mieux et qui vous pla\u00eet le plus. Accompagn\u00e9e de votre logo, cette gourde sera un super outil de communication pour votre marque. Vous pourrez l\u2019offrir \u00e0 vos clients ou collaborateurs ou m\u00eame sponsoriser l\u2019\u00e9quipe de football du coin. Car en effet, les gourdes de ce genre sont tr\u00e8s utilis\u00e9es par les joueurs de foot ou de rugby par exemple. En tout cas, beaucoup d\u2019occasions peuvent vous aider \u00e0 promouvoir votre marque \u00e0 l\u2019aide d\u2019un produit utile et bon pour l\u2019environnement. [&#8230;]<\/p>\n<p><a class=\"btn btn-secondary understrap-read-more-link\" href=\"https:\/\/promz.be\/fr\/product\/gourde-etanche-en-plastique-recycle-personnalisee\/\">Lire la suite&#8230;<\/a><\/p>\n","protected":false},"featured_media":24593,"comment_status":"closed","ping_status":"open","template":"","meta":[],"product_cat":[979,952,984,947,983],"product_tag":[],"_links":{"self":[{"href":"https:\/\/promz.be\/fr\/wp-json\/wp\/v2\/product\/24740"}],"collection":[{"href":"https:\/\/promz.be\/fr\/wp-json\/wp\/v2\/product"}],"about":[{"href":"https:\/\/promz.be\/fr\/wp-json\/wp\/v2\/types\/product"}],"replies":[{"embeddable":true,"href":"https:\/\/promz.be\/fr\/wp-json\/wp\/v2\/comments?post=24740"}],"wp:featuredmedia":[{"embeddable":true,"href":"https:\/\/promz.be\/fr\/wp-json\/wp\/v2\/media\/24593"}],"wp:attachment":[{"href":"https:\/\/promz.be\/fr\/wp-json\/wp\/v2\/media?parent=24740"}],"wp:term":[{"taxonomy":"product_cat","embeddable":true,"href":"https:\/\/promz.be\/fr\/wp-json\/wp\/v2\/product_cat?post=24740"},{"taxonomy":"product_tag","embeddable":true,"href":"https:\/\/promz.be\/fr\/wp-json\/wp\/v2\/product_tag?post=24740"}],"curies":[{"name":"wp","href":"https:\/\/api.w.org\/{rel}","templated":true}]}}