{"id":24741,"date":"2018-11-13T00:00:00","date_gmt":"2019-08-11T06:44:07","guid":{"rendered":"https:\/\/promz.be\/product\/sac-de-plage-en-jute-personnalise\/"},"modified":"2020-10-22T12:14:31","modified_gmt":"2020-10-22T10:14:31","slug":"sac-de-plage-en-jute-personnalise","status":"publish","type":"product","link":"https:\/\/promz.be\/fr\/product\/sac-de-plage-en-jute-personnalise\/","title":{"rendered":"Sac de plage en jute personnalis\u00e9"},"content":{"rendered":"<p>Avec les beaux jours qui approchent, un sac de plage est un article indispensable. Mais celui-l\u00e0 est particulier. Il s\u2019agit d\u2019un sac de plage enti\u00e8rement en toile de Jute. Les poign\u00e9es sont en corde ce qui renforce son aspect \u00e9cologique et naturel. Ce sac poss\u00e8de une allure vraiment \u00e9l\u00e9gante et peut \u00e0 la fois correspondre \u00e0 un sac de plage comme \u00e0 un sac pour transporter les courses. Il est disponible en une seule couleur, qui est le beige, car c\u2019est une couleur naturelle qui renforce elle aussi le c\u00f4t\u00e9 \u00e9cologique et durable de ce sac. Il est personnalisable \u00e0 l\u2019aide de diff\u00e9rentes techniques adapt\u00e9es au Jute. Le rendu final est qualitatif et le logo tiendra sur une longue dur\u00e9e. Vous pourrez donc garantir votre communication cet \u00e9t\u00e9 sur les plages, mais aussi a la fin de l\u2019\u00e9t\u00e9 quand les personnes ayant re\u00e7u ce sac iront faire les courses.<\/p>\n","protected":false},"excerpt":{"rendered":"<p>Avec les beaux jours qui approchent, un sac de plage est un article indispensable. Mais celui-l\u00e0 est particulier. Il s\u2019agit d\u2019un sac de plage enti\u00e8rement en toile de Jute. Les poign\u00e9es sont en corde ce qui renforce son aspect \u00e9cologique et naturel. Ce sac poss\u00e8de une allure vraiment \u00e9l\u00e9gante et peut \u00e0 la fois correspondre \u00e0 un sac de plage comme \u00e0 un sac pour transporter les courses. Il est disponible en une seule couleur, qui est le beige, car c\u2019est une couleur naturelle qui renforce elle aussi le c\u00f4t\u00e9 \u00e9cologique et durable de ce sac. Il est personnalisable \u00e0 l\u2019aide de diff\u00e9rentes techniques adapt\u00e9es au Jute. Le rendu final est qualitatif et le logo tiendra sur une longue dur\u00e9e. Vous pourrez donc garantir votre communication cet \u00e9t\u00e9 sur les plages, mais aussi a la fin de l\u2019\u00e9t\u00e9 quand les personnes ayant re\u00e7u ce sac iront faire les courses. [&#8230;]<\/p>\n<p><a class=\"btn btn-secondary understrap-read-more-link\" href=\"https:\/\/promz.be\/fr\/product\/sac-de-plage-en-jute-personnalise\/\">Lire la suite&#8230;<\/a><\/p>\n","protected":false},"featured_media":24596,"comment_status":"closed","ping_status":"open","template":"","meta":[],"product_cat":[952,1025,980,957,978,954],"product_tag":[],"_links":{"self":[{"href":"https:\/\/promz.be\/fr\/wp-json\/wp\/v2\/product\/24741"}],"collection":[{"href":"https:\/\/promz.be\/fr\/wp-json\/wp\/v2\/product"}],"about":[{"href":"https:\/\/promz.be\/fr\/wp-json\/wp\/v2\/types\/product"}],"replies":[{"embeddable":true,"href":"https:\/\/promz.be\/fr\/wp-json\/wp\/v2\/comments?post=24741"}],"wp:featuredmedia":[{"embeddable":true,"href":"https:\/\/promz.be\/fr\/wp-json\/wp\/v2\/media\/24596"}],"wp:attachment":[{"href":"https:\/\/promz.be\/fr\/wp-json\/wp\/v2\/media?parent=24741"}],"wp:term":[{"taxonomy":"product_cat","embeddable":true,"href":"https:\/\/promz.be\/fr\/wp-json\/wp\/v2\/product_cat?post=24741"},{"taxonomy":"product_tag","embeddable":true,"href":"https:\/\/promz.be\/fr\/wp-json\/wp\/v2\/product_tag?post=24741"}],"curies":[{"name":"wp","href":"https:\/\/api.w.org\/{rel}","templated":true}]}}