{"id":24742,"date":"2018-06-06T00:00:00","date_gmt":"2019-08-11T06:44:07","guid":{"rendered":"https:\/\/promz.be\/product\/ballon-de-plage-bondi-personnalise\/"},"modified":"2020-10-22T12:14:43","modified_gmt":"2020-10-22T10:14:43","slug":"ballon-de-plage-bondi-personnalise","status":"publish","type":"product","link":"https:\/\/promz.be\/fr\/product\/ballon-de-plage-bondi-personnalise\/","title":{"rendered":"Ballon de plage Bondi personnalis\u00e9"},"content":{"rendered":"<p>Quand les beaux jours approchent, des envies d\u2019aller profiter \u00e0 l\u2019ext\u00e9rieur apparaissent. C\u2019est le moment o\u00f9 commencent les barbecues, les vacances, les pique-niques, et les journ\u00e9es \u00e0 la plage. Nous avons donc pens\u00e9 qu\u2019accompagner ces bons moments de quelques jeux pourrait \u00eatre une bonne id\u00e9e. Notamment le ballon de plage, qui est un jeu appr\u00e9ci\u00e9 \u00e0 la fois par les petits, mais aussi par les grands. Il est disponible dans beaucoup de coloris pour satisfaire vos go\u00fbts. Il est \u00e9galement personnalisable, cela signifie que vous pouvez y ins\u00e9rer votre logo ou le nom de votre marque dessus. Pour cela, nous utilisons la technique de la s\u00e9rigraphie, qui garantit une qualit\u00e9 sans faille et une longue tenue. Vous pourrez ainsi profiter de moment amusant pendant de longues ann\u00e9es sans que votre logo s\u2019efface. C\u2019est un bon moyen pour vous de communiquer dans les lieux publics o\u00f9 vous vous amuserez avec un ballon de plage.<\/p>\n","protected":false},"excerpt":{"rendered":"<p>Quand les beaux jours approchent, des envies d\u2019aller profiter \u00e0 l\u2019ext\u00e9rieur apparaissent. C\u2019est le moment o\u00f9 commencent les barbecues, les vacances, les pique-niques, et les journ\u00e9es \u00e0 la plage. Nous avons donc pens\u00e9 qu\u2019accompagner ces bons moments de quelques jeux pourrait \u00eatre une bonne id\u00e9e. Notamment le ballon de plage, qui est un jeu appr\u00e9ci\u00e9 \u00e0 la fois par les petits, mais aussi par les grands. Il est disponible dans beaucoup de coloris pour satisfaire vos go\u00fbts. Il est \u00e9galement personnalisable, cela signifie que vous pouvez y ins\u00e9rer votre logo ou le nom de votre marque dessus. Pour cela, nous utilisons la technique de la s\u00e9rigraphie, qui garantit une qualit\u00e9 sans faille et une longue tenue. Vous pourrez ainsi profiter de moment amusant pendant de longues ann\u00e9es sans que votre logo s\u2019efface. C\u2019est un bon moyen pour vous de communiquer dans les lieux publics o\u00f9 vous vous amuserez avec un ballon de plage. [&#8230;]<\/p>\n<p><a class=\"btn btn-secondary understrap-read-more-link\" href=\"https:\/\/promz.be\/fr\/product\/ballon-de-plage-bondi-personnalise\/\">Lire la suite&#8230;<\/a><\/p>\n","protected":false},"featured_media":24599,"comment_status":"closed","ping_status":"open","template":"","meta":[],"product_cat":[952,1025,964,1022,953],"product_tag":[],"_links":{"self":[{"href":"https:\/\/promz.be\/fr\/wp-json\/wp\/v2\/product\/24742"}],"collection":[{"href":"https:\/\/promz.be\/fr\/wp-json\/wp\/v2\/product"}],"about":[{"href":"https:\/\/promz.be\/fr\/wp-json\/wp\/v2\/types\/product"}],"replies":[{"embeddable":true,"href":"https:\/\/promz.be\/fr\/wp-json\/wp\/v2\/comments?post=24742"}],"wp:featuredmedia":[{"embeddable":true,"href":"https:\/\/promz.be\/fr\/wp-json\/wp\/v2\/media\/24599"}],"wp:attachment":[{"href":"https:\/\/promz.be\/fr\/wp-json\/wp\/v2\/media?parent=24742"}],"wp:term":[{"taxonomy":"product_cat","embeddable":true,"href":"https:\/\/promz.be\/fr\/wp-json\/wp\/v2\/product_cat?post=24742"},{"taxonomy":"product_tag","embeddable":true,"href":"https:\/\/promz.be\/fr\/wp-json\/wp\/v2\/product_tag?post=24742"}],"curies":[{"name":"wp","href":"https:\/\/api.w.org\/{rel}","templated":true}]}}