{"id":24743,"date":"2018-06-13T00:00:00","date_gmt":"2019-08-11T06:44:07","guid":{"rendered":"https:\/\/promz.be\/product\/jeu-de-plage-matira-personnalise\/"},"modified":"2020-10-22T12:14:42","modified_gmt":"2020-10-22T10:14:42","slug":"jeu-de-plage-matira-personnalise","status":"publish","type":"product","link":"https:\/\/promz.be\/fr\/product\/jeu-de-plage-matira-personnalise\/","title":{"rendered":"Jeu de plage Matira personnalis\u00e9"},"content":{"rendered":"<p>Quand les beaux jours approchent, cela signifie que les journ\u00e9es \u00e0 la plage ne sont plus tr\u00e8s loin. Cependant, nous savons qu\u2019apr\u00e8s avoir fait une petite sieste sur le sable, deux trois baignades et lu la moiti\u00e9 de son livre, la journ\u00e9e commence \u00e0 \u00eatre un peu ennuyeuse. C\u2019est pourquoi, nous avons pens\u00e9 \u00e0 vous. Le jeu de plage Matira, qui est en fait un jeu de raquette saura rendre vos journ\u00e9es \u00e0 la plage bien plus amusantes. Ce jeu de plage est personnalisable, cela signifie que vous pouvez y ins\u00e9rer votre logo ou le nom de votre marque dessus. Pour cela, nous utilisons la technique de la s\u00e9rigraphie ou de la tampographie, qui garantisse une bonne qualit\u00e9 et une longue tenue. Vous pourrez ainsi profiter de moment amusant pendant de longues ann\u00e9es sans que votre logo s\u2019efface. C\u2019est un bon moyen pour vous de communiquer dans les plages o\u00f9 vous vous amuserez avec ce jeu de raquette.<\/p>\n","protected":false},"excerpt":{"rendered":"<p>Quand les beaux jours approchent, cela signifie que les journ\u00e9es \u00e0 la plage ne sont plus tr\u00e8s loin. Cependant, nous savons qu\u2019apr\u00e8s avoir fait une petite sieste sur le sable, deux trois baignades et lu la moiti\u00e9 de son livre, la journ\u00e9e commence \u00e0 \u00eatre un peu ennuyeuse. C\u2019est pourquoi, nous avons pens\u00e9 \u00e0 vous. Le jeu de plage Matira, qui est en fait un jeu de raquette saura rendre vos journ\u00e9es \u00e0 la plage bien plus amusantes. Ce jeu de plage est personnalisable, cela signifie que vous pouvez y ins\u00e9rer votre logo ou le nom de votre marque dessus. Pour cela, nous utilisons la technique de la s\u00e9rigraphie ou de la tampographie, qui garantisse une bonne qualit\u00e9 et une longue tenue. Vous pourrez ainsi profiter de moment amusant pendant de longues ann\u00e9es sans que votre logo s\u2019efface. C\u2019est un bon moyen pour vous de communiquer dans les plages o\u00f9 vous vous amuserez avec ce jeu de raquette. [&#8230;]<\/p>\n<p><a class=\"btn btn-secondary understrap-read-more-link\" href=\"https:\/\/promz.be\/fr\/product\/jeu-de-plage-matira-personnalise\/\">Lire la suite&#8230;<\/a><\/p>\n","protected":false},"featured_media":24602,"comment_status":"closed","ping_status":"open","template":"","meta":[],"product_cat":[952,1025,1023,1022,953],"product_tag":[],"_links":{"self":[{"href":"https:\/\/promz.be\/fr\/wp-json\/wp\/v2\/product\/24743"}],"collection":[{"href":"https:\/\/promz.be\/fr\/wp-json\/wp\/v2\/product"}],"about":[{"href":"https:\/\/promz.be\/fr\/wp-json\/wp\/v2\/types\/product"}],"replies":[{"embeddable":true,"href":"https:\/\/promz.be\/fr\/wp-json\/wp\/v2\/comments?post=24743"}],"wp:featuredmedia":[{"embeddable":true,"href":"https:\/\/promz.be\/fr\/wp-json\/wp\/v2\/media\/24602"}],"wp:attachment":[{"href":"https:\/\/promz.be\/fr\/wp-json\/wp\/v2\/media?parent=24743"}],"wp:term":[{"taxonomy":"product_cat","embeddable":true,"href":"https:\/\/promz.be\/fr\/wp-json\/wp\/v2\/product_cat?post=24743"},{"taxonomy":"product_tag","embeddable":true,"href":"https:\/\/promz.be\/fr\/wp-json\/wp\/v2\/product_tag?post=24743"}],"curies":[{"name":"wp","href":"https:\/\/api.w.org\/{rel}","templated":true}]}}