{"id":24744,"date":"2018-09-25T00:00:00","date_gmt":"2019-08-11T06:44:07","guid":{"rendered":"https:\/\/promz.be\/product\/jeu-de-badminton-santo-personnalise\/"},"modified":"2020-10-22T12:14:36","modified_gmt":"2020-10-22T10:14:36","slug":"jeu-de-badminton-santo-personnalise","status":"publish","type":"product","link":"https:\/\/promz.be\/fr\/product\/jeu-de-badminton-santo-personnalise\/","title":{"rendered":"Jeu de badminton Santo personnalis\u00e9"},"content":{"rendered":"<p>Parfois apr\u00e8s une journ\u00e9e de boulot bien remplie, une seule envie nous vient \u00e0 l\u2019esprit, c\u2019est de faire du sport. Et il parait m\u00eame que c\u2019est tr\u00e8s important. Ce jeu de badminton est un tr\u00e8s bon moyen de se d\u00e9fouler. Il est fourni dans une pochette sp\u00e9ciale avec deux raquettes et deux volants. Ce sac est personnalisable \u00e0 l\u2019aide de la tampographie pour un r\u00e9sultat vraiment pr\u00e9cis et de qualit\u00e9. Le logo que vous y imprimerez tiendra sur une longue dur\u00e9e. Incitez vos collaborateurs, clients et employ\u00e9s \u00e0 pratiquer une activit\u00e9 sportive pour rester en bonne sant\u00e9 et s\u2019a\u00e9rer la t\u00eate avec ce jeu de badminton. D\u2019autant plus que le badminton est un jeu amusant. Faire du sport en s\u2019amusant est quelque chose que tout le monde appr\u00e9cie ! Le sac qui sera personnalis\u00e9 avec votre logo ou le nom de votre marque sera un outil de communication partout l\u00e0 ou vous ne serez pas pr\u00e9sent physiquement. Votre marque sera donc connue aux yeux de tous.<\/p>\n","protected":false},"excerpt":{"rendered":"<p>Parfois apr\u00e8s une journ\u00e9e de boulot bien remplie, une seule envie nous vient \u00e0 l\u2019esprit, c\u2019est de faire du sport. Et il parait m\u00eame que c\u2019est tr\u00e8s important. Ce jeu de badminton est un tr\u00e8s bon moyen de se d\u00e9fouler. Il est fourni dans une pochette sp\u00e9ciale avec deux raquettes et deux volants. Ce sac est personnalisable \u00e0 l\u2019aide de la tampographie pour un r\u00e9sultat vraiment pr\u00e9cis et de qualit\u00e9. Le logo que vous y imprimerez tiendra sur une longue dur\u00e9e. Incitez vos collaborateurs, clients et employ\u00e9s \u00e0 pratiquer une activit\u00e9 sportive pour rester en bonne sant\u00e9 et s\u2019a\u00e9rer la t\u00eate avec ce jeu de badminton. D\u2019autant plus que le badminton est un jeu amusant. Faire du sport en s\u2019amusant est quelque chose que tout le monde appr\u00e9cie ! Le sac qui sera personnalis\u00e9 avec votre logo ou le nom de votre marque sera un outil de communication partout l\u00e0 ou vous ne serez pas pr\u00e9sent physiquement. Votre marque sera donc connue aux yeux de tous. [&#8230;]<\/p>\n<p><a class=\"btn btn-secondary understrap-read-more-link\" href=\"https:\/\/promz.be\/fr\/product\/jeu-de-badminton-santo-personnalise\/\">Lire la suite&#8230;<\/a><\/p>\n","protected":false},"featured_media":24605,"comment_status":"closed","ping_status":"open","template":"","meta":[],"product_cat":[1023,1022,953],"product_tag":[],"_links":{"self":[{"href":"https:\/\/promz.be\/fr\/wp-json\/wp\/v2\/product\/24744"}],"collection":[{"href":"https:\/\/promz.be\/fr\/wp-json\/wp\/v2\/product"}],"about":[{"href":"https:\/\/promz.be\/fr\/wp-json\/wp\/v2\/types\/product"}],"replies":[{"embeddable":true,"href":"https:\/\/promz.be\/fr\/wp-json\/wp\/v2\/comments?post=24744"}],"wp:featuredmedia":[{"embeddable":true,"href":"https:\/\/promz.be\/fr\/wp-json\/wp\/v2\/media\/24605"}],"wp:attachment":[{"href":"https:\/\/promz.be\/fr\/wp-json\/wp\/v2\/media?parent=24744"}],"wp:term":[{"taxonomy":"product_cat","embeddable":true,"href":"https:\/\/promz.be\/fr\/wp-json\/wp\/v2\/product_cat?post=24744"},{"taxonomy":"product_tag","embeddable":true,"href":"https:\/\/promz.be\/fr\/wp-json\/wp\/v2\/product_tag?post=24744"}],"curies":[{"name":"wp","href":"https:\/\/api.w.org\/{rel}","templated":true}]}}