{"id":24746,"date":"2018-11-06T00:00:00","date_gmt":"2019-08-11T06:44:07","guid":{"rendered":"https:\/\/promz.be\/product\/ballon-de-beach-volley-nitro-personnalise\/"},"modified":"2020-10-22T12:14:32","modified_gmt":"2020-10-22T10:14:32","slug":"ballon-de-beach-volley-nitro-personnalise","status":"publish","type":"product","link":"https:\/\/promz.be\/fr\/product\/ballon-de-beach-volley-nitro-personnalise\/","title":{"rendered":"Ballon de beach-volley Nitro personnalis\u00e9"},"content":{"rendered":"<p>Quand les beaux jours approchent, une envie d\u2019aller \u00e0 la plage se fait ressentir, car nous savons que les hautes temp\u00e9ratures arrivent \u00e0 grand pas. Cependant, nous savons qu\u2019apr\u00e8s avoir fait une petite sieste sur le sable et deux trois baignades, la journ\u00e9e commence \u00e0 \u00eatre un peu ennuyeuse. Parfois, on remarque ces filets de beach-volley, mais malheureusement nous n\u2019avons pas de ballons avec nous. C\u2019est pourquoi, nous avons pens\u00e9 au ballon de Beach-volley Nitro. Ce ballon sera parfait pour les journ\u00e9es d\u2019\u00e9t\u00e9 \u00e0 la plage. Il est personnalisable, cela signifie que vous pouvez y ins\u00e9rer votre logo ou le nom de votre marque dessus. Pour cela, nous utilisons la technique de la tampographie, qui garantit qualit\u00e9 et longue tenue. Vous pourrez ainsi profiter de moment amusant sur la plage sans que votre logo s\u2019efface. Si vous offrez ce ballon \u00e0 votre entourage, votre marque sera pr\u00e9sente sur toutes les plages o\u00f9 ils iront. Personne ne pourra vous oublier !<\/p>\n","protected":false},"excerpt":{"rendered":"<p>Quand les beaux jours approchent, une envie d\u2019aller \u00e0 la plage se fait ressentir, car nous savons que les hautes temp\u00e9ratures arrivent \u00e0 grand pas. Cependant, nous savons qu\u2019apr\u00e8s avoir fait une petite sieste sur le sable et deux trois baignades, la journ\u00e9e commence \u00e0 \u00eatre un peu ennuyeuse. Parfois, on remarque ces filets de beach-volley, mais malheureusement nous n\u2019avons pas de ballons avec nous. C\u2019est pourquoi, nous avons pens\u00e9 au ballon de Beach-volley Nitro. Ce ballon sera parfait pour les journ\u00e9es d\u2019\u00e9t\u00e9 \u00e0 la plage. Il est personnalisable, cela signifie que vous pouvez y ins\u00e9rer votre logo ou le nom de votre marque dessus. Pour cela, nous utilisons la technique de la tampographie, qui garantit qualit\u00e9 et longue tenue. Vous pourrez ainsi profiter de moment amusant sur la plage sans que votre logo s\u2019efface. Si vous offrez ce ballon \u00e0 votre entourage, votre marque sera pr\u00e9sente sur toutes les plages o\u00f9 ils iront. Personne ne pourra vous oublier ! [&#8230;]<\/p>\n<p><a class=\"btn btn-secondary understrap-read-more-link\" href=\"https:\/\/promz.be\/fr\/product\/ballon-de-beach-volley-nitro-personnalise\/\">Lire la suite&#8230;<\/a><\/p>\n","protected":false},"featured_media":24613,"comment_status":"closed","ping_status":"open","template":"","meta":[],"product_cat":[952,1025,1023,964,953],"product_tag":[],"_links":{"self":[{"href":"https:\/\/promz.be\/fr\/wp-json\/wp\/v2\/product\/24746"}],"collection":[{"href":"https:\/\/promz.be\/fr\/wp-json\/wp\/v2\/product"}],"about":[{"href":"https:\/\/promz.be\/fr\/wp-json\/wp\/v2\/types\/product"}],"replies":[{"embeddable":true,"href":"https:\/\/promz.be\/fr\/wp-json\/wp\/v2\/comments?post=24746"}],"wp:featuredmedia":[{"embeddable":true,"href":"https:\/\/promz.be\/fr\/wp-json\/wp\/v2\/media\/24613"}],"wp:attachment":[{"href":"https:\/\/promz.be\/fr\/wp-json\/wp\/v2\/media?parent=24746"}],"wp:term":[{"taxonomy":"product_cat","embeddable":true,"href":"https:\/\/promz.be\/fr\/wp-json\/wp\/v2\/product_cat?post=24746"},{"taxonomy":"product_tag","embeddable":true,"href":"https:\/\/promz.be\/fr\/wp-json\/wp\/v2\/product_tag?post=24746"}],"curies":[{"name":"wp","href":"https:\/\/api.w.org\/{rel}","templated":true}]}}