{"id":24747,"date":"2018-07-11T00:00:00","date_gmt":"2019-08-11T06:44:07","guid":{"rendered":"https:\/\/promz.be\/product\/set-de-jeu-ete-bleu-personnalise\/"},"modified":"2020-10-22T12:14:41","modified_gmt":"2020-10-22T10:14:41","slug":"set-de-jeu-ete-bleu-personnalise","status":"publish","type":"product","link":"https:\/\/promz.be\/fr\/product\/set-de-jeu-ete-bleu-personnalise\/","title":{"rendered":"Set de jeu \u00e9t\u00e9, bleu, personnalis\u00e9"},"content":{"rendered":"<p>Quand les beaux jours approchent, des envies d\u2019aller profiter \u00e0 l\u2019ext\u00e9rieur apparaissent. C\u2019est le moment o\u00f9 commencent les barbecues, les vacances, les piques-niques, et les journ\u00e9es \u00e0 la plage. Nous avons donc pens\u00e9 qu\u2019accompagner ces bons moments de quelques jeux pourrait \u00eatre une bonne id\u00e9e. Nous avons le set de jeux d\u2019\u00e9t\u00e9 pour cela. Ce set est compos\u00e9 de plusieurs jeux gonflables amusants tels qu\u2019un frisbee, un ballon de plage, des raquettes et un coussin. Il est personnalisable, donc vous pouvez y ins\u00e9rer votre logo ou le nom de votre marque dessus. Les journ\u00e9es \u00e0 la plage ne seront plus ennuyeuses et vous passerez des moments amusants apr\u00e8s vos pique-niques ou vos barbecues. Vous pouvez aussi en faire profiter votre entourage en leur offrant ce set en guise de cadeau de remerciement ou de bienvenue. C\u2019est un bon moyen pour vous de communiquer dans les lieux publics o\u00f9 toutes les personnes ayant ce set iront s\u2019amuser.<\/p>\n","protected":false},"excerpt":{"rendered":"<p>Quand les beaux jours approchent, des envies d\u2019aller profiter \u00e0 l\u2019ext\u00e9rieur apparaissent. C\u2019est le moment o\u00f9 commencent les barbecues, les vacances, les piques-niques, et les journ\u00e9es \u00e0 la plage. Nous avons donc pens\u00e9 qu\u2019accompagner ces bons moments de quelques jeux pourrait \u00eatre une bonne id\u00e9e. Nous avons le set de jeux d\u2019\u00e9t\u00e9 pour cela. Ce set est compos\u00e9 de plusieurs jeux gonflables amusants tels qu\u2019un frisbee, un ballon de plage, des raquettes et un coussin. Il est personnalisable, donc vous pouvez y ins\u00e9rer votre logo ou le nom de votre marque dessus. Les journ\u00e9es \u00e0 la plage ne seront plus ennuyeuses et vous passerez des moments amusants apr\u00e8s vos pique-niques ou vos barbecues. Vous pouvez aussi en faire profiter votre entourage en leur offrant ce set en guise de cadeau de remerciement ou de bienvenue. C\u2019est un bon moyen pour vous de communiquer dans les lieux publics o\u00f9 toutes les personnes ayant ce set iront s\u2019amuser. [&#8230;]<\/p>\n<p><a class=\"btn btn-secondary understrap-read-more-link\" href=\"https:\/\/promz.be\/fr\/product\/set-de-jeu-ete-bleu-personnalise\/\">Lire la suite&#8230;<\/a><\/p>\n","protected":false},"featured_media":24616,"comment_status":"closed","ping_status":"open","template":"","meta":[],"product_cat":[952,1025,1023,1022,953],"product_tag":[],"_links":{"self":[{"href":"https:\/\/promz.be\/fr\/wp-json\/wp\/v2\/product\/24747"}],"collection":[{"href":"https:\/\/promz.be\/fr\/wp-json\/wp\/v2\/product"}],"about":[{"href":"https:\/\/promz.be\/fr\/wp-json\/wp\/v2\/types\/product"}],"replies":[{"embeddable":true,"href":"https:\/\/promz.be\/fr\/wp-json\/wp\/v2\/comments?post=24747"}],"wp:featuredmedia":[{"embeddable":true,"href":"https:\/\/promz.be\/fr\/wp-json\/wp\/v2\/media\/24616"}],"wp:attachment":[{"href":"https:\/\/promz.be\/fr\/wp-json\/wp\/v2\/media?parent=24747"}],"wp:term":[{"taxonomy":"product_cat","embeddable":true,"href":"https:\/\/promz.be\/fr\/wp-json\/wp\/v2\/product_cat?post=24747"},{"taxonomy":"product_tag","embeddable":true,"href":"https:\/\/promz.be\/fr\/wp-json\/wp\/v2\/product_tag?post=24747"}],"curies":[{"name":"wp","href":"https:\/\/api.w.org\/{rel}","templated":true}]}}