{"id":24748,"date":"2018-08-08T00:00:00","date_gmt":"2019-08-11T06:44:07","guid":{"rendered":"https:\/\/promz.be\/product\/sac-etanche-en-pvc-avec-mousqueton-en-plastique-personnalise\/"},"modified":"2020-10-22T12:14:38","modified_gmt":"2020-10-22T10:14:38","slug":"sac-etanche-en-pvc-avec-mousqueton-en-plastique-personnalise","status":"publish","type":"product","link":"https:\/\/promz.be\/fr\/product\/sac-etanche-en-pvc-avec-mousqueton-en-plastique-personnalise\/","title":{"rendered":"Sac \u00e9tanche en PVC avec \nmousqueton en plastique personnalis\u00e9"},"content":{"rendered":"<p>Ce sac \u00e9tanche en PVC avec mousqueton est un sac vraiment tr\u00e8s utile. En effet, il est imperm\u00e9able. Et l\u2019imperm\u00e9abilit\u00e9, c\u2019est tr\u00e8s important quand la m\u00e9t\u00e9o est impr\u00e9visible. Ainsi, si malheureusement, il se met \u00e0 pleuvoir, tout ce qui se trouvera dans le sac ne sera pas atteint par la pluie. Nous sommes tous des adeptes de ce sac et parfois, il sauve beaucoup de choses de la pluie. Vous pouvez le personnaliser avec votre logo \u00e0 l\u2019aide de la s\u00e9rigraphie, pour en faire un outil de communication incontournable. La s\u00e9rigraphie garantie que votre logo ne s\u2019effacera pas apr\u00e8s avoir \u00e9t\u00e9 mouill\u00e9. Une fois que ce sac sera personnalis\u00e9, vous pourrez l\u2019offrir \u00e0 qui vous le souhaitez en guise de cadeau de remerciement, de fid\u00e9lit\u00e9 ou d\u2019accueil. Diff\u00e9rents coloris sont disponibles pour que vous puissiez vous rapprocher au maximum des couleurs de votre entreprise. Comme nous l\u2019avons dit pr\u00e9c\u00e9demment, ce sac est vraiment g\u00e9nial !<\/p>\n","protected":false},"excerpt":{"rendered":"<p>Ce sac \u00e9tanche en PVC avec mousqueton est un sac vraiment tr\u00e8s utile. En effet, il est imperm\u00e9able. Et l\u2019imperm\u00e9abilit\u00e9, c\u2019est tr\u00e8s important quand la m\u00e9t\u00e9o est impr\u00e9visible. Ainsi, si malheureusement, il se met \u00e0 pleuvoir, tout ce qui se trouvera dans le sac ne sera pas atteint par la pluie. Nous sommes tous des adeptes de ce sac et parfois, il sauve beaucoup de choses de la pluie. Vous pouvez le personnaliser avec votre logo \u00e0 l\u2019aide de la s\u00e9rigraphie, pour en faire un outil de communication incontournable. La s\u00e9rigraphie garantie que votre logo ne s\u2019effacera pas apr\u00e8s avoir \u00e9t\u00e9 mouill\u00e9. Une fois que ce sac sera personnalis\u00e9, vous pourrez l\u2019offrir \u00e0 qui vous le souhaitez en guise de cadeau de remerciement, de fid\u00e9lit\u00e9 ou d\u2019accueil. Diff\u00e9rents coloris sont disponibles pour que vous puissiez vous rapprocher au maximum des couleurs de votre entreprise. Comme nous l\u2019avons dit pr\u00e9c\u00e9demment, ce sac est vraiment g\u00e9nial ! [&#8230;]<\/p>\n<p><a class=\"btn btn-secondary understrap-read-more-link\" href=\"https:\/\/promz.be\/fr\/product\/sac-etanche-en-pvc-avec-mousqueton-en-plastique-personnalise\/\">Lire la suite&#8230;<\/a><\/p>\n","protected":false},"featured_media":24619,"comment_status":"closed","ping_status":"open","template":"","meta":[],"product_cat":[952,1025,978,954],"product_tag":[],"_links":{"self":[{"href":"https:\/\/promz.be\/fr\/wp-json\/wp\/v2\/product\/24748"}],"collection":[{"href":"https:\/\/promz.be\/fr\/wp-json\/wp\/v2\/product"}],"about":[{"href":"https:\/\/promz.be\/fr\/wp-json\/wp\/v2\/types\/product"}],"replies":[{"embeddable":true,"href":"https:\/\/promz.be\/fr\/wp-json\/wp\/v2\/comments?post=24748"}],"wp:featuredmedia":[{"embeddable":true,"href":"https:\/\/promz.be\/fr\/wp-json\/wp\/v2\/media\/24619"}],"wp:attachment":[{"href":"https:\/\/promz.be\/fr\/wp-json\/wp\/v2\/media?parent=24748"}],"wp:term":[{"taxonomy":"product_cat","embeddable":true,"href":"https:\/\/promz.be\/fr\/wp-json\/wp\/v2\/product_cat?post=24748"},{"taxonomy":"product_tag","embeddable":true,"href":"https:\/\/promz.be\/fr\/wp-json\/wp\/v2\/product_tag?post=24748"}],"curies":[{"name":"wp","href":"https:\/\/api.w.org\/{rel}","templated":true}]}}