{"id":24749,"date":"2018-10-18T00:00:00","date_gmt":"2019-08-11T06:44:07","guid":{"rendered":"https:\/\/promz.be\/product\/lunettes-de-soleil-june-personnalisees\/"},"modified":"2020-10-22T12:14:35","modified_gmt":"2020-10-22T10:14:35","slug":"lunettes-de-soleil-june-personnalisees","status":"publish","type":"product","link":"https:\/\/promz.be\/fr\/product\/lunettes-de-soleil-june-personnalisees\/","title":{"rendered":"Lunettes de soleil June personnalis\u00e9es"},"content":{"rendered":"<p>Lorsque le soleil pointe le bout de son nez, nous aimons tous sortir nos lunettes de soleil. M\u00eame si c\u2019est un soleil automnal, le fait de mettre nos lunettes de soleil nous rappelle que l\u2019\u00e9t\u00e9 n\u2019est plus tr\u00e8s loin. Cette fois-ci, nous avons d\u00e9cid\u00e9 d\u2019opter pour des lunettes de soleil un peu plus amusantes et originales dans un style r\u00e9tro. Plusieurs couleurs sont disponibles pour que vous puissiez trouver votre bonheur. Ces lunettes peuvent \u00eatre parfaites pour un festival ou un \u00e9v\u00e8nement comme un anniversaire par exemple. Notez que ce sont des lunettes fantaisies. Elles peuvent \u00eatre personnalis\u00e9es avec votre logo ou le nom de votre entreprise sur les branches. \u00c0 vous de choisir ce que vous pr\u00e9f\u00e9rez. Le principal est de personnaliser les lunettes \u00e0 votre image, \u00e0 l\u2019image de votre entreprise pour qu\u2019elles puissent promouvoir votre marque partout l\u00e0 o\u00f9 elles seront port\u00e9es. C\u2019est un moyen de compl\u00e9ter votre strat\u00e9gie marketing facilement.<\/p>\n","protected":false},"excerpt":{"rendered":"<p>Lorsque le soleil pointe le bout de son nez, nous aimons tous sortir nos lunettes de soleil. M\u00eame si c\u2019est un soleil automnal, le fait de mettre nos lunettes de soleil nous rappelle que l\u2019\u00e9t\u00e9 n\u2019est plus tr\u00e8s loin. Cette fois-ci, nous avons d\u00e9cid\u00e9 d\u2019opter pour des lunettes de soleil un peu plus amusantes et originales dans un style r\u00e9tro. Plusieurs couleurs sont disponibles pour que vous puissiez trouver votre bonheur. Ces lunettes peuvent \u00eatre parfaites pour un festival ou un \u00e9v\u00e8nement comme un anniversaire par exemple. Notez que ce sont des lunettes fantaisies. Elles peuvent \u00eatre personnalis\u00e9es avec votre logo ou le nom de votre entreprise sur les branches. \u00c0 vous de choisir ce que vous pr\u00e9f\u00e9rez. Le principal est de personnaliser les lunettes \u00e0 votre image, \u00e0 l\u2019image de votre entreprise pour qu\u2019elles puissent promouvoir votre marque partout l\u00e0 o\u00f9 elles seront port\u00e9es. C\u2019est un moyen de compl\u00e9ter votre strat\u00e9gie marketing facilement. [&#8230;]<\/p>\n<p><a class=\"btn btn-secondary understrap-read-more-link\" href=\"https:\/\/promz.be\/fr\/product\/lunettes-de-soleil-june-personnalisees\/\">Lire la suite&#8230;<\/a><\/p>\n","protected":false},"featured_media":24622,"comment_status":"closed","ping_status":"open","template":"","meta":[],"product_cat":[952,1025,957,1041],"product_tag":[],"_links":{"self":[{"href":"https:\/\/promz.be\/fr\/wp-json\/wp\/v2\/product\/24749"}],"collection":[{"href":"https:\/\/promz.be\/fr\/wp-json\/wp\/v2\/product"}],"about":[{"href":"https:\/\/promz.be\/fr\/wp-json\/wp\/v2\/types\/product"}],"replies":[{"embeddable":true,"href":"https:\/\/promz.be\/fr\/wp-json\/wp\/v2\/comments?post=24749"}],"wp:featuredmedia":[{"embeddable":true,"href":"https:\/\/promz.be\/fr\/wp-json\/wp\/v2\/media\/24622"}],"wp:attachment":[{"href":"https:\/\/promz.be\/fr\/wp-json\/wp\/v2\/media?parent=24749"}],"wp:term":[{"taxonomy":"product_cat","embeddable":true,"href":"https:\/\/promz.be\/fr\/wp-json\/wp\/v2\/product_cat?post=24749"},{"taxonomy":"product_tag","embeddable":true,"href":"https:\/\/promz.be\/fr\/wp-json\/wp\/v2\/product_tag?post=24749"}],"curies":[{"name":"wp","href":"https:\/\/api.w.org\/{rel}","templated":true}]}}