{"id":24751,"date":"2018-06-07T00:00:00","date_gmt":"2019-08-11T06:44:07","guid":{"rendered":"https:\/\/promz.be\/product\/thermos-swing-500ml-personnalise\/"},"modified":"2020-10-22T12:14:43","modified_gmt":"2020-10-22T10:14:43","slug":"thermos-swing-500ml-personnalise","status":"publish","type":"product","link":"https:\/\/promz.be\/fr\/product\/thermos-swing-500ml-personnalise\/","title":{"rendered":"Thermos Swing 500ml personnalis\u00e9"},"content":{"rendered":"<p>Le thermos Swing est une bouteille \u00e0 double paroi effet m\u00e9tal. Ce thermos est adapt\u00e9 \u00e0 la fois aux boissons chaudes comme aux boissons froides. Il existe en plusieurs coloris afin que vous ayez le choix du design et que vous soyez en possession d\u2019un produit qui vous ressemble. Cette bouteille est r\u00e9utilisable ce qui en fait un produit bon pour l\u2019environnement. En effet, vous n\u2019aurez plus \u00e0 utiliser de bouteilles en plastique. Lorsque ce thermos est personnalis\u00e9, le logo apporte une touche suppl\u00e9mentaire au design de ce produit. Diff\u00e9rentes options d\u2019impression sont disponibles en fonction de vos besoins. Attention, cette bouteille ne peut pas \u00eatre lav\u00e9e au lave-vaisselle, car sinon le logo risquerait de s\u2019effacer rapidement. C\u2019est un produit qui peut \u00eatre offert \u00e0 vos employ\u00e9s, collaborateurs ou clients pour les remercier de leur fid\u00e9lit\u00e9. Ceci vous permettra de promouvoir votre marque tout en promouvant un produit responsable et bon pour l\u2019environnement.<\/p>\n","protected":false},"excerpt":{"rendered":"<p>Le thermos Swing est une bouteille \u00e0 double paroi effet m\u00e9tal. Ce thermos est adapt\u00e9 \u00e0 la fois aux boissons chaudes comme aux boissons froides. Il existe en plusieurs coloris afin que vous ayez le choix du design et que vous soyez en possession d\u2019un produit qui vous ressemble. Cette bouteille est r\u00e9utilisable ce qui en fait un produit bon pour l\u2019environnement. En effet, vous n\u2019aurez plus \u00e0 utiliser de bouteilles en plastique. Lorsque ce thermos est personnalis\u00e9, le logo apporte une touche suppl\u00e9mentaire au design de ce produit. Diff\u00e9rentes options d\u2019impression sont disponibles en fonction de vos besoins. Attention, cette bouteille ne peut pas \u00eatre lav\u00e9e au lave-vaisselle, car sinon le logo risquerait de s\u2019effacer rapidement. C\u2019est un produit qui peut \u00eatre offert \u00e0 vos employ\u00e9s, collaborateurs ou clients pour les remercier de leur fid\u00e9lit\u00e9. Ceci vous permettra de promouvoir votre marque tout en promouvant un produit responsable et bon pour l\u2019environnement. [&#8230;]<\/p>\n<p><a class=\"btn btn-secondary understrap-read-more-link\" href=\"https:\/\/promz.be\/fr\/product\/thermos-swing-500ml-personnalise\/\">Lire la suite&#8230;<\/a><\/p>\n","protected":false},"featured_media":24628,"comment_status":"closed","ping_status":"open","template":"","meta":[],"product_cat":[947,984,969,1027],"product_tag":[],"_links":{"self":[{"href":"https:\/\/promz.be\/fr\/wp-json\/wp\/v2\/product\/24751"}],"collection":[{"href":"https:\/\/promz.be\/fr\/wp-json\/wp\/v2\/product"}],"about":[{"href":"https:\/\/promz.be\/fr\/wp-json\/wp\/v2\/types\/product"}],"replies":[{"embeddable":true,"href":"https:\/\/promz.be\/fr\/wp-json\/wp\/v2\/comments?post=24751"}],"wp:featuredmedia":[{"embeddable":true,"href":"https:\/\/promz.be\/fr\/wp-json\/wp\/v2\/media\/24628"}],"wp:attachment":[{"href":"https:\/\/promz.be\/fr\/wp-json\/wp\/v2\/media?parent=24751"}],"wp:term":[{"taxonomy":"product_cat","embeddable":true,"href":"https:\/\/promz.be\/fr\/wp-json\/wp\/v2\/product_cat?post=24751"},{"taxonomy":"product_tag","embeddable":true,"href":"https:\/\/promz.be\/fr\/wp-json\/wp\/v2\/product_tag?post=24751"}],"curies":[{"name":"wp","href":"https:\/\/api.w.org\/{rel}","templated":true}]}}