{"id":24752,"date":"2018-09-12T00:00:00","date_gmt":"2019-08-11T06:44:07","guid":{"rendered":"https:\/\/promz.be\/product\/bouteille-oregon-pour-sublimation-personnalisee\/"},"modified":"2020-10-22T12:14:36","modified_gmt":"2020-10-22T10:14:36","slug":"bouteille-oregon-pour-sublimation-personnalisee","status":"publish","type":"product","link":"https:\/\/promz.be\/fr\/product\/bouteille-oregon-pour-sublimation-personnalisee\/","title":{"rendered":"Bouteille Oregon pour sublimation personnalis\u00e9e"},"content":{"rendered":"<p>La bouteille Oregon est une bouteille \u00e0 simple paroi en m\u00e9tal d\u2019une contenance de 400 ml, ce qui est suffisant pour une demi-journ\u00e9e. Le bouchon dot\u00e9 d\u2019un mousqueton se visse et se d\u00e9visse. De nombreux coloris sont disponibles allant des couleurs les plus classiques aux couleurs les plus flashy. Cette bouteille est r\u00e9utilisable ce qui en fait un produit bon pour l\u2019environnement. En effet, vous n\u2019aurez plus \u00e0 utiliser de bouteilles en plastique pour vos boissons. Lorsque cette bouteille est personnalis\u00e9e, le logo apporte une touche suppl\u00e9mentaire au design de ce produit. Diff\u00e9rentes options d\u2019impression sont disponibles en fonction de vos besoins. Attention, cette bouteille ne peut pas \u00eatre lav\u00e9e au lave-vaisselle, car sinon le logo risquerait de s\u2019effacer rapidement. C\u2019est un produit qui peut \u00eatre offert \u00e0 vos employ\u00e9s, collaborateurs ou clients pour les remercier de leur fid\u00e9lit\u00e9. Ceci vous permettra de promouvoir votre marque tout en promouvant un produit responsable et bon pour l\u2019environnement.<\/p>\n","protected":false},"excerpt":{"rendered":"<p>La bouteille Oregon est une bouteille \u00e0 simple paroi en m\u00e9tal d\u2019une contenance de 400 ml, ce qui est suffisant pour une demi-journ\u00e9e. Le bouchon dot\u00e9 d\u2019un mousqueton se visse et se d\u00e9visse. De nombreux coloris sont disponibles allant des couleurs les plus classiques aux couleurs les plus flashy. Cette bouteille est r\u00e9utilisable ce qui en fait un produit bon pour l\u2019environnement. En effet, vous n\u2019aurez plus \u00e0 utiliser de bouteilles en plastique pour vos boissons. Lorsque cette bouteille est personnalis\u00e9e, le logo apporte une touche suppl\u00e9mentaire au design de ce produit. Diff\u00e9rentes options d\u2019impression sont disponibles en fonction de vos besoins. Attention, cette bouteille ne peut pas \u00eatre lav\u00e9e au lave-vaisselle, car sinon le logo risquerait de s\u2019effacer rapidement. C\u2019est un produit qui peut \u00eatre offert \u00e0 vos employ\u00e9s, collaborateurs ou clients pour les remercier de leur fid\u00e9lit\u00e9. Ceci vous permettra de promouvoir votre marque tout en promouvant un produit responsable et bon pour l\u2019environnement. [&#8230;]<\/p>\n<p><a class=\"btn btn-secondary understrap-read-more-link\" href=\"https:\/\/promz.be\/fr\/product\/bouteille-oregon-pour-sublimation-personnalisee\/\">Lire la suite&#8230;<\/a><\/p>\n","protected":false},"featured_media":24631,"comment_status":"closed","ping_status":"open","template":"","meta":[],"product_cat":[984,947,969,1027],"product_tag":[],"_links":{"self":[{"href":"https:\/\/promz.be\/fr\/wp-json\/wp\/v2\/product\/24752"}],"collection":[{"href":"https:\/\/promz.be\/fr\/wp-json\/wp\/v2\/product"}],"about":[{"href":"https:\/\/promz.be\/fr\/wp-json\/wp\/v2\/types\/product"}],"replies":[{"embeddable":true,"href":"https:\/\/promz.be\/fr\/wp-json\/wp\/v2\/comments?post=24752"}],"wp:featuredmedia":[{"embeddable":true,"href":"https:\/\/promz.be\/fr\/wp-json\/wp\/v2\/media\/24631"}],"wp:attachment":[{"href":"https:\/\/promz.be\/fr\/wp-json\/wp\/v2\/media?parent=24752"}],"wp:term":[{"taxonomy":"product_cat","embeddable":true,"href":"https:\/\/promz.be\/fr\/wp-json\/wp\/v2\/product_cat?post=24752"},{"taxonomy":"product_tag","embeddable":true,"href":"https:\/\/promz.be\/fr\/wp-json\/wp\/v2\/product_tag?post=24752"}],"curies":[{"name":"wp","href":"https:\/\/api.w.org\/{rel}","templated":true}]}}