{"id":24754,"date":"2018-06-27T00:00:00","date_gmt":"2019-08-11T06:44:07","guid":{"rendered":"https:\/\/promz.be\/product\/bouteille-a-infusion-bopp-fruit-personnalisee\/"},"modified":"2020-10-22T12:14:41","modified_gmt":"2020-10-22T10:14:41","slug":"bouteille-a-infusion-bopp-fruit-personnalisee","status":"publish","type":"product","link":"https:\/\/promz.be\/fr\/product\/bouteille-a-infusion-bopp-fruit-personnalisee\/","title":{"rendered":"Bouteille \u00e0 infusion Bopp Fruit personnalis\u00e9e"},"content":{"rendered":"<p>Aujourd\u2019hui, les gens ont tendance \u00e0 vouloir avoir un mode de vie plus sain et plus di\u00e9t\u00e9tique. Cette bouteille \u00e0 infusion peut-\u00eatre un moyen d\u2019aider ces personnes-l\u00e0. En effet, elle poss\u00e8de un panier \u00e0 infusion allant jusqu\u2019au fond de la bouteille dans lequel peuvent \u00eatre d\u00e9pos\u00e9s des fruits frais. Cela garanti une boisson saine et vitamin\u00e9e pour bien commencer la journ\u00e9e. Sachant que c\u2019est une bouteille r\u00e9utilisable, elle \u00e9vite la consommation de bouteilles en plastique qui sont n\u00e9fastes pour l\u2019environnement. Sa contenance est de 650 ml, ce qui est suffisant pour une matin\u00e9e ou une apr\u00e8s-midi. Cette bouteille est personnalisable \u00e0 l\u2019aide de la tampographie. Accompagn\u00e9e de votre logo, cette bouteille sera un vrai produit promotionnel efficace. Offrez-la \u00e0 vos collaborateurs ou clients pour les remercier de leur fid\u00e9lit\u00e9 et pour les encourager \u00e0 utiliser un produit bon pour l\u2019environnement. Ils feront tous les jours le plein de vitamines gr\u00e2ce \u00e0 vous et cette bouteille vraiment pratique.<\/p>\n","protected":false},"excerpt":{"rendered":"<p>Aujourd\u2019hui, les gens ont tendance \u00e0 vouloir avoir un mode de vie plus sain et plus di\u00e9t\u00e9tique. Cette bouteille \u00e0 infusion peut-\u00eatre un moyen d\u2019aider ces personnes-l\u00e0. En effet, elle poss\u00e8de un panier \u00e0 infusion allant jusqu\u2019au fond de la bouteille dans lequel peuvent \u00eatre d\u00e9pos\u00e9s des fruits frais. Cela garanti une boisson saine et vitamin\u00e9e pour bien commencer la journ\u00e9e. Sachant que c\u2019est une bouteille r\u00e9utilisable, elle \u00e9vite la consommation de bouteilles en plastique qui sont n\u00e9fastes pour l\u2019environnement. Sa contenance est de 650 ml, ce qui est suffisant pour une matin\u00e9e ou une apr\u00e8s-midi. Cette bouteille est personnalisable \u00e0 l\u2019aide de la tampographie. Accompagn\u00e9e de votre logo, cette bouteille sera un vrai produit promotionnel efficace. Offrez-la \u00e0 vos collaborateurs ou clients pour les remercier de leur fid\u00e9lit\u00e9 et pour les encourager \u00e0 utiliser un produit bon pour l\u2019environnement. Ils feront tous les jours le plein de vitamines gr\u00e2ce \u00e0 vous et cette bouteille vraiment pratique. [&#8230;]<\/p>\n<p><a class=\"btn btn-secondary understrap-read-more-link\" href=\"https:\/\/promz.be\/fr\/product\/bouteille-a-infusion-bopp-fruit-personnalisee\/\">Lire la suite&#8230;<\/a><\/p>\n","protected":false},"featured_media":24637,"comment_status":"closed","ping_status":"open","template":"","meta":[],"product_cat":[984,947,969],"product_tag":[],"_links":{"self":[{"href":"https:\/\/promz.be\/fr\/wp-json\/wp\/v2\/product\/24754"}],"collection":[{"href":"https:\/\/promz.be\/fr\/wp-json\/wp\/v2\/product"}],"about":[{"href":"https:\/\/promz.be\/fr\/wp-json\/wp\/v2\/types\/product"}],"replies":[{"embeddable":true,"href":"https:\/\/promz.be\/fr\/wp-json\/wp\/v2\/comments?post=24754"}],"wp:featuredmedia":[{"embeddable":true,"href":"https:\/\/promz.be\/fr\/wp-json\/wp\/v2\/media\/24637"}],"wp:attachment":[{"href":"https:\/\/promz.be\/fr\/wp-json\/wp\/v2\/media?parent=24754"}],"wp:term":[{"taxonomy":"product_cat","embeddable":true,"href":"https:\/\/promz.be\/fr\/wp-json\/wp\/v2\/product_cat?post=24754"},{"taxonomy":"product_tag","embeddable":true,"href":"https:\/\/promz.be\/fr\/wp-json\/wp\/v2\/product_tag?post=24754"}],"curies":[{"name":"wp","href":"https:\/\/api.w.org\/{rel}","templated":true}]}}