{"id":24755,"date":"2018-10-15T00:00:00","date_gmt":"2019-08-11T06:44:07","guid":{"rendered":"https:\/\/promz.be\/product\/bouteille-isolante-vasa-personnalisee\/"},"modified":"2020-10-22T12:14:35","modified_gmt":"2020-10-22T10:14:35","slug":"bouteille-isolante-vasa-personnalisee","status":"publish","type":"product","link":"https:\/\/promz.be\/fr\/product\/bouteille-isolante-vasa-personnalisee\/","title":{"rendered":"Bouteille isolante Vasa personnalis\u00e9e"},"content":{"rendered":"<p>Voil\u00e0 une de nos bouteilles pr\u00e9f\u00e9r\u00e9es. Cette bouteille isolante Vasa d\u2019une contenance de 500 ml est fabriqu\u00e9e \u00e0 l\u2019aide d\u2019acier inoxydable. Son design est tout simplement incroyable, \u00e9pur\u00e9 et \u00e9l\u00e9gant. Elle est disponible dans diff\u00e9rents coloris tr\u00e8s raffin\u00e9s. Elle peut conserver vos boissons chaudes pendant 12 heures et froides pendant 48 heures. Tout cela gr\u00e2ce au cuivre ins\u00e9r\u00e9 dans la paroi interne de la bouteille. Cette bouteille peut faire l\u2019objet d\u2019un cadeau promotionnel pour vos collaborateurs ou clients \u00e9tant donn\u00e9 sa qualit\u00e9 et son design. De plus, elle est livr\u00e9e dans une boite cadeau qui apporte un design suppl\u00e9mentaire. Beaucoup d\u2019occasions s\u2019offrent \u00e0 vous pour distribuer ce produit afin de faire conna\u00eetre votre marque. En effet, elle est personnalisable gr\u00e2ce \u00e0 diff\u00e9rentes m\u00e9thodes d\u2019impression qui garantissent qualit\u00e9 et durabilit\u00e9 de votre logo. Avec cette bouteille, vous ferez un geste positif pour l\u2019environnement, car vous diminuerez l\u2019utilisation de bouteilles en plastique, mauvaises pour la plan\u00e8te.<\/p>\n","protected":false},"excerpt":{"rendered":"<p>Voil\u00e0 une de nos bouteilles pr\u00e9f\u00e9r\u00e9es. Cette bouteille isolante Vasa d\u2019une contenance de 500 ml est fabriqu\u00e9e \u00e0 l\u2019aide d\u2019acier inoxydable. Son design est tout simplement incroyable, \u00e9pur\u00e9 et \u00e9l\u00e9gant. Elle est disponible dans diff\u00e9rents coloris tr\u00e8s raffin\u00e9s. Elle peut conserver vos boissons chaudes pendant 12 heures et froides pendant 48 heures. Tout cela gr\u00e2ce au cuivre ins\u00e9r\u00e9 dans la paroi interne de la bouteille. Cette bouteille peut faire l\u2019objet d\u2019un cadeau promotionnel pour vos collaborateurs ou clients \u00e9tant donn\u00e9 sa qualit\u00e9 et son design. De plus, elle est livr\u00e9e dans une boite cadeau qui apporte un design suppl\u00e9mentaire. Beaucoup d\u2019occasions s\u2019offrent \u00e0 vous pour distribuer ce produit afin de faire conna\u00eetre votre marque. En effet, elle est personnalisable gr\u00e2ce \u00e0 diff\u00e9rentes m\u00e9thodes d\u2019impression qui garantissent qualit\u00e9 et durabilit\u00e9 de votre logo. Avec cette bouteille, vous ferez un geste positif pour l\u2019environnement, car vous diminuerez l\u2019utilisation de bouteilles en plastique, mauvaises pour la plan\u00e8te. [&#8230;]<\/p>\n<p><a class=\"btn btn-secondary understrap-read-more-link\" href=\"https:\/\/promz.be\/fr\/product\/bouteille-isolante-vasa-personnalisee\/\">Lire la suite&#8230;<\/a><\/p>\n","protected":false},"featured_media":24640,"comment_status":"closed","ping_status":"open","template":"","meta":[],"product_cat":[947,984,969,1027],"product_tag":[],"_links":{"self":[{"href":"https:\/\/promz.be\/fr\/wp-json\/wp\/v2\/product\/24755"}],"collection":[{"href":"https:\/\/promz.be\/fr\/wp-json\/wp\/v2\/product"}],"about":[{"href":"https:\/\/promz.be\/fr\/wp-json\/wp\/v2\/types\/product"}],"replies":[{"embeddable":true,"href":"https:\/\/promz.be\/fr\/wp-json\/wp\/v2\/comments?post=24755"}],"wp:featuredmedia":[{"embeddable":true,"href":"https:\/\/promz.be\/fr\/wp-json\/wp\/v2\/media\/24640"}],"wp:attachment":[{"href":"https:\/\/promz.be\/fr\/wp-json\/wp\/v2\/media?parent=24755"}],"wp:term":[{"taxonomy":"product_cat","embeddable":true,"href":"https:\/\/promz.be\/fr\/wp-json\/wp\/v2\/product_cat?post=24755"},{"taxonomy":"product_tag","embeddable":true,"href":"https:\/\/promz.be\/fr\/wp-json\/wp\/v2\/product_tag?post=24755"}],"curies":[{"name":"wp","href":"https:\/\/api.w.org\/{rel}","templated":true}]}}