{"id":24757,"date":"2018-07-08T00:00:00","date_gmt":"2019-08-11T06:44:40","guid":{"rendered":"https:\/\/promz.be\/product\/sac-de-sport-chester-personnalise\/"},"modified":"2020-10-22T12:14:41","modified_gmt":"2020-10-22T10:14:41","slug":"sac-de-sport-chester-personnalise","status":"publish","type":"product","link":"https:\/\/promz.be\/fr\/product\/sac-de-sport-chester-personnalise\/","title":{"rendered":"Sac de sport Chester personnalis\u00e9"},"content":{"rendered":"<p>Le sport \u00e9tant une activit\u00e9 importante pour le bien-\u00eatre personnel, un sac de sport est toujours un cadeau appr\u00e9ci\u00e9. Celui-l\u00e0 est compos\u00e9 d\u2019un grand compartiment principal \u00e0 glissi\u00e8re comprenant une poche sur le c\u00f4t\u00e9 et un support rigide fixe dans le fond. La face avant dispose d\u2019une petite fixation afin d\u2019y mettre des petits accessoires. Il est dot\u00e9 d\u2019une bandouli\u00e8re amovible r\u00e9glable afin que vous puissiez choisir la taille qui vous est la plus confortable. Enfin, une poign\u00e9e de transport est ins\u00e9r\u00e9e si vous pr\u00e9f\u00e9rez le transporter \u00e0 la main. Il est personnalisable au niveau de la face avant gr\u00e2ce \u00e0 diff\u00e9rentes m\u00e9thodes d\u2019impression qui assurent longue tenue du logo et qualit\u00e9. Vous pourrez ainsi l\u2019offrir \u00e0 vos collaborateurs ou clients ou bien sponsoriser un club sportif que vous appr\u00e9ciez. Ceci vous permettra de compl\u00e9ter votre strat\u00e9gie marketing avec un produit promotionnel qui vous repr\u00e9sentera l\u00e0 o\u00f9 vous ne serez pas physiquement.<\/p>\n","protected":false},"excerpt":{"rendered":"<p>Le sport \u00e9tant une activit\u00e9 importante pour le bien-\u00eatre personnel, un sac de sport est toujours un cadeau appr\u00e9ci\u00e9. Celui-l\u00e0 est compos\u00e9 d\u2019un grand compartiment principal \u00e0 glissi\u00e8re comprenant une poche sur le c\u00f4t\u00e9 et un support rigide fixe dans le fond. La face avant dispose d\u2019une petite fixation afin d\u2019y mettre des petits accessoires. Il est dot\u00e9 d\u2019une bandouli\u00e8re amovible r\u00e9glable afin que vous puissiez choisir la taille qui vous est la plus confortable. Enfin, une poign\u00e9e de transport est ins\u00e9r\u00e9e si vous pr\u00e9f\u00e9rez le transporter \u00e0 la main. Il est personnalisable au niveau de la face avant gr\u00e2ce \u00e0 diff\u00e9rentes m\u00e9thodes d\u2019impression qui assurent longue tenue du logo et qualit\u00e9. Vous pourrez ainsi l\u2019offrir \u00e0 vos collaborateurs ou clients ou bien sponsoriser un club sportif que vous appr\u00e9ciez. Ceci vous permettra de compl\u00e9ter votre strat\u00e9gie marketing avec un produit promotionnel qui vous repr\u00e9sentera l\u00e0 o\u00f9 vous ne serez pas physiquement. [&#8230;]<\/p>\n<p><a class=\"btn btn-secondary understrap-read-more-link\" href=\"https:\/\/promz.be\/fr\/product\/sac-de-sport-chester-personnalise\/\">Lire la suite&#8230;<\/a><\/p>\n","protected":false},"featured_media":24646,"comment_status":"closed","ping_status":"open","template":"","meta":[],"product_cat":[1014,978,954],"product_tag":[],"_links":{"self":[{"href":"https:\/\/promz.be\/fr\/wp-json\/wp\/v2\/product\/24757"}],"collection":[{"href":"https:\/\/promz.be\/fr\/wp-json\/wp\/v2\/product"}],"about":[{"href":"https:\/\/promz.be\/fr\/wp-json\/wp\/v2\/types\/product"}],"replies":[{"embeddable":true,"href":"https:\/\/promz.be\/fr\/wp-json\/wp\/v2\/comments?post=24757"}],"wp:featuredmedia":[{"embeddable":true,"href":"https:\/\/promz.be\/fr\/wp-json\/wp\/v2\/media\/24646"}],"wp:attachment":[{"href":"https:\/\/promz.be\/fr\/wp-json\/wp\/v2\/media?parent=24757"}],"wp:term":[{"taxonomy":"product_cat","embeddable":true,"href":"https:\/\/promz.be\/fr\/wp-json\/wp\/v2\/product_cat?post=24757"},{"taxonomy":"product_tag","embeddable":true,"href":"https:\/\/promz.be\/fr\/wp-json\/wp\/v2\/product_tag?post=24757"}],"curies":[{"name":"wp","href":"https:\/\/api.w.org\/{rel}","templated":true}]}}