{"id":24758,"date":"2018-11-04T00:00:00","date_gmt":"2019-08-11T06:44:40","guid":{"rendered":"https:\/\/promz.be\/product\/trolley-weekend-basic-personnalisee\/"},"modified":"2020-10-22T12:14:33","modified_gmt":"2020-10-22T10:14:33","slug":"trolley-weekend-basic-personnalisee","status":"publish","type":"product","link":"https:\/\/promz.be\/fr\/product\/trolley-weekend-basic-personnalisee\/","title":{"rendered":"Trolley weekend Basic personnalis\u00e9e"},"content":{"rendered":"<p>Une valise est selon nous un produit promotionnel original et efficace pour se d\u00e9marquer et communiquer efficacement. Premi\u00e8rement, si vos collaborateurs ou vos clients ont l\u2019habitude de se rendre en d\u00e9placement professionnel ou juste pour leur plaisir, une valise est toujours n\u00e9cessaire. Ensuite, si vous personnalisez cette valise avec votre logo, vous pouvez \u00eatre s\u00fbr que votre marque fera le tour du monde. C\u2019est donc un moyen de communication tr\u00e8s efficace. Les personnes \u00e0 qui vous offrirez cette valise pourront voyager sereinement tout en rendant votre marque visible aux yeux de tous. Cette valise-l\u00e0 n\u2019est pas une valise classique du fait de son aspect sac de sport. Elle est en polyester, poss\u00e8de une poche frontale et un compartiment principal \u00e0 fermeture \u00e9clair. Vous pouvez \u00e0 la fois la porter \u00e0 la main gr\u00e2ce \u00e0 sa poign\u00e9e ou la faire rouler gr\u00e2ce \u00e0 son syst\u00e8me de roulette identique \u00e0 celui des valises normales.<\/p>\n","protected":false},"excerpt":{"rendered":"<p>Une valise est selon nous un produit promotionnel original et efficace pour se d\u00e9marquer et communiquer efficacement. Premi\u00e8rement, si vos collaborateurs ou vos clients ont l\u2019habitude de se rendre en d\u00e9placement professionnel ou juste pour leur plaisir, une valise est toujours n\u00e9cessaire. Ensuite, si vous personnalisez cette valise avec votre logo, vous pouvez \u00eatre s\u00fbr que votre marque fera le tour du monde. C\u2019est donc un moyen de communication tr\u00e8s efficace. Les personnes \u00e0 qui vous offrirez cette valise pourront voyager sereinement tout en rendant votre marque visible aux yeux de tous. Cette valise-l\u00e0 n\u2019est pas une valise classique du fait de son aspect sac de sport. Elle est en polyester, poss\u00e8de une poche frontale et un compartiment principal \u00e0 fermeture \u00e9clair. Vous pouvez \u00e0 la fois la porter \u00e0 la main gr\u00e2ce \u00e0 sa poign\u00e9e ou la faire rouler gr\u00e2ce \u00e0 son syst\u00e8me de roulette identique \u00e0 celui des valises normales. [&#8230;]<\/p>\n<p><a class=\"btn btn-secondary understrap-read-more-link\" href=\"https:\/\/promz.be\/fr\/product\/trolley-weekend-basic-personnalisee\/\">Lire la suite&#8230;<\/a><\/p>\n","protected":false},"featured_media":24649,"comment_status":"closed","ping_status":"open","template":"","meta":[],"product_cat":[1014,994,954],"product_tag":[],"_links":{"self":[{"href":"https:\/\/promz.be\/fr\/wp-json\/wp\/v2\/product\/24758"}],"collection":[{"href":"https:\/\/promz.be\/fr\/wp-json\/wp\/v2\/product"}],"about":[{"href":"https:\/\/promz.be\/fr\/wp-json\/wp\/v2\/types\/product"}],"replies":[{"embeddable":true,"href":"https:\/\/promz.be\/fr\/wp-json\/wp\/v2\/comments?post=24758"}],"wp:featuredmedia":[{"embeddable":true,"href":"https:\/\/promz.be\/fr\/wp-json\/wp\/v2\/media\/24649"}],"wp:attachment":[{"href":"https:\/\/promz.be\/fr\/wp-json\/wp\/v2\/media?parent=24758"}],"wp:term":[{"taxonomy":"product_cat","embeddable":true,"href":"https:\/\/promz.be\/fr\/wp-json\/wp\/v2\/product_cat?post=24758"},{"taxonomy":"product_tag","embeddable":true,"href":"https:\/\/promz.be\/fr\/wp-json\/wp\/v2\/product_tag?post=24758"}],"curies":[{"name":"wp","href":"https:\/\/api.w.org\/{rel}","templated":true}]}}