{"id":24760,"date":"2018-08-29T00:00:00","date_gmt":"2019-08-11T06:44:40","guid":{"rendered":"https:\/\/promz.be\/product\/t-shirt-manches-courtes-unisexe-return-ace-personnalise\/"},"modified":"2020-10-22T12:14:37","modified_gmt":"2020-10-22T10:14:37","slug":"t-shirt-manches-courtes-unisexe-return-ace-personnalise","status":"publish","type":"product","link":"https:\/\/promz.be\/fr\/product\/t-shirt-manches-courtes-unisexe-return-ace-personnalise\/","title":{"rendered":"T-shirt manches courtes unisexe Return Ace personnalis\u00e9"},"content":{"rendered":"<p>Ce t-shirt manches courtes unisexes est disponible dans un grand nombre de couleurs classiques est tr\u00e8s tendance. Il poss\u00e8de un col en tricot plat avec \u00e9lasthanne. Ce t-shirt est enti\u00e8rement fabriqu\u00e9 en coton. L\u2019\u00e9tiquette principale est ins\u00e9r\u00e9e gr\u00e2ce \u00e0 la m\u00e9thode du transfert pour un confort optimal. Ce t-shirt est disponible en plusieurs tailles allant de S \u00e0 XXXL. Ce t-shirt est unisexe et est donc cousu de fa\u00e7on \u00e0 correspondre aux hommes et aux femmes. Ce polo peut correspondre \u00e0 un grand nombre d\u2019occasions. Que ce soit pour un \u00e9v\u00e8nement o\u00f9 vous souhaitez que tous vos ambassadeurs soient assortis ou pour vos employ\u00e9s. Par exemple, si vous \u00eates dans le milieu de la restauration, ce t-shirt peut \u00eatre utilis\u00e9 par l\u2019ensemble de vos serveurs. Notez que ce t-shirt est personnalisable. Cela signifie que vous pouvez y ins\u00e9rer votre logo ou le nom de votre enseigne pour un rendu vraiment professionnel et qualitatif.<\/p>\n","protected":false},"excerpt":{"rendered":"<p>Ce t-shirt manches courtes unisexes est disponible dans un grand nombre de couleurs classiques est tr\u00e8s tendance. Il poss\u00e8de un col en tricot plat avec \u00e9lasthanne. Ce t-shirt est enti\u00e8rement fabriqu\u00e9 en coton. L\u2019\u00e9tiquette principale est ins\u00e9r\u00e9e gr\u00e2ce \u00e0 la m\u00e9thode du transfert pour un confort optimal. Ce t-shirt est disponible en plusieurs tailles allant de S \u00e0 XXXL. Ce t-shirt est unisexe et est donc cousu de fa\u00e7on \u00e0 correspondre aux hommes et aux femmes. Ce polo peut correspondre \u00e0 un grand nombre d\u2019occasions. Que ce soit pour un \u00e9v\u00e8nement o\u00f9 vous souhaitez que tous vos ambassadeurs soient assortis ou pour vos employ\u00e9s. Par exemple, si vous \u00eates dans le milieu de la restauration, ce t-shirt peut \u00eatre utilis\u00e9 par l\u2019ensemble de vos serveurs. Notez que ce t-shirt est personnalisable. Cela signifie que vous pouvez y ins\u00e9rer votre logo ou le nom de votre enseigne pour un rendu vraiment professionnel et qualitatif. [&#8230;]<\/p>\n<p><a class=\"btn btn-secondary understrap-read-more-link\" href=\"https:\/\/promz.be\/fr\/product\/t-shirt-manches-courtes-unisexe-return-ace-personnalise\/\">Lire la suite&#8230;<\/a><\/p>\n","protected":false},"featured_media":24655,"comment_status":"closed","ping_status":"open","template":"","meta":[],"product_cat":[993,1012,955],"product_tag":[],"_links":{"self":[{"href":"https:\/\/promz.be\/fr\/wp-json\/wp\/v2\/product\/24760"}],"collection":[{"href":"https:\/\/promz.be\/fr\/wp-json\/wp\/v2\/product"}],"about":[{"href":"https:\/\/promz.be\/fr\/wp-json\/wp\/v2\/types\/product"}],"replies":[{"embeddable":true,"href":"https:\/\/promz.be\/fr\/wp-json\/wp\/v2\/comments?post=24760"}],"wp:featuredmedia":[{"embeddable":true,"href":"https:\/\/promz.be\/fr\/wp-json\/wp\/v2\/media\/24655"}],"wp:attachment":[{"href":"https:\/\/promz.be\/fr\/wp-json\/wp\/v2\/media?parent=24760"}],"wp:term":[{"taxonomy":"product_cat","embeddable":true,"href":"https:\/\/promz.be\/fr\/wp-json\/wp\/v2\/product_cat?post=24760"},{"taxonomy":"product_tag","embeddable":true,"href":"https:\/\/promz.be\/fr\/wp-json\/wp\/v2\/product_tag?post=24760"}],"curies":[{"name":"wp","href":"https:\/\/api.w.org\/{rel}","templated":true}]}}