{"id":24761,"date":"2018-08-09T00:00:00","date_gmt":"2019-08-11T06:44:40","guid":{"rendered":"https:\/\/promz.be\/product\/polo-manches-courtes-pour-homme-advantage-personnalise\/"},"modified":"2020-10-22T12:14:38","modified_gmt":"2020-10-22T10:14:38","slug":"polo-manches-courtes-pour-homme-advantage-personnalise","status":"publish","type":"product","link":"https:\/\/promz.be\/fr\/product\/polo-manches-courtes-pour-homme-advantage-personnalise\/","title":{"rendered":"Polo manches courtes pour homme Advantage personnalis\u00e9"},"content":{"rendered":"<p>Ce polo manches courtes disponibles dans un grand nombre de couleurs des plus classiques aux plus color\u00e9es, est un produit tr\u00e8s tendance. Il poss\u00e8de un col accompagn\u00e9 de deux boutons pour que vous puissiez le porter de mani\u00e8re d\u00e9contract\u00e9e ou plus s\u00e9rieuse. Ce polo est fabriqu\u00e9 en maille piqu\u00e9e avec 85 % de coton et 15 % de viscose. L\u2019\u00e9tiquette principale est ins\u00e9r\u00e9e gr\u00e2ce \u00e0 la m\u00e9thode du transfert pour un confort optimal. Ce polo est disponible en plusieurs tailles allant de S \u00e0 XXXL. \u00c0 l\u2019int\u00e9rieur, vous y retrouverez une bande de propret\u00e9 bicolore qui apporte un c\u00f4t\u00e9 tr\u00e8s tendance. La tenue est assez proche du corps au niveau des bras et du torse et un peu moins au niveau de la taille. Ce polo peut correspondre \u00e0 un grand nombre d\u2019occasions. Que ce soit pour un \u00e9v\u00e8nement o\u00f9 vous souhaitez que tous vos ambassadeurs soient assortis ou pour vos employ\u00e9s. Par exemple, si vous \u00eates dans le milieu de la restauration, ce polo peut \u00eatre utilis\u00e9 par l\u2019ensemble de vos serveurs. Notez que ce polo est personnalisable. Cela signifie que vous pouvez y ins\u00e9rer votre logo ou le nom de votre enseigne pour un rendu vraiment professionnel et qualitatif.<\/p>\n","protected":false},"excerpt":{"rendered":"<p>Ce polo manches courtes disponibles dans un grand nombre de couleurs des plus classiques aux plus color\u00e9es, est un produit tr\u00e8s tendance. Il poss\u00e8de un col accompagn\u00e9 de deux boutons pour que vous puissiez le porter de mani\u00e8re d\u00e9contract\u00e9e ou plus s\u00e9rieuse. Ce polo est fabriqu\u00e9 en maille piqu\u00e9e avec 85 % de coton et 15 % de viscose. L\u2019\u00e9tiquette principale est ins\u00e9r\u00e9e gr\u00e2ce \u00e0 la m\u00e9thode du transfert pour un confort optimal. Ce polo est disponible en plusieurs tailles allant de S \u00e0 XXXL. \u00c0 l\u2019int\u00e9rieur, vous y retrouverez une bande de propret\u00e9 bicolore qui apporte un c\u00f4t\u00e9 tr\u00e8s tendance. La tenue est assez proche du corps au niveau des bras et du torse et un peu moins au niveau de la taille. Ce polo peut correspondre \u00e0 un grand nombre d\u2019occasions. Que ce soit pour un \u00e9v\u00e8nement o\u00f9 vous souhaitez que tous vos ambassadeurs soient assortis ou pour vos employ\u00e9s. Par exemple, si vous \u00eates dans le milieu de la restauration, ce polo peut \u00eatre utilis\u00e9 par l\u2019ensemble de vos serveurs. Notez que ce polo est personnalisable. Cela signifie que vous pouvez y ins\u00e9rer votre logo ou le nom de votre enseigne pour un rendu vraiment professionnel et qualitatif. [&#8230;]<\/p>\n<p><a class=\"btn btn-secondary understrap-read-more-link\" href=\"https:\/\/promz.be\/fr\/product\/polo-manches-courtes-pour-homme-advantage-personnalise\/\">Lire la suite&#8230;<\/a><\/p>\n","protected":false},"featured_media":24658,"comment_status":"closed","ping_status":"open","template":"","meta":[],"product_cat":[993,1012,955],"product_tag":[],"_links":{"self":[{"href":"https:\/\/promz.be\/fr\/wp-json\/wp\/v2\/product\/24761"}],"collection":[{"href":"https:\/\/promz.be\/fr\/wp-json\/wp\/v2\/product"}],"about":[{"href":"https:\/\/promz.be\/fr\/wp-json\/wp\/v2\/types\/product"}],"replies":[{"embeddable":true,"href":"https:\/\/promz.be\/fr\/wp-json\/wp\/v2\/comments?post=24761"}],"wp:featuredmedia":[{"embeddable":true,"href":"https:\/\/promz.be\/fr\/wp-json\/wp\/v2\/media\/24658"}],"wp:attachment":[{"href":"https:\/\/promz.be\/fr\/wp-json\/wp\/v2\/media?parent=24761"}],"wp:term":[{"taxonomy":"product_cat","embeddable":true,"href":"https:\/\/promz.be\/fr\/wp-json\/wp\/v2\/product_cat?post=24761"},{"taxonomy":"product_tag","embeddable":true,"href":"https:\/\/promz.be\/fr\/wp-json\/wp\/v2\/product_tag?post=24761"}],"curies":[{"name":"wp","href":"https:\/\/api.w.org\/{rel}","templated":true}]}}