{"id":24763,"date":"2018-10-22T00:00:00","date_gmt":"2019-08-11T06:44:40","guid":{"rendered":"https:\/\/promz.be\/product\/carnet-de-note-a5-luna-personnalise\/"},"modified":"2020-10-22T12:14:35","modified_gmt":"2020-10-22T10:14:35","slug":"carnet-de-note-a5-luna-personnalise","status":"publish","type":"product","link":"https:\/\/promz.be\/fr\/product\/carnet-de-note-a5-luna-personnalise\/","title":{"rendered":"Carnet de note A5 Luna personnalis\u00e9"},"content":{"rendered":"<p>Le carnet de notes Luna est un carnet en toile avec fermeture et ruban \u00e9lastique color\u00e9. Il est dot\u00e9 d\u2019une boucle pour y ins\u00e9rer le stylo \u00e0 l\u2019int\u00e9rieur. Ainsi, vous serez toujours pr\u00eat pour vos r\u00e9unions, stylos et carnets en main. La toile \u00e9tant toujours beige, seulement les bandes \u00e9lastiques pourront \u00eatre chang\u00e9es. Quatre couleurs sont disponibles : vert, noir, rouge et bleu. Il poss\u00e8de 80 pages lign\u00e9es pour faciliter votre prise de notes. C\u2019est un carnet tr\u00e8s tendance gr\u00e2ce \u00e0 sa couverture en toile \u00e9pur\u00e9e et \u00e9l\u00e9gante. Ce carnet peut \u00eatre utilis\u00e9 comme cadeau d\u2019accueil \u00e0 vos employ\u00e9s par exemple ou bien seulement pour offrir \u00e0 vos clients ou collaborateurs. Dans tous les cas, il permet de simplifier vos r\u00e9unions, car vous ne serez plus oblig\u00e9 de prendre votre ordinateur. Votre logo peut \u00eatre imprim\u00e9 dessus \u00e0 l\u2019aide de la s\u00e9rigraphie. Le rendu est vraiment tr\u00e8s net et sophistiqu\u00e9. Laissez-vous tenter par la tendance du carnet Luna !<\/p>\n","protected":false},"excerpt":{"rendered":"<p>Le carnet de notes Luna est un carnet en toile avec fermeture et ruban \u00e9lastique color\u00e9. Il est dot\u00e9 d\u2019une boucle pour y ins\u00e9rer le stylo \u00e0 l\u2019int\u00e9rieur. Ainsi, vous serez toujours pr\u00eat pour vos r\u00e9unions, stylos et carnets en main. La toile \u00e9tant toujours beige, seulement les bandes \u00e9lastiques pourront \u00eatre chang\u00e9es. Quatre couleurs sont disponibles : vert, noir, rouge et bleu. Il poss\u00e8de 80 pages lign\u00e9es pour faciliter votre prise de notes. C\u2019est un carnet tr\u00e8s tendance gr\u00e2ce \u00e0 sa couverture en toile \u00e9pur\u00e9e et \u00e9l\u00e9gante. Ce carnet peut \u00eatre utilis\u00e9 comme cadeau d\u2019accueil \u00e0 vos employ\u00e9s par exemple ou bien seulement pour offrir \u00e0 vos clients ou collaborateurs. Dans tous les cas, il permet de simplifier vos r\u00e9unions, car vous ne serez plus oblig\u00e9 de prendre votre ordinateur. Votre logo peut \u00eatre imprim\u00e9 dessus \u00e0 l\u2019aide de la s\u00e9rigraphie. Le rendu est vraiment tr\u00e8s net et sophistiqu\u00e9. Laissez-vous tenter par la tendance du carnet Luna ! [&#8230;]<\/p>\n<p><a class=\"btn btn-secondary understrap-read-more-link\" href=\"https:\/\/promz.be\/fr\/product\/carnet-de-note-a5-luna-personnalise\/\">Lire la suite&#8230;<\/a><\/p>\n","protected":false},"featured_media":24664,"comment_status":"closed","ping_status":"open","template":"","meta":[],"product_cat":[974,951,1004],"product_tag":[],"_links":{"self":[{"href":"https:\/\/promz.be\/fr\/wp-json\/wp\/v2\/product\/24763"}],"collection":[{"href":"https:\/\/promz.be\/fr\/wp-json\/wp\/v2\/product"}],"about":[{"href":"https:\/\/promz.be\/fr\/wp-json\/wp\/v2\/types\/product"}],"replies":[{"embeddable":true,"href":"https:\/\/promz.be\/fr\/wp-json\/wp\/v2\/comments?post=24763"}],"wp:featuredmedia":[{"embeddable":true,"href":"https:\/\/promz.be\/fr\/wp-json\/wp\/v2\/media\/24664"}],"wp:attachment":[{"href":"https:\/\/promz.be\/fr\/wp-json\/wp\/v2\/media?parent=24763"}],"wp:term":[{"taxonomy":"product_cat","embeddable":true,"href":"https:\/\/promz.be\/fr\/wp-json\/wp\/v2\/product_cat?post=24763"},{"taxonomy":"product_tag","embeddable":true,"href":"https:\/\/promz.be\/fr\/wp-json\/wp\/v2\/product_tag?post=24763"}],"curies":[{"name":"wp","href":"https:\/\/api.w.org\/{rel}","templated":true}]}}