{"id":24765,"date":"2018-10-29T00:00:00","date_gmt":"2019-08-11T06:44:40","guid":{"rendered":"https:\/\/promz.be\/product\/stylo-bille-avec-stylet-personnalise\/"},"modified":"2020-10-22T12:14:34","modified_gmt":"2020-10-22T10:14:34","slug":"stylo-bille-avec-stylet-personnalise","status":"publish","type":"product","link":"https:\/\/promz.be\/fr\/product\/stylo-bille-avec-stylet-personnalise\/","title":{"rendered":"Stylo bille avec stylet personnalis\u00e9"},"content":{"rendered":"<p>Ce stylo \u00e0 bille avec stylet est en fait un stylo deux en un. Il permet \u00e0 la fois d\u2019\u00e9crire sur du papier, mais il peut aussi s\u2019utiliser sur une tablette ou un \u00e9cran tactile. Tout cela gr\u00e2ce a un super m\u00e9canisme design et moderne. Il est disponible en plusieurs coloris tels que blanc, rouge, orange, rose, vert, bleu, gris et noir. De quoi vous laissez imaginer le stylo parfait pour repr\u00e9senter votre enseigne. D\u2019autant plus si vous y ajoutez votre logo ou un slogan publicitaire \u00e0 votre image. Vous n\u2019aurez pas fini de donner envie \u00e0 votre entourage de prendre des notes. Et comme on dit, l\u2019inspiration vient en \u00e9crivant ! La couleur d\u2019\u00e9criture par d\u00e9faut est le bleu. Le petit plus de ce stylo est sa l\u00e9g\u00e8ret\u00e9 malgr\u00e9 sa structure en m\u00e9tal. La prise en main est donc vraiment tr\u00e8s agr\u00e9able. Vos prises de notes seront optimales, croyez-en notre exp\u00e9rience.<\/p>\n","protected":false},"excerpt":{"rendered":"<p>Ce stylo \u00e0 bille avec stylet est en fait un stylo deux en un. Il permet \u00e0 la fois d\u2019\u00e9crire sur du papier, mais il peut aussi s\u2019utiliser sur une tablette ou un \u00e9cran tactile. Tout cela gr\u00e2ce a un super m\u00e9canisme design et moderne. Il est disponible en plusieurs coloris tels que blanc, rouge, orange, rose, vert, bleu, gris et noir. De quoi vous laissez imaginer le stylo parfait pour repr\u00e9senter votre enseigne. D\u2019autant plus si vous y ajoutez votre logo ou un slogan publicitaire \u00e0 votre image. Vous n\u2019aurez pas fini de donner envie \u00e0 votre entourage de prendre des notes. Et comme on dit, l\u2019inspiration vient en \u00e9crivant ! La couleur d\u2019\u00e9criture par d\u00e9faut est le bleu. Le petit plus de ce stylo est sa l\u00e9g\u00e8ret\u00e9 malgr\u00e9 sa structure en m\u00e9tal. La prise en main est donc vraiment tr\u00e8s agr\u00e9able. Vos prises de notes seront optimales, croyez-en notre exp\u00e9rience. [&#8230;]<\/p>\n<p><a class=\"btn btn-secondary understrap-read-more-link\" href=\"https:\/\/promz.be\/fr\/product\/stylo-bille-avec-stylet-personnalise\/\">Lire la suite&#8230;<\/a><\/p>\n","protected":false},"featured_media":24670,"comment_status":"closed","ping_status":"open","template":"","meta":[],"product_cat":[974,951,1010],"product_tag":[],"_links":{"self":[{"href":"https:\/\/promz.be\/fr\/wp-json\/wp\/v2\/product\/24765"}],"collection":[{"href":"https:\/\/promz.be\/fr\/wp-json\/wp\/v2\/product"}],"about":[{"href":"https:\/\/promz.be\/fr\/wp-json\/wp\/v2\/types\/product"}],"replies":[{"embeddable":true,"href":"https:\/\/promz.be\/fr\/wp-json\/wp\/v2\/comments?post=24765"}],"wp:featuredmedia":[{"embeddable":true,"href":"https:\/\/promz.be\/fr\/wp-json\/wp\/v2\/media\/24670"}],"wp:attachment":[{"href":"https:\/\/promz.be\/fr\/wp-json\/wp\/v2\/media?parent=24765"}],"wp:term":[{"taxonomy":"product_cat","embeddable":true,"href":"https:\/\/promz.be\/fr\/wp-json\/wp\/v2\/product_cat?post=24765"},{"taxonomy":"product_tag","embeddable":true,"href":"https:\/\/promz.be\/fr\/wp-json\/wp\/v2\/product_tag?post=24765"}],"curies":[{"name":"wp","href":"https:\/\/api.w.org\/{rel}","templated":true}]}}