{"id":24766,"date":"2018-10-31T00:00:00","date_gmt":"2019-08-11T06:44:40","guid":{"rendered":"https:\/\/promz.be\/product\/batterie-de-secours-plate-4600mah-personnalisee\/"},"modified":"2020-10-22T12:14:33","modified_gmt":"2020-10-22T10:14:33","slug":"batterie-de-secours-plate-4600mah-personnalisee","status":"publish","type":"product","link":"https:\/\/promz.be\/fr\/product\/batterie-de-secours-plate-4600mah-personnalisee\/","title":{"rendered":"Batterie de secours plate 4600mAh personnalis\u00e9e"},"content":{"rendered":"<p>Qu\u2019est-ce qui est plus pratique qu\u2019une batterie de secours pour recharger ses appareils \u00e9lectroniques ? Rien, nous sommes d\u2019accord. L\u2019avantage de ce produit est que vous pouvez l\u2019utiliser quand vous le souhaitez. Vous n\u2019\u00eates pas contraint de vous trouver \u00e0 c\u00f4t\u00e9 d\u2019une prise \u00e9lectrique pour pouvoir recharger votre t\u00e9l\u00e9phone. Cela peut \u00eatre tr\u00e8s pratique si une journ\u00e9e charg\u00e9e vous attend ! Vous resterez joignable et vous n\u2019aurez pas \u00e0 vous poser de questions concernant la recharge de votre t\u00e9l\u00e9phone. Ce mod\u00e8le est disponible en diff\u00e9rentes couleurs comme le bleu, le vert, le jaune, le noir et le blanc. Vous pourrez ainsi prendre le mod\u00e8le qui vous ressemble le plus et qui vous pla\u00eet le plus, bien s\u00fbr ! Il est dot\u00e9 d\u2019un indicateur de capacit\u00e9 restante et est fourni dans une boite avec un c\u00e2ble USB. Si nous pouvons vous donner un conseil, c\u2019est de le personnaliser avec votre logo afin d\u2019en faire un outil de communication incontournable.<\/p>\n","protected":false},"excerpt":{"rendered":"<p>Qu\u2019est-ce qui est plus pratique qu\u2019une batterie de secours pour recharger ses appareils \u00e9lectroniques ? Rien, nous sommes d\u2019accord. L\u2019avantage de ce produit est que vous pouvez l\u2019utiliser quand vous le souhaitez. Vous n\u2019\u00eates pas contraint de vous trouver \u00e0 c\u00f4t\u00e9 d\u2019une prise \u00e9lectrique pour pouvoir recharger votre t\u00e9l\u00e9phone. Cela peut \u00eatre tr\u00e8s pratique si une journ\u00e9e charg\u00e9e vous attend ! Vous resterez joignable et vous n\u2019aurez pas \u00e0 vous poser de questions concernant la recharge de votre t\u00e9l\u00e9phone. Ce mod\u00e8le est disponible en diff\u00e9rentes couleurs comme le bleu, le vert, le jaune, le noir et le blanc. Vous pourrez ainsi prendre le mod\u00e8le qui vous ressemble le plus et qui vous pla\u00eet le plus, bien s\u00fbr ! Il est dot\u00e9 d\u2019un indicateur de capacit\u00e9 restante et est fourni dans une boite avec un c\u00e2ble USB. Si nous pouvons vous donner un conseil, c\u2019est de le personnaliser avec votre logo afin d\u2019en faire un outil de communication incontournable. [&#8230;]<\/p>\n<p><a class=\"btn btn-secondary understrap-read-more-link\" href=\"https:\/\/promz.be\/fr\/product\/batterie-de-secours-plate-4600mah-personnalisee\/\">Lire la suite&#8230;<\/a><\/p>\n","protected":false},"featured_media":24673,"comment_status":"closed","ping_status":"open","template":"","meta":[],"product_cat":[1006,956],"product_tag":[],"_links":{"self":[{"href":"https:\/\/promz.be\/fr\/wp-json\/wp\/v2\/product\/24766"}],"collection":[{"href":"https:\/\/promz.be\/fr\/wp-json\/wp\/v2\/product"}],"about":[{"href":"https:\/\/promz.be\/fr\/wp-json\/wp\/v2\/types\/product"}],"replies":[{"embeddable":true,"href":"https:\/\/promz.be\/fr\/wp-json\/wp\/v2\/comments?post=24766"}],"wp:featuredmedia":[{"embeddable":true,"href":"https:\/\/promz.be\/fr\/wp-json\/wp\/v2\/media\/24673"}],"wp:attachment":[{"href":"https:\/\/promz.be\/fr\/wp-json\/wp\/v2\/media?parent=24766"}],"wp:term":[{"taxonomy":"product_cat","embeddable":true,"href":"https:\/\/promz.be\/fr\/wp-json\/wp\/v2\/product_cat?post=24766"},{"taxonomy":"product_tag","embeddable":true,"href":"https:\/\/promz.be\/fr\/wp-json\/wp\/v2\/product_tag?post=24766"}],"curies":[{"name":"wp","href":"https:\/\/api.w.org\/{rel}","templated":true}]}}