{"id":24768,"date":"2018-10-23T00:00:00","date_gmt":"2019-08-11T06:44:40","guid":{"rendered":"https:\/\/promz.be\/product\/parapluie-tempete-personnalise\/"},"modified":"2020-10-22T12:14:34","modified_gmt":"2020-10-22T10:14:34","slug":"parapluie-tempete-personnalise","status":"publish","type":"product","link":"https:\/\/promz.be\/fr\/product\/parapluie-tempete-personnalise\/","title":{"rendered":"Parapluie temp\u00eate personnalis\u00e9"},"content":{"rendered":"<p>Nous avons tous plusieurs parapluies \u00e0 la maison comme si nous avions commenc\u00e9 une petite collection. Mais l\u00e0, c\u2019est diff\u00e9rent. Le parapluie temp\u00eate est bien plus qu\u2019un simple parapluie. Comme son nom l\u2019indique, il prot\u00e8ge de la pluie, mais pas seulement. Il r\u00e9siste aussi aux rafales de vent, qui parfois peuvent causer beaucoup de d\u00e9g\u00e2ts sur nos parapluies. Les baleines sont en m\u00e9tal et la poign\u00e9e est en EVA ce qui garantit un grand confort lors de la prise en main. De nombreux coloris existent pour ce parapluie, allant des couleurs les plus classiques aux couleurs les plus originales. Cela vous permettra de trouver le produit qui vous correspond le mieux en termes de couleur. Vous pourrez ins\u00e9rer votre logo, le nom de votre enseigne ou ce que vous souhaitez sur ce parapluie gr\u00e2ce \u00e0 plusieurs techniques comme le transfert digital ou la s\u00e9rigraphie. C\u2019est un produit qui fonctionne tr\u00e8s bien en guise de cadeau d\u2019accueil ou bien pour remercier vos clients de leur fid\u00e9lit\u00e9.<\/p>\n","protected":false},"excerpt":{"rendered":"<p>Nous avons tous plusieurs parapluies \u00e0 la maison comme si nous avions commenc\u00e9 une petite collection. Mais l\u00e0, c\u2019est diff\u00e9rent. Le parapluie temp\u00eate est bien plus qu\u2019un simple parapluie. Comme son nom l\u2019indique, il prot\u00e8ge de la pluie, mais pas seulement. Il r\u00e9siste aussi aux rafales de vent, qui parfois peuvent causer beaucoup de d\u00e9g\u00e2ts sur nos parapluies. Les baleines sont en m\u00e9tal et la poign\u00e9e est en EVA ce qui garantit un grand confort lors de la prise en main. De nombreux coloris existent pour ce parapluie, allant des couleurs les plus classiques aux couleurs les plus originales. Cela vous permettra de trouver le produit qui vous correspond le mieux en termes de couleur. Vous pourrez ins\u00e9rer votre logo, le nom de votre enseigne ou ce que vous souhaitez sur ce parapluie gr\u00e2ce \u00e0 plusieurs techniques comme le transfert digital ou la s\u00e9rigraphie. C\u2019est un produit qui fonctionne tr\u00e8s bien en guise de cadeau d\u2019accueil ou bien pour remercier vos clients de leur fid\u00e9lit\u00e9. [&#8230;]<\/p>\n<p><a class=\"btn btn-secondary understrap-read-more-link\" href=\"https:\/\/promz.be\/fr\/product\/parapluie-tempete-personnalise\/\">Lire la suite&#8230;<\/a><\/p>\n","protected":false},"featured_media":24679,"comment_status":"closed","ping_status":"open","template":"","meta":[],"product_cat":[952,1009],"product_tag":[],"_links":{"self":[{"href":"https:\/\/promz.be\/fr\/wp-json\/wp\/v2\/product\/24768"}],"collection":[{"href":"https:\/\/promz.be\/fr\/wp-json\/wp\/v2\/product"}],"about":[{"href":"https:\/\/promz.be\/fr\/wp-json\/wp\/v2\/types\/product"}],"replies":[{"embeddable":true,"href":"https:\/\/promz.be\/fr\/wp-json\/wp\/v2\/comments?post=24768"}],"wp:featuredmedia":[{"embeddable":true,"href":"https:\/\/promz.be\/fr\/wp-json\/wp\/v2\/media\/24679"}],"wp:attachment":[{"href":"https:\/\/promz.be\/fr\/wp-json\/wp\/v2\/media?parent=24768"}],"wp:term":[{"taxonomy":"product_cat","embeddable":true,"href":"https:\/\/promz.be\/fr\/wp-json\/wp\/v2\/product_cat?post=24768"},{"taxonomy":"product_tag","embeddable":true,"href":"https:\/\/promz.be\/fr\/wp-json\/wp\/v2\/product_tag?post=24768"}],"curies":[{"name":"wp","href":"https:\/\/api.w.org\/{rel}","templated":true}]}}