{"id":24769,"date":"2018-07-11T00:00:00","date_gmt":"2019-08-11T06:44:40","guid":{"rendered":"https:\/\/promz.be\/product\/parapluie-2-sections-oho-personnalise\/"},"modified":"2020-10-22T12:14:40","modified_gmt":"2020-10-22T10:14:40","slug":"parapluie-2-sections-oho-personnalise","status":"publish","type":"product","link":"https:\/\/promz.be\/fr\/product\/parapluie-2-sections-oho-personnalise\/","title":{"rendered":"Parapluie 2 sections Oho personnalis\u00e9"},"content":{"rendered":"<p>Ce parapluie \u00e0 deux sections est compos\u00e9 d\u2019une poign\u00e9e en plastique. Le mat est en m\u00e9tal et une pochette en plastique est livr\u00e9e avec le parapluie. Ainsi, vous ne mettrez pas de l\u2019eau partout au pied de votre bureau ou dans votre salon apr\u00e8s avoir march\u00e9 sous la pluie. La toile en polyester existe en plusieurs coloris afin que vous puissiez au mieux personnaliser ce parapluie aux couleurs de votre entreprise. Accompagn\u00e9 de votre logo, ce parapluie sera un super outil de communication pour votre marque. Imaginez que tous vos clients poss\u00e8dent ce parapluie avec votre logo, votre image de marque sera \u00e0 son maximum. C\u2019est un moyen simple et efficace de compl\u00e9ter sa strat\u00e9gie marketing et aussi de faire plaisir. Car avouons-le, le parapluie est vraiment un cadeau appr\u00e9ci\u00e9 pour son utilit\u00e9 sans faille. Et le dernier avantage du parapluie, bien \u00e9videmment, c\u2019est un article qui est utile toute l\u2019ann\u00e9e, la m\u00e9t\u00e9o \u00e9tant tellement impr\u00e9visible, il est mieux d\u2019en avoir un toujours avec soi.<\/p>\n","protected":false},"excerpt":{"rendered":"<p>Ce parapluie \u00e0 deux sections est compos\u00e9 d\u2019une poign\u00e9e en plastique. Le mat est en m\u00e9tal et une pochette en plastique est livr\u00e9e avec le parapluie. Ainsi, vous ne mettrez pas de l\u2019eau partout au pied de votre bureau ou dans votre salon apr\u00e8s avoir march\u00e9 sous la pluie. La toile en polyester existe en plusieurs coloris afin que vous puissiez au mieux personnaliser ce parapluie aux couleurs de votre entreprise. Accompagn\u00e9 de votre logo, ce parapluie sera un super outil de communication pour votre marque. Imaginez que tous vos clients poss\u00e8dent ce parapluie avec votre logo, votre image de marque sera \u00e0 son maximum. C\u2019est un moyen simple et efficace de compl\u00e9ter sa strat\u00e9gie marketing et aussi de faire plaisir. Car avouons-le, le parapluie est vraiment un cadeau appr\u00e9ci\u00e9 pour son utilit\u00e9 sans faille. Et le dernier avantage du parapluie, bien \u00e9videmment, c\u2019est un article qui est utile toute l\u2019ann\u00e9e, la m\u00e9t\u00e9o \u00e9tant tellement impr\u00e9visible, il est mieux d\u2019en avoir un toujours avec soi. [&#8230;]<\/p>\n<p><a class=\"btn btn-secondary understrap-read-more-link\" href=\"https:\/\/promz.be\/fr\/product\/parapluie-2-sections-oho-personnalise\/\">Lire la suite&#8230;<\/a><\/p>\n","protected":false},"featured_media":24682,"comment_status":"closed","ping_status":"open","template":"","meta":[],"product_cat":[952,1009],"product_tag":[],"_links":{"self":[{"href":"https:\/\/promz.be\/fr\/wp-json\/wp\/v2\/product\/24769"}],"collection":[{"href":"https:\/\/promz.be\/fr\/wp-json\/wp\/v2\/product"}],"about":[{"href":"https:\/\/promz.be\/fr\/wp-json\/wp\/v2\/types\/product"}],"replies":[{"embeddable":true,"href":"https:\/\/promz.be\/fr\/wp-json\/wp\/v2\/comments?post=24769"}],"wp:featuredmedia":[{"embeddable":true,"href":"https:\/\/promz.be\/fr\/wp-json\/wp\/v2\/media\/24682"}],"wp:attachment":[{"href":"https:\/\/promz.be\/fr\/wp-json\/wp\/v2\/media?parent=24769"}],"wp:term":[{"taxonomy":"product_cat","embeddable":true,"href":"https:\/\/promz.be\/fr\/wp-json\/wp\/v2\/product_cat?post=24769"},{"taxonomy":"product_tag","embeddable":true,"href":"https:\/\/promz.be\/fr\/wp-json\/wp\/v2\/product_tag?post=24769"}],"curies":[{"name":"wp","href":"https:\/\/api.w.org\/{rel}","templated":true}]}}