{"id":24771,"date":"2018-11-19T00:00:00","date_gmt":"2019-08-11T06:44:40","guid":{"rendered":"https:\/\/promz.be\/product\/lunettes-de-soleil-sun-ray-personnalisees\/"},"modified":"2020-10-22T12:14:30","modified_gmt":"2020-10-22T10:14:30","slug":"lunettes-de-soleil-sun-ray-personnalisees","status":"publish","type":"product","link":"https:\/\/promz.be\/fr\/product\/lunettes-de-soleil-sun-ray-personnalisees\/","title":{"rendered":"Lunettes de soleil Sun Ray personnalis\u00e9es"},"content":{"rendered":"<p>Les lunettes de soleil color\u00e9es aux verres sombres, tout le monde les as d\u00e9j\u00e0 port\u00e9es au moins une fois. Elles sont pr\u00e9sentes partout dans les festivals, les f\u00eates, les \u00e9v\u00e8nements sportifs, partout l\u00e0 o\u00f9 le soleil est pr\u00e9sent. Ces lunettes sont disponibles en plusieurs couleurs flashy comme le bleu, le rouge, le vert, le jaune, le rose et l\u2019orange. De quoi vous satisfaire si vous voulez voir la vie plus color\u00e9e. Vous pouvez personnaliser ces lunettes avec vos couleurs pr\u00e9f\u00e9r\u00e9es et ins\u00e9rer votre logo dessus afin que votre marque soit visible. \u00c0 l\u2019aide de la tampographie, le logo pourra \u00eatre ins\u00e9r\u00e9 au niveau des branches des lunettes. Ainsi, \u00e0 chaque endroit o\u00f9 ces lunettes seront port\u00e9es, votre logo le sera aussi. C\u2019est un moyen simple et efficace de se faire conna\u00eetre pendant la saison estivale, qui est la saison du d\u00e9fil\u00e9 des lunettes de soleil. D\u00e9marquez-vous avec cette paire color\u00e9e, personnalis\u00e9e \u00e0 votre image.<\/p>\n","protected":false},"excerpt":{"rendered":"<p>Les lunettes de soleil color\u00e9es aux verres sombres, tout le monde les as d\u00e9j\u00e0 port\u00e9es au moins une fois. Elles sont pr\u00e9sentes partout dans les festivals, les f\u00eates, les \u00e9v\u00e8nements sportifs, partout l\u00e0 o\u00f9 le soleil est pr\u00e9sent. Ces lunettes sont disponibles en plusieurs couleurs flashy comme le bleu, le rouge, le vert, le jaune, le rose et l\u2019orange. De quoi vous satisfaire si vous voulez voir la vie plus color\u00e9e. Vous pouvez personnaliser ces lunettes avec vos couleurs pr\u00e9f\u00e9r\u00e9es et ins\u00e9rer votre logo dessus afin que votre marque soit visible. \u00c0 l\u2019aide de la tampographie, le logo pourra \u00eatre ins\u00e9r\u00e9 au niveau des branches des lunettes. Ainsi, \u00e0 chaque endroit o\u00f9 ces lunettes seront port\u00e9es, votre logo le sera aussi. C\u2019est un moyen simple et efficace de se faire conna\u00eetre pendant la saison estivale, qui est la saison du d\u00e9fil\u00e9 des lunettes de soleil. D\u00e9marquez-vous avec cette paire color\u00e9e, personnalis\u00e9e \u00e0 votre image. [&#8230;]<\/p>\n<p><a class=\"btn btn-secondary understrap-read-more-link\" href=\"https:\/\/promz.be\/fr\/product\/lunettes-de-soleil-sun-ray-personnalisees\/\">Lire la suite&#8230;<\/a><\/p>\n","protected":false},"featured_media":24688,"comment_status":"closed","ping_status":"open","template":"","meta":[],"product_cat":[952,1025,957,1041],"product_tag":[],"_links":{"self":[{"href":"https:\/\/promz.be\/fr\/wp-json\/wp\/v2\/product\/24771"}],"collection":[{"href":"https:\/\/promz.be\/fr\/wp-json\/wp\/v2\/product"}],"about":[{"href":"https:\/\/promz.be\/fr\/wp-json\/wp\/v2\/types\/product"}],"replies":[{"embeddable":true,"href":"https:\/\/promz.be\/fr\/wp-json\/wp\/v2\/comments?post=24771"}],"wp:featuredmedia":[{"embeddable":true,"href":"https:\/\/promz.be\/fr\/wp-json\/wp\/v2\/media\/24688"}],"wp:attachment":[{"href":"https:\/\/promz.be\/fr\/wp-json\/wp\/v2\/media?parent=24771"}],"wp:term":[{"taxonomy":"product_cat","embeddable":true,"href":"https:\/\/promz.be\/fr\/wp-json\/wp\/v2\/product_cat?post=24771"},{"taxonomy":"product_tag","embeddable":true,"href":"https:\/\/promz.be\/fr\/wp-json\/wp\/v2\/product_tag?post=24771"}],"curies":[{"name":"wp","href":"https:\/\/api.w.org\/{rel}","templated":true}]}}