{"id":24773,"date":"2018-10-03T00:00:00","date_gmt":"2019-08-11T06:44:40","guid":{"rendered":"https:\/\/promz.be\/product\/chocolate-chip-cookie-personnalise\/"},"modified":"2020-10-22T12:14:36","modified_gmt":"2020-10-22T10:14:36","slug":"chocolate-chip-cookie-personnalise","status":"publish","type":"product","link":"https:\/\/promz.be\/fr\/product\/chocolate-chip-cookie-personnalise\/","title":{"rendered":"Chocolate chip cookie personnalis\u00e9"},"content":{"rendered":"<p>Les cookies sont les g\u00e2teaux pr\u00e9f\u00e9r\u00e9s d\u2019un grand nombre de personnes. En effet, pour accompagner un caf\u00e9, un th\u00e9 ou une autre boisson chaude, ils sont tr\u00e8s appr\u00e9ci\u00e9s. L\u2019emballage de ces cookies est personnalisable. Vous pouvez donc y ins\u00e9rer votre logo ou le nom de votre entreprise afin que les gens qui mangent ces cookies pensent \u00e0 vous en m\u00eame temps. Ils peuvent \u00eatre utilis\u00e9s pour de nombreuses occasions comme par exemple au bureau, tout simplement, pour vous et vos collaborateurs ainsi que vos clients. Si vous travaillez dans le domaine de l\u2019h\u00f4tellerie, ils peuvent \u00eatre utilis\u00e9s en tant que petit cadeau d\u2019accueil des clients. De m\u00eame, si vous travaillez dans la restauration, ils peuvent \u00eatre donn\u00e9s avec les caf\u00e9s command\u00e9s. Enfin, si vous vous rendez \u00e0 un salon professionnel, vous pouvez les distribuer aux personnes qui vous rendent visite. Tant d\u2019occasions peuvent \u00eatre utilis\u00e9es pour communiquer votre marque \u00e0 l\u2019aide d\u2019un produit qui fait plaisir.<\/p>\n","protected":false},"excerpt":{"rendered":"<p>Les cookies sont les g\u00e2teaux pr\u00e9f\u00e9r\u00e9s d\u2019un grand nombre de personnes. En effet, pour accompagner un caf\u00e9, un th\u00e9 ou une autre boisson chaude, ils sont tr\u00e8s appr\u00e9ci\u00e9s. L\u2019emballage de ces cookies est personnalisable. Vous pouvez donc y ins\u00e9rer votre logo ou le nom de votre entreprise afin que les gens qui mangent ces cookies pensent \u00e0 vous en m\u00eame temps. Ils peuvent \u00eatre utilis\u00e9s pour de nombreuses occasions comme par exemple au bureau, tout simplement, pour vous et vos collaborateurs ainsi que vos clients. Si vous travaillez dans le domaine de l\u2019h\u00f4tellerie, ils peuvent \u00eatre utilis\u00e9s en tant que petit cadeau d\u2019accueil des clients. De m\u00eame, si vous travaillez dans la restauration, ils peuvent \u00eatre donn\u00e9s avec les caf\u00e9s command\u00e9s. Enfin, si vous vous rendez \u00e0 un salon professionnel, vous pouvez les distribuer aux personnes qui vous rendent visite. Tant d\u2019occasions peuvent \u00eatre utilis\u00e9es pour communiquer votre marque \u00e0 l\u2019aide d\u2019un produit qui fait plaisir. [&#8230;]<\/p>\n<p><a class=\"btn btn-secondary understrap-read-more-link\" href=\"https:\/\/promz.be\/fr\/product\/chocolate-chip-cookie-personnalise\/\">Lire la suite&#8230;<\/a><\/p>\n","protected":false},"featured_media":24696,"comment_status":"closed","ping_status":"open","template":"","meta":[],"product_cat":[947,984,977],"product_tag":[],"_links":{"self":[{"href":"https:\/\/promz.be\/fr\/wp-json\/wp\/v2\/product\/24773"}],"collection":[{"href":"https:\/\/promz.be\/fr\/wp-json\/wp\/v2\/product"}],"about":[{"href":"https:\/\/promz.be\/fr\/wp-json\/wp\/v2\/types\/product"}],"replies":[{"embeddable":true,"href":"https:\/\/promz.be\/fr\/wp-json\/wp\/v2\/comments?post=24773"}],"wp:featuredmedia":[{"embeddable":true,"href":"https:\/\/promz.be\/fr\/wp-json\/wp\/v2\/media\/24696"}],"wp:attachment":[{"href":"https:\/\/promz.be\/fr\/wp-json\/wp\/v2\/media?parent=24773"}],"wp:term":[{"taxonomy":"product_cat","embeddable":true,"href":"https:\/\/promz.be\/fr\/wp-json\/wp\/v2\/product_cat?post=24773"},{"taxonomy":"product_tag","embeddable":true,"href":"https:\/\/promz.be\/fr\/wp-json\/wp\/v2\/product_tag?post=24773"}],"curies":[{"name":"wp","href":"https:\/\/api.w.org\/{rel}","templated":true}]}}