{"id":24774,"date":"2018-07-19T00:00:00","date_gmt":"2019-08-11T06:44:40","guid":{"rendered":"https:\/\/promz.be\/product\/grippies-personnalises\/"},"modified":"2020-10-22T12:14:40","modified_gmt":"2020-10-22T10:14:40","slug":"grippies-personnalises","status":"publish","type":"product","link":"https:\/\/promz.be\/fr\/product\/grippies-personnalises\/","title":{"rendered":"Grippies personnalis\u00e9s"},"content":{"rendered":"<p>Le Grippie est un gadget qui se colle \u00e0 l\u2019arri\u00e8re du t\u00e9l\u00e9phone. C\u2019est un gadget qui facilite le maintien du t\u00e9l\u00e9phone, de votre tablette ou tout autre appareil \u00e9lectronique. Ils peuvent se plier et se d\u00e9plier selon votre besoin. Lorsqu\u2019il est d\u00e9pli\u00e9, la prise en main est facilit\u00e9e et vous pouvez \u00e9galement vous en servir pour regarder un film de mani\u00e8re plus simple. Quand il est pli\u00e9, l\u2019avantage est que vous pouvez encore ranger votre t\u00e9l\u00e9phone dans la poche de votre jean ou de votre veste, car il ne prend pas de place. Les grippies made in Loopper, sont personnalisables. Nous disposons de deux coloris qui sont le blanc et le noir et la face sup\u00e9rieure est enti\u00e8rement consacr\u00e9e \u00e0 votre logo. Alors faites-vous plaisir ! Si vous offrez ce gadget \u00e0 votre entourage, vous pouvez \u00eatre s\u00fbr que votre marque sera pr\u00e9sente dans de nombreux endroits. Le t\u00e9l\u00e9phone \u00e9tant le meilleur ami de l\u2019Homme, le grippie le sera bient\u00f4t aussi.<\/p>\n","protected":false},"excerpt":{"rendered":"<p>Le Grippie est un gadget qui se colle \u00e0 l\u2019arri\u00e8re du t\u00e9l\u00e9phone. C\u2019est un gadget qui facilite le maintien du t\u00e9l\u00e9phone, de votre tablette ou tout autre appareil \u00e9lectronique. Ils peuvent se plier et se d\u00e9plier selon votre besoin. Lorsqu\u2019il est d\u00e9pli\u00e9, la prise en main est facilit\u00e9e et vous pouvez \u00e9galement vous en servir pour regarder un film de mani\u00e8re plus simple. Quand il est pli\u00e9, l\u2019avantage est que vous pouvez encore ranger votre t\u00e9l\u00e9phone dans la poche de votre jean ou de votre veste, car il ne prend pas de place. Les grippies made in Loopper, sont personnalisables. Nous disposons de deux coloris qui sont le blanc et le noir et la face sup\u00e9rieure est enti\u00e8rement consacr\u00e9e \u00e0 votre logo. Alors faites-vous plaisir ! Si vous offrez ce gadget \u00e0 votre entourage, vous pouvez \u00eatre s\u00fbr que votre marque sera pr\u00e9sente dans de nombreux endroits. Le t\u00e9l\u00e9phone \u00e9tant le meilleur ami de l\u2019Homme, le grippie le sera bient\u00f4t aussi. [&#8230;]<\/p>\n<p><a class=\"btn btn-secondary understrap-read-more-link\" href=\"https:\/\/promz.be\/fr\/product\/grippies-personnalises\/\">Lire la suite&#8230;<\/a><\/p>\n","protected":false},"featured_media":24699,"comment_status":"closed","ping_status":"open","template":"","meta":[],"product_cat":[1026,956],"product_tag":[],"_links":{"self":[{"href":"https:\/\/promz.be\/fr\/wp-json\/wp\/v2\/product\/24774"}],"collection":[{"href":"https:\/\/promz.be\/fr\/wp-json\/wp\/v2\/product"}],"about":[{"href":"https:\/\/promz.be\/fr\/wp-json\/wp\/v2\/types\/product"}],"replies":[{"embeddable":true,"href":"https:\/\/promz.be\/fr\/wp-json\/wp\/v2\/comments?post=24774"}],"wp:featuredmedia":[{"embeddable":true,"href":"https:\/\/promz.be\/fr\/wp-json\/wp\/v2\/media\/24699"}],"wp:attachment":[{"href":"https:\/\/promz.be\/fr\/wp-json\/wp\/v2\/media?parent=24774"}],"wp:term":[{"taxonomy":"product_cat","embeddable":true,"href":"https:\/\/promz.be\/fr\/wp-json\/wp\/v2\/product_cat?post=24774"},{"taxonomy":"product_tag","embeddable":true,"href":"https:\/\/promz.be\/fr\/wp-json\/wp\/v2\/product_tag?post=24774"}],"curies":[{"name":"wp","href":"https:\/\/api.w.org\/{rel}","templated":true}]}}